{"id":490,"date":"2015-05-25T03:47:23","date_gmt":"2015-05-25T03:47:23","guid":{"rendered":"http:\/\/centrohispanomarista.org\/wp\/?page_id=490"},"modified":"2022-01-19T22:05:49","modified_gmt":"2022-01-20T03:05:49","slug":"recursos","status":"publish","type":"page","link":"https:\/\/centrohispanomarista.org\/es\/recursos\/","title":{"rendered":"Recursos"},"content":{"rendered":"<div  class='flex_column av-1irafe-6d08f8225dc47530bb0edb41f2f8926c av_one_full  avia-builder-el-0  avia-builder-el-no-sibling  first flex_column_div  '     ><p><section  class='av_textblock_section av-1dkchm-104dd9b5a4736d4f456b1d6ca9d0312e '   itemscope=\"itemscope\" itemtype=\"https:\/\/schema.org\/CreativeWork\" ><div class='avia_textblock'  itemprop=\"text\" ><p>Por favor, lee\u00a0todos nuestros recursos y usa los que te sirvan, sobre todo en el verano y el invierno. Te ayudar\u00e1n a estar mejor preparado para el siguiente semestre.<\/p>\n<p><span style=\"color: #ff0000;\">Revisa esta p\u00e1gina peri\u00f3dicamente. Pondremos m\u00e1s recursos conforme los vayamos obteniendo.<\/span><\/p>\n<\/div><\/section><br \/>\n<div  class='togglecontainer av-jvq33k7b-12e861f6030674c94dc3a7e12bc59021  avia-builder-el-2  el_after_av_textblock  avia-builder-el-last ' >\n<section class='av_toggle_section av-8ar0a-b8939e0351328974cfc24846bb19fb86'  itemscope=\"itemscope\" itemtype=\"https:\/\/schema.org\/CreativeWork\" ><div role=\"tablist\" class=\"single_toggle\" data-tags=\"{Todo} \"  ><p data-fake-id='#toggle-id-1' class='toggler   '  itemprop=\"headline\"  role='tab' tabindex='0' aria-controls='toggle-id-1'>MECANOGRAF\u00cdA Y TECLEADO<span class=\"toggle_icon\"><span class=\"vert_icon\"><\/span><span class=\"hor_icon\"><\/span><\/span><\/p><div id='toggle-id-1' class='toggle_wrap  '  ><div class='toggle_content invers-color '  itemprop=\"text\" ><ul>\n<li><a href=\"http:\/\/www.typingtest.com\" target=\"_blank\" rel=\"noopener\">Typing Test<\/a>. Prueba para ver que tan r\u00e1pido tecleas. Quieres estar en un buen nivel.\u00a0Un programa (hay que descargarlo en la computadora) para aprender a teclear con lecciones y pruebas.<\/li>\n<li><span style=\"font-family: arial, helvetica, sans-serif;\"><a href=\"https:\/\/www.typingclub.com\/mecanografia\">Typing club<\/a>. Esta p\u00e1gina ofrece lecciones gratis para aprender el teclado y practicar.<\/span><\/li>\n<li><span style=\"font-family: arial, helvetica, sans-serif;\"><a href=\"https:\/\/www.cursomeca.com\/test.php\">CursoMeca<\/a> ofrece tests de velocidad de tecleado as\u00ed como clases gratis. <\/span><\/li>\n<li><a href=\"https:\/\/www.artypist.com\/es\/curso-mecanografia\/practicar\/1\/2\">ARTypist<\/a> ense\u00f1a a posici\u00f3n correcta de las manos y clases para practicar.<\/li>\n<\/ul>\n<\/div><\/div><\/div><\/section>\n<section class='av_toggle_section av-14t0my-08dcf20576b65d824247ce0c3779d658'  itemscope=\"itemscope\" itemtype=\"https:\/\/schema.org\/CreativeWork\" ><div role=\"tablist\" class=\"single_toggle\" data-tags=\"{Todo} \"  ><p data-fake-id='#toggle-id-2' class='toggler   '  itemprop=\"headline\"  role='tab' tabindex='0' aria-controls='toggle-id-2'>ESPA\u00d1OL - COMPRENSI\u00d3N DE LECTURA Y ESCRITURA<span class=\"toggle_icon\"><span class=\"vert_icon\"><\/span><span class=\"hor_icon\"><\/span><\/span><\/p><div id='toggle-id-2' class='toggle_wrap  '  ><div class='toggle_content invers-color '  itemprop=\"text\" ><ul>\n<li>Para poner acentos en tu respuesta extendida en el examen, revisa\u00a0<a href=\"http:\/\/centrohispanomarista.org\/wp\/wp-content\/uploads\/2015\/05\/Acentos-GED-en-RLA.pdf\">Acentos GED<\/a>.<\/li>\n<li>La p\u00e1gina <a href=\"http:\/\/www.lenguaensecundaria.com\/joomla\/index.php?option=com_content&amp;task=blogcategory&amp;id=36&amp;Itemid=156\">Lengua Secundaria<\/a>contiene series de lecturas, actividades, ejercicios, crucigramas, etc., en \u00e1reas de ortograf\u00eda, gram\u00e1tica, lectura, y escritura. Cada categor\u00eda contiene un archivo (zip) que puede imprimirse y usarse en clase. Est\u00e1n dise\u00f1ados para estudiantes espa\u00f1oles de nivel preparatoria, pero igual pueden ser muy \u00fatiles en nuestra clase de espa\u00f1ol.<\/li>\n<li><a href=\"https:\/\/www.spanishged365.com\">Spanish GED\u00a0365<\/a>\u00a0es un excelente rescurso para todas las materias en espa\u00f1ol. Tiene informaci\u00f3n de contentido y examenes prueba.<\/li>\n<\/ul>\n<ul>\n<li><a href=\"http:\/\/albalearning.com\/\">Alba Learnin<\/a>g\u00a0es un gran recurso. Provee historietas cortas, poemas, y ensayos de autores reconocidos, aunque tambi\u00e9n de autores an\u00f3nimos. Las lecturas est\u00e1n organizadas por autor, categor\u00eda, y tema. Las lecturas pueden imprimirse y ser usadas en clase o de tarea.\u00a0En la parte superior, pueden encontrar un campo llamado \u00abIdiomas\u00bb en donde pueden seleccionar noticias en espa\u00f1ol y ejercicios de vocabulario con opci\u00f3n de calificaci\u00f3n instant\u00e1nea para practicar.<\/li>\n<\/ul>\n<ul>\n<li>Lecturas y cuentos cortos: Ve hasta abajo de las p\u00e1ginas anteriores y encontrar\u00e1s historias cortas y sencillas para practicar, particularmente, comparaci\u00f3n y contraste y comprensi\u00f3n de lectura.<\/li>\n<\/ul>\n<p style=\"padding-left: 60px;\"><a href=\"http:\/\/www.encuentos.com\/leer\/cuentos-cortos-para-jovenes\/\">http:\/\/www.encuentos.com\/leer\/cuentos-cortos-para-jovenes\/<\/a><\/p>\n<p style=\"padding-left: 60px;\"><a href=\"http:\/\/www.encuentos.com\/infantiles\/cuentos-cortos\/cuentos-para-adolescentes\/\">http:\/\/www.encuentos.com\/infantiles\/cuentos-cortos\/cuentos-para-adolescentes\/<\/a><\/p>\n<p style=\"padding-left: 60px;\"><a href=\"http:\/\/www.encuentos.com\/cuentos-cortos\/el-pan-y-el-reloj\/\">http:\/\/www.encuentos.com\/cuentos-cortos\/el-pan-y-el-reloj\/<\/a><\/p>\n<ul>\n<li>Si tienen chicos peque\u00f1os en casa, esta <a href=\"http:\/\/www.aplicaciones.info\/lectura\/lectura.htm\">p\u00e1gina de aplicaciones <\/a>contiene historias cortas para lectores menores con pruebas interactivas. Pueden usar este recurso para practicar lectura y discutir los elementos de comprensi\u00f3n de lectura con sus hijos en casa. Aprendizaje en familia los beneficia a todos.<\/li>\n<\/ul>\n<ul>\n<li>Esta p\u00e1gina de <a href=\"http:\/\/www.ciudadseva.com\/bdcs\/bdcs.htm\">Ciudad se va<\/a> contiene pr\u00e1ctica para ortograf\u00eda, preguntas, juegos y explicaciones.\u00a0Esta p\u00e1gina provee una colecci\u00f3n de historias cortas, poemas, y obras teatrales en espa\u00f1ol organizadas por autor.\u00a0Por ejemplo, se pueden encontrar obras de Gabriel Garc\u00eda M\u00e1rquez:\u00a0<a href=\"http:\/\/www.ciudadseva.com\/textos\/cuentos\/esp\/ggm\/ggm.htm\">http:\/\/www.ciudadseva.com\/textos\/cuentos\/esp\/ggm\/ggm.htm<\/a><\/li>\n<\/ul>\n<ul>\n<li><a href=\"http:\/\/www.terapiapsico-corporal.com\/2013\/04\/cuentos-breves-orientales-sabiduria-terapia-sufis-zen.html\">Este enlace<\/a> contiene historias cortas con enlaces para encontrar m\u00e1s lecturas o informaci\u00f3n de los temas que cubre.<\/li>\n<\/ul>\n<ul>\n<li><a href=\"http:\/\/guialiteraria.blogspot.com\/2013\/08\/cuentos-gabriel-garcia-marquez-online.html\">M\u00e1s historietas<\/a> cortas del maestro Gabriel Garc\u00eda M\u00e1rquez.<\/li>\n<\/ul>\n<ul>\n<li><a href=\"http:\/\/lecturasindispensables.blogspot.com\/2012\/12\/10-cuentos-de-juan-rulfo.html\">Esta p\u00e1gina<\/a> contiene obras de Juan Rulfo.<\/li>\n<\/ul>\n<ul>\n<li><a href=\"http:\/\/elcuentodesdemexico.com.mx\/que-es-y-para-que\">Esta p\u00e1gina<\/a> tiene una colecci\u00f3n\u00a0extensiva\u00a0de obras de autores mexicanos, incluyendo historietas, poemas, ensayos y m\u00e1s.<\/li>\n<\/ul>\n<ul>\n<li><a href=\"http:\/\/elcuentodesdemexico.com.mx\/que-es-y-para-que\">Este enlace <\/a>contiene art\u00edculos publicados por la revista de la Universidad\u00a0de M\u00e9xico.<\/li>\n<\/ul>\n<ul>\n<li><a href=\"http:\/\/www.cuentosinfin.com\/\">Esta es una colecci\u00f3n de historietas<\/a>, poemas, ensayos, y obras de autores latinoamericanos y espa\u00f1oles. La b\u00fasqueda se hace por nombre de autor.<\/li>\n<\/ul>\n<ul>\n<li><a href=\"http:\/\/www.spanishged365.com\/\">Otro recurso<\/a> para Espa\u00f1ol GED.<\/li>\n<\/ul>\n<\/div><\/div><\/div><\/section>\n<section class='av_toggle_section av-yv0xm-c69d7cfa69bd31513273a5352e6c69a6'  itemscope=\"itemscope\" itemtype=\"https:\/\/schema.org\/CreativeWork\" ><div role=\"tablist\" class=\"single_toggle\" data-tags=\"{Todo} \"  ><p data-fake-id='#toggle-id-3' class='toggler   '  itemprop=\"headline\"  role='tab' tabindex='0' aria-controls='toggle-id-3'>ESTUDIOS SOCIALES<span class=\"toggle_icon\"><span class=\"vert_icon\"><\/span><span class=\"hor_icon\"><\/span><\/span><\/p><div id='toggle-id-3' class='toggle_wrap  '  ><div class='toggle_content invers-color '  itemprop=\"text\" ><ul>\n<li style=\"list-style-type: none;\">\n<ul>\n<li>Para poner acentos en tu respuesta extendida en el examen de estudios sociales, revisa\u00a0<a href=\"http:\/\/centrohispanomarista.org\/wp\/wp-content\/uploads\/2015\/05\/Acentos-GED-en-RLA.pdf\">Acentos GED<\/a>.<\/li>\n<\/ul>\n<\/li>\n<\/ul>\n<ul>\n<li style=\"list-style-type: none;\">\n<ul>\n<li><a href=\"mailto:https:\/\/es.khanacademy.org\">Khan Academy en espa\u00f1ol<\/a>. Tiene muchos recursos muy \u00fatiles y en espa\u00f1ol para prepararte para el GED\u00ae. Tienes que registrarte para tener acceso a todos los videos, pero los recursos son gratis. Para la parte de Estudios Sociales, busca Artes y Humanidades, Historia.<\/li>\n<\/ul>\n<\/li>\n<\/ul>\n<ul>\n<li style=\"list-style-type: none;\">\n<ul>\n<li><a href=\"http:\/\/www.spanishged365.com\/sociales\">Spanglished365 <\/a>es un excelente recurso para aprender de Estudios Sociales. Esta p\u00e1gina tiene un men\u00fa a la izquierda con mucha informaci\u00f3n y contenido importante para tu examen.<\/li>\n<\/ul>\n<\/li>\n<\/ul>\n<ul>\n<li style=\"list-style-type: none;\">\n<ul>\n<li>The <a href=\"http:\/\/www.onlinenewspapers.com\/spain.htm\">Online Newspapers<\/a>provee peri\u00f3dicos hist\u00f3ricos en espa\u00f1ol en l\u00ednea. La mayor\u00eda est\u00e1n en espa\u00f1ol.<\/li>\n<\/ul>\n<\/li>\n<\/ul>\n<ul>\n<li style=\"list-style-type: none;\">\n<ul>\n<li>The\u00a0<a href=\"http:\/\/lanic.utexas.edu\/la\/region\/news\/\">Latin American Network Information Center<\/a> provee peri\u00f3dicos hist\u00f3ricos en espa\u00f1ol y en ingl\u00e9s en l\u00ednea de Estados Unidos y Latinoam\u00e9rica.<\/li>\n<\/ul>\n<\/li>\n<\/ul>\n<ul>\n<li style=\"list-style-type: none;\">\n<ul>\n<li><a href=\"http:\/\/www.d-maps.com\/\">D-maps\u00a0website<\/a> ofrece mapas relacionados con estudios sociales que puedes imprimir.<\/li>\n<\/ul>\n<\/li>\n<\/ul>\n<ul>\n<li style=\"list-style-type: none;\">\n<ul>\n<li><a href=\"http:\/\/litlink.ket.org\/learning_plan_ged.aspl\">Literacy Link<\/a>:\u00a0\u00a0ofrece recursos para estudiantes y maestros, incluyendo informaci\u00f3n para la prueba GED 2014 de Estudios Sociales, Espa\u00f1ol, Ciencias y Matem\u00e1ticas. La p\u00e1gina tambi\u00e9n incluye m\u00f3dulos de aprendizaje y ex\u00e1menes. Para usar esta p\u00e1gina, debes registrarte y crear una cuenta pero los recursos son gratis. Reg\u00edstrate con la cuenta para estudiantes para mayor provecho.<\/li>\n<\/ul>\n<\/li>\n<\/ul>\n<ul>\n<li style=\"list-style-type: none;\">\n<ul>\n<li><a href=\"http:\/\/scoreboost.newreaderspress.com\/login\/index.php\">Score Boost website<\/a>\u00a0tiene m\u00f3dulos, actividades y examines de muestra para los m\u00f3dulos del GED\u00ae. Incluye explicaciones y correcciones autom\u00e1ticas para los ex\u00e1menes.<\/li>\n<\/ul>\n<\/li>\n<\/ul>\n<\/div><\/div><\/div><\/section>\n<section class='av_toggle_section av-6kdmy-552330b9dbabbd0259a20f6b11a53868'  itemscope=\"itemscope\" itemtype=\"https:\/\/schema.org\/CreativeWork\" ><div role=\"tablist\" class=\"single_toggle\" data-tags=\"{Todo} \"  ><p data-fake-id='#toggle-id-4' class='toggler   '  itemprop=\"headline\"  role='tab' tabindex='0' aria-controls='toggle-id-4'>MATEM\u00c1TICAS<span class=\"toggle_icon\"><span class=\"vert_icon\"><\/span><span class=\"hor_icon\"><\/span><\/span><\/p><div id='toggle-id-4' class='toggle_wrap  '  ><div class='toggle_content invers-color '  itemprop=\"text\" ><ul>\n<li><a href=\"https:\/\/es.khanacademy.org\">Khan Academy en espa\u00f1ol<\/a>. Tiene muchos recursos muy \u00fatiles y en espa\u00f1ol para prepararte para el GED\u00ae. Tienes que registrarte para tener acceso a todos los videos, pero los recursos son gratis. Para la parte de Matem\u00e1ticas, busca Matem\u00e1ticas y encontraras muchos recursos por nivel acad\u00e9mico y por tema.<\/li>\n<\/ul>\n<p style=\"padding-left: 30px;\">Visita <a href=\"https:\/\/www.youtube.com\/channel\/UCgbaQragOgJ1NGig98AiXGg\/playlists\">nuestro canal de YouTube<\/a>: tenemos varias listas de videos para matem\u00e1ticas (pr\u00f3ximamente ciencias y sociales)<\/p>\n<p style=\"padding-left: 30px;\"><a href=\"https:\/\/youtu.be\/TfV9uVupmkY\" target=\"_blank\" rel=\"noopener\">Oprime aqu\u00ed par instrucciones de c\u00f3mo\u00a0usar la calculadora en pantalla el examen GED<\/a>: Es importante que sepas que hay una secci\u00f3n en la que puedes usar la calculadora y\u00a0puedes llevar y usar tu calculadora<strong>\u00a0TI-30XS (calculadora oficial).<\/strong>\u00a0Te recomendamos que la compres cuanto antes para que la uses y te familiarizes con ella.<\/p>\n<p style=\"padding-left: 30px;\"><a href=\"https:\/\/www.spanishged365.com\">Spanish GED\u00a0365<\/a>\u00a0es un excelente rescurso para todas las materias en espa\u00f1ol. Tiene informaci\u00f3n de contentido y examenes prueba.<\/p>\n<p style=\"padding-left: 30px;\"><a href=\"http:\/\/www.estoy-aprendiendo.com\/Math.html\">Estoy Aprendiendo<\/a>:\u00a0\u00a0ofrece recursos para estudiantes incluyendo explicaciones por tema y ejercicios para cada tema.<\/p>\n<p style=\"padding-left: 30px;\"><a href=\"http:\/\/scoreboost.newreaderspress.com\/login\/index.php\">Score Boost website<\/a>\u00a0tiene m\u00f3dulos, actividades y examines de muestra para los m\u00f3dulos del GED\u00ae. Incluye explicaciones y correcciones autom\u00e1ticas para los ex\u00e1menes.<\/p>\n<\/div><\/div><\/div><\/section>\n<section class='av_toggle_section av-mevg2-37f20b4035a851f3b9b8f6da1f0ae724'  itemscope=\"itemscope\" itemtype=\"https:\/\/schema.org\/CreativeWork\" ><div role=\"tablist\" class=\"single_toggle\" data-tags=\"{Todo} \"  ><p data-fake-id='#toggle-id-5' class='toggler   '  itemprop=\"headline\"  role='tab' tabindex='0' aria-controls='toggle-id-5'>CIENCIAS<span class=\"toggle_icon\"><span class=\"vert_icon\"><\/span><span class=\"hor_icon\"><\/span><\/span><\/p><div id='toggle-id-5' class='toggle_wrap  '  ><div class='toggle_content invers-color '  itemprop=\"text\" ><ul>\n<li>Para poner acentos en tu respuesta extendida, revisa\u00a0<a href=\"http:\/\/centrohispanomarista.org\/wp\/wp-content\/uploads\/2015\/05\/Acentos-GED-en-RLA.pdf\">Acentos GED<\/a>.<\/li>\n<\/ul>\n<ul>\n<li style=\"list-style-type: none;\">\n<ul>\n<li><a href=\"https:\/\/es.khanacademy.org\">Khan Academy en espa\u00f1ol<\/a>\u00a0tiene muchos recursos muy \u00fatiles y en espa\u00f1ol para prepararte para el GED\u00ae. Tienes que registrarte para tener acceso a todos los videos, pero los recursos son gratis. Para la parte de Ciencias, busca Ciencia y encontraras los submen\u00fas de Biolog\u00eda, Qu\u00edmica y F\u00edsica.<\/li>\n<li><a href=\"https:\/\/www.spanishged365.com\">Spanish GED\u00a0365<\/a>\u00a0es un excelente rescurso para todas las materias en espa\u00f1ol. Tiene informaci\u00f3n de contentido y examenes prueba.<\/li>\n<\/ul>\n<\/li>\n<\/ul>\n<ul>\n<li style=\"list-style-type: none;\">\n<ul>\n<li><a href=\"http:\/\/litlink.ket.org\/learning_plan_ged.aspl\">Literacy Link<\/a>: ofrece recursos para estudiantes y maestros, incluyendo informaci\u00f3n para la prueba GED 2014 de Estudios Sociales, Espa\u00f1ol, Ciencias y Matem\u00e1ticas. La p\u00e1gina tambi\u00e9n incluye m\u00f3dulos de aprendizaje y ex\u00e1menes. Para usar esta p\u00e1gina, debes registrarte y crear una cuenta pero los recursos son gratis. Reg\u00edstrate con la cuenta para estudiantes para mayor provecho.<\/li>\n<\/ul>\n<\/li>\n<\/ul>\n<ul>\n<li style=\"list-style-type: none;\">\n<ul>\n<li><a href=\"http:\/\/scoreboost.newreaderspress.com\/login\/index.php\">Score Boost website<\/a>\u00a0tiene m\u00f3dulos, actividades y examines de muestra para los m\u00f3dulos del GED\u00ae. Incluye explicaciones y correcciones autom\u00e1ticas para los ex\u00e1menes.<\/li>\n<\/ul>\n<\/li>\n<\/ul>\n<\/div><\/div><\/div><\/section>\n<section class='av_toggle_section av-av_toggle-52f5fd727ff0fe1c2f6f217b03878d8f'  itemscope=\"itemscope\" itemtype=\"https:\/\/schema.org\/CreativeWork\" ><div role=\"tablist\" class=\"single_toggle\" data-tags=\"{Todo} \"  ><p data-fake-id='#toggle-id-6' class='toggler   '  itemprop=\"headline\"  role='tab' tabindex='0' aria-controls='toggle-id-6'>CLASSES DE ESL<span class=\"toggle_icon\"><span class=\"vert_icon\"><\/span><span class=\"hor_icon\"><\/span><\/span><\/p><div id='toggle-id-6' class='toggle_wrap  '  ><div class='toggle_content invers-color '  itemprop=\"text\" ><p>Centro Hispano Marista <strong>no ofrece <\/strong>clases de ingl\u00e9s como segundo idioma, solamente de GED en ingles o espa\u00f1ol.<\/p>\n<p>Te recomendamos los siguientes programas:<\/p>\n<h2><strong>LaAmistad<\/strong><\/h2>\n<p><a href=\"https:\/\/www.laamistadinc.org\/Forms\/ESLRegistrationForm\">Inscripciones abiertas<\/a><\/p>\n<p>Ubicaciones:<\/p>\n<p><strong><em>Shallowford Presbyterian Church<\/em><\/strong><\/p>\n<p><strong><em>2375 Shallowford Rd. NE, Atlanta, GA 30345<\/em><\/strong><\/p>\n<p><strong><em>Contacto: 678-752-1144<\/em><\/strong><\/p>\n<p>Horario de clase: Martes 7:00 pm &#8211; 9:30 pm<\/p>\n<p>Inscripci\u00f3n en persona:\u00a0 Martes 15 de enero de 7 pm- 9 pm<\/p>\n<p><strong><em>\u00a0<\/em><\/strong><\/p>\n<p><strong><em>Holy Innocents\u2019 Episcopal Church<\/em><\/strong><\/p>\n<p><strong><em>805 Mount Vernon Hwy NW, Atlanta, GA 30327<\/em><\/strong><\/p>\n<p><strong><em>Contacto: 678-752-1144<\/em><\/strong><\/p>\n<p>Horario de clase: S\u00e1bados 9:00 am &#8211; 12:00 pm<\/p>\n<p>Horario de clase: Jueves 7:00 pm- 9:30 pm<\/p>\n<p>Inscripci\u00f3n en persona:\u00a0 Jueves 17 de enero de 7 pm- 9 pm<\/p>\n<p><strong><em>Mission Village<\/em><\/strong><\/p>\n<p><strong><em>120 Northwood Drive, Sandy Springs, GA 30342<\/em><\/strong><\/p>\n<p><strong><em>Contact:\u00a0<\/em><\/strong><strong>678-752-1144<\/strong><\/p>\n<p>Horario de clase: Lunes 10:00 am- 1:00 pm<\/p>\n<p>Inscripci\u00f3n en persona:\u00a0 Lunes14 de enero de 10 am- 11:30 am<\/p>\n<p><strong><em>Trinity Anglican Church<\/em><\/strong><\/p>\n<p><strong><em>2270 Defoor Hills Road, Atlanta, GA 30318<\/em><\/strong><\/p>\n<p><strong><em>Contacto: <\/em><\/strong><strong>404-802-7076 <\/strong><\/p>\n<p>Horario de clase: Mi\u00e9rcoles 7:00 pm &#8211; 9:30 pm<\/p>\n<p>Inscripci\u00f3n en persona:\u00a0 Mi\u00e9rcoles 16 de enero de 7 pm- 9 pm<\/p>\n<p><strong><em>YELLS Community Action Caf\u00e9<\/em><\/strong><\/p>\n<p><strong><em>779 Franklin Gateway, Marietta, GA 30067<\/em><\/strong><\/p>\n<p><strong><em>Contacto: 678-752-1144<\/em><\/strong><\/p>\n<p>Horario de clase: Lunes &amp; Mi\u00e9rcoles 7:00 pm &#8211; 8:30 pm<\/p>\n<p>Horario de clase: S\u00e1bados 9:00 am &#8211; 12:00 pm<\/p>\n<p>Inscripci\u00f3n en persona:\u00a0 Lunes 14 de enero de 7 pm- 9 pm<\/p>\n<p><em>\u00a0<\/em><\/p>\n<p><strong><em>South Cobb Recreation Center<\/em><\/strong><\/p>\n<p><strong><em>875 Six Flags Dr. Austell, GA 30168<\/em><\/strong><\/p>\n<p><strong><em>Contacto: 770-572-0928<\/em><\/strong><\/p>\n<p>Horario de clase: Mi\u00e9rcoles 9:30 am- 12:30 pm<\/p>\n<p>Inscripci\u00f3n en persona:\u00a0 Mi\u00e9rcoles 15 de enero de 10 am \u2013 12 pm<\/p>\n<h2>Programa de ESL en Cobb<\/h2>\n<p>Gratuitas<\/p>\n<p>Contacto, <a href=\"julia.french@cobbk12.org\">Ms. Julia French<\/a> o <a href=\"Nilda.Luna@Cobbk12.org\">Ms. Nilda Luna<\/a><\/p>\n<p>1595 Hawthorne Avenue<\/p>\n<p>Smyrna, GA 30080<\/p>\n<p>678-594-8011 ext. 256<\/p>\n<h2>La Asociaci\u00f3n Latinoamericana<\/h2>\n<p><a href=\"https:\/\/thelaa.org\/esp\/clases-de-ingles\/\">Clases de Ingl\u00e9s en varios niveles<\/a><\/p>\n<h4><\/h4>\n<h2>Catholic Charities of Atlanta<\/h2>\n<p>Clases: <a href=\"https:\/\/catholiccharitiesatlanta.org\/es\/educational-services\/\" target=\"_blank\" rel=\"noopener\">Ingl\u00e9s y Civismo<\/a><\/p>\n<p>Gratuitas.<\/p>\n<h2>Literacy Action<\/h2>\n<h2>DeKalb County &#8211; Bibliotecas p\u00fablicas<\/h2>\n<div>Series:<a href=\"http:\/\/dekalblibrary.org\/events\/?series=12\" target=\"_blank\" rel=\"noopener\">English as a Second Language Classes<\/a><\/div>\n<div>Mayores de 18+<\/div>\n<div>\n<div>Gratuitos.<\/div>\n<div><\/div>\n<div>\n<ul>\n<li>Mondays, 10:30-12:00 p.m. Chamblee Library<\/li>\n<li>Mondays, 6:00-7:30 p.m. Toco Hill-Avis G. Williams Library<\/li>\n<li>Mondays, 6:30-8:00 p.m. Brookhaven Library<\/li>\n<li>Mondays, 6:00-7:30 p.m.\u00a0Dunwoody Library<\/li>\n<li>Mondays, 6:00-7:30 p.m. Clarkston Library<\/li>\n<li>Tuesdays, 6:30-8:00 p.m.\u00a0Dunwoody Library<\/li>\n<li>Tuesdays, 6:00-7:30 p.m. Decatur Library<\/li>\n<li>Wednesdays, 12:30-2:00 p.m. Decatur Library<\/li>\n<li>Saturdays, 10:00-11:30 a.m. Tucker-Reid H. Cofer Library<\/li>\n<li>Saturdays, Noon-1:30 p.m. Doraville Library<\/li>\n<\/ul>\n<\/div>\n<div><\/div>\n<\/div>\n<div><\/div>\n<div><\/div>\n<\/div><\/div><\/div><\/section>\n<section class='av_toggle_section av-8zodu-40e900a49f33e7a3c1fd4936bcca5007'  itemscope=\"itemscope\" itemtype=\"https:\/\/schema.org\/CreativeWork\" ><div role=\"tablist\" class=\"single_toggle\" data-tags=\"{Todo} \"  ><p data-fake-id='#toggle-id-7' class='toggler   '  itemprop=\"headline\"  role='tab' tabindex='0' aria-controls='toggle-id-7'>OTROS<span class=\"toggle_icon\"><span class=\"vert_icon\"><\/span><span class=\"hor_icon\"><\/span><\/span><\/p><div id='toggle-id-7' class='toggle_wrap  '  ><div class='toggle_content invers-color '  itemprop=\"text\" ><h4>ACENTOS EN EXAMEN DE GED<\/h4>\n<p>Para poner acentos en el examen, revisa:\u00a0<a href=\"http:\/\/centrohispanomarista.org\/wp\/wp-content\/uploads\/2015\/05\/Acentos-GED-en-RLA.pdf\">Acentos GED en RLA<\/a><\/p>\n<h4><strong>CLASES PARA EXAMEN DE NACIONALIDAD<\/strong><\/h4>\n<p>Clases y pr\u00e1cticas para la entrevista ser\u00e1n martes, mi\u00e9rcoles y jueves, de 6pm a 8pm. Gratis. Texto y material ser\u00e1 prove\u00eddo. Para mas informaci\u00f3n, \u00a0llama al 404-818-7323.<\/p>\n<p>Direcci\u00f3n: 246 Sycamore Street, Suite 110<br \/>\nDecatur, Georgia 30030<\/p>\n<h4><strong>CLASES DE CIVISMO<\/strong><\/h4>\n<p>Clases son lunes y mi\u00e9rcoles de\u00a0\u00a012:30 p.m.- 3:30 p.m.<br \/>\n\u2022\u00a0Gratis.<br \/>\n\u2022\u00a0Niveles para principantes e intermedios.<br \/>\n\u2022 Libros de texto y recursos ser\u00e1n proveidos.<\/p>\n<p>Para mas informaci\u00f3n, llama al 404-818-7323.<br \/>\nPara aprender m\u00e1s del proceso de naturalizaci\u00f3n y nacionalidad, visita U.S. Citizenship and Immigration Services at www.uscis.gov.<\/p>\n<p>Direcci\u00f3n:246 Sycamore Street, Suite 110<br \/>\nDecatur, Georgia 30030<\/p>\n<h4>OLA<\/h4>\n<ul>\n<li>Visita la <a href=\"http:\/\/www.olachurch.org\/latino-community\/\">Comunidad Latina de la Parroquia de Nuestra Se\u00f1ora de la Asunci\u00f3n (OLA)<\/a>.<\/li>\n<\/ul>\n<\/div><\/div><\/div><\/section>\n<\/div><\/p><\/div>\n","protected":false},"excerpt":{"rendered":"","protected":false},"author":1,"featured_media":0,"parent":0,"menu_order":0,"comment_status":"closed","ping_status":"closed","template":"","meta":{"footnotes":"","_links_to":"","_links_to_target":""},"class_list":["post-490","page","type-page","status-publish","hentry"],"_links":{"self":[{"href":"https:\/\/centrohispanomarista.org\/es\/wp-json\/wp\/v2\/pages\/490","targetHints":{"allow":["GET"]}}],"collection":[{"href":"https:\/\/centrohispanomarista.org\/es\/wp-json\/wp\/v2\/pages"}],"about":[{"href":"https:\/\/centrohispanomarista.org\/es\/wp-json\/wp\/v2\/types\/page"}],"author":[{"embeddable":true,"href":"https:\/\/centrohispanomarista.org\/es\/wp-json\/wp\/v2\/users\/1"}],"replies":[{"embeddable":true,"href":"https:\/\/centrohispanomarista.org\/es\/wp-json\/wp\/v2\/comments?post=490"}],"version-history":[{"count":45,"href":"https:\/\/centrohispanomarista.org\/es\/wp-json\/wp\/v2\/pages\/490\/revisions"}],"predecessor-version":[{"id":4442,"href":"https:\/\/centrohispanomarista.org\/es\/wp-json\/wp\/v2\/pages\/490\/revisions\/4442"}],"wp:attachment":[{"href":"https:\/\/centrohispanomarista.org\/es\/wp-json\/wp\/v2\/media?parent=490"}],"curies":[{"name":"wp","href":"https:\/\/api.w.org\/{rel}","templated":true}]}}