{"id":451,"date":"2015-05-25T01:26:23","date_gmt":"2015-05-25T01:26:23","guid":{"rendered":"http:\/\/centrohispanomarista.org\/wp\/?page_id=451"},"modified":"2017-03-20T20:06:27","modified_gmt":"2017-03-21T00:06:27","slug":"ged-espanol","status":"publish","type":"page","link":"https:\/\/centrohispanomarista.org\/es\/ged-espanol\/","title":{"rendered":"GED Espa\u00f1ol"},"content":{"rendered":"<div  class='flex_column av-av_one_full-2a9015ff38129c418a3f2eafba3e9512 av_one_full  avia-builder-el-0  el_before_av_one_half  avia-builder-el-first  first flex_column_div  '     ><style type=\"text\/css\" data-created_by=\"avia_inline_auto\" id=\"style-css-av-av_image-13d7081c72279879f250093aea445377\">\n.avia-image-container.av-av_image-13d7081c72279879f250093aea445377 img.avia_image{\nbox-shadow:none;\n}\n.avia-image-container.av-av_image-13d7081c72279879f250093aea445377 .av-image-caption-overlay-center{\ncolor:#ffffff;\n}\n<\/style>\n<div  class='avia-image-container av-av_image-13d7081c72279879f250093aea445377 av-styling- avia-align-center  avia-builder-el-1  avia-builder-el-no-sibling '   itemprop=\"image\" itemscope=\"itemscope\" itemtype=\"https:\/\/schema.org\/ImageObject\" ><div class=\"avia-image-container-inner\"><div class=\"avia-image-overlay-wrap\"><img decoding=\"async\" fetchpriority=\"high\" class='wp-image-2947 avia-img-lazy-loading-not-2947 avia_image ' src=\"https:\/\/centrohispanomarista.org\/wp\/wp-content\/uploads\/2015\/08\/CHM_20161209_Graduation_Press-9700-1500x1001.jpg\" alt='' title='chm_20161209_graduation_press-9700'  height=\"1001\" width=\"1500\"  itemprop=\"thumbnailUrl\" srcset=\"https:\/\/centrohispanomarista.org\/wp\/wp-content\/uploads\/2015\/08\/CHM_20161209_Graduation_Press-9700-1500x1001.jpg 1500w, https:\/\/centrohispanomarista.org\/wp\/wp-content\/uploads\/2015\/08\/CHM_20161209_Graduation_Press-9700-300x200.jpg 300w, https:\/\/centrohispanomarista.org\/wp\/wp-content\/uploads\/2015\/08\/CHM_20161209_Graduation_Press-9700-768x513.jpg 768w, https:\/\/centrohispanomarista.org\/wp\/wp-content\/uploads\/2015\/08\/CHM_20161209_Graduation_Press-9700-1030x688.jpg 1030w, https:\/\/centrohispanomarista.org\/wp\/wp-content\/uploads\/2015\/08\/CHM_20161209_Graduation_Press-9700-705x471.jpg 705w, https:\/\/centrohispanomarista.org\/wp\/wp-content\/uploads\/2015\/08\/CHM_20161209_Graduation_Press-9700-450x300.jpg 450w\" sizes=\"(max-width: 1500px) 100vw, 1500px\" \/><\/div><\/div><\/div><\/div><div  class='flex_column av-av_one_half-2a9015ff38129c418a3f2eafba3e9512 av_one_half  avia-builder-el-2  el_after_av_one_full  el_before_av_one_half  first flex_column_div  column-top-margin'     ><section  class='av_textblock_section av-av_textblock-0366cc7376be6c9e82a3e9cc8987b64f '   itemscope=\"itemscope\" itemtype=\"https:\/\/schema.org\/CreativeWork\" ><div class='avia_textblock'  itemprop=\"text\" ><p>Para m\u00e1s informaci\u00f3n, visita <a href=\"http:\/\/www.ged.com\" target=\"_blank\" rel=\"noopener\">www.GED.com.<\/a><\/p>\n<p>El examen GED\u00ae (Examen de Desarrollo General Educativo por sus siglas en ingl\u00e9s) es el conjunto de 4 ex\u00e1menes por materias: Lenguaje (redacci\u00f3n y comprensi\u00f3n), Estudios Sociales, Matem\u00e1ticas y Ciencias. Cuando un estudiante pasa las 4 materias, obtiene el certificado al equivalente a la escuela preparatoria reconocida en Estados Unidos y Canad\u00e1, y el \u00fanico certificado reconocido en los 50 estados y en el 95% de las universidades.<\/p>\n<p>Hubo un cambio significativo a la prueba GED\u00ae el pasado 2 de enero de 2014. El examen ahora se imparte por <a href=\"http:\/\/en.wikipedia.org\/wiki\/Pearson_VUE\">Pearson VUE<\/a>, y solo a trav\u00e9s de una plataforma por computadora. La nueva prueba GED\u00ae tiene que tomarse por computadora en un sitio oficial aprobado por la organizaci\u00f3n del GED\u00ae. Esto significa que los estudiantes deben estar familiarizados con las computadoras, con cuentas de correo electr\u00f3nico (email), y con teclear con buena rapidez.<\/p>\n<p>Para tomar el GED\u00ae, los estudiantes deben registrarse al portal del GED\u00ae en <a href=\"http:\/\/www.ged.com\" target=\"_blank\" rel=\"noopener\">www.GED.com.<\/a>. En el portal, los estudiantes pueden programar su prueba y hacer ex\u00e1menes de pr\u00e1ctica. En el Centro Hispano Marista, te preparamos para tomar una prueba de pr\u00e1ctica llamada GED Ready\u00ae, la cual es un buen indicador para saber si est\u00e1s listo para pasar el GED\u00ae oficial. Visita nuestra p\u00e1gina de <a href=\"http:\/\/centrohispanomarista.org\/preguntas-frequentes\/\">Preguntas M\u00e1s Frecuentes<\/a>.<\/p>\n<p>Las materias se pueden tomar separadamente. Si un estudiante pasa un m\u00f3dulo hoy, puede posteriormente tomar los que le falten. La calificaci\u00f3n var\u00eda entre 100 y 200, y hay un n\u00famero m\u00ednimo para pasar, dependiendo del m\u00f3dulo.<\/p>\n<p>Por favor, explore el portal de <a href=\"http:\/\/www.ged.com\" target=\"_blank\" rel=\"noopener\">www.GED.com.<\/a>. La mayor\u00eda de la informaci\u00f3n se encuentra tambi\u00e9n en espa\u00f1ol.<\/p>\n<\/div><\/section><\/div><\/p>\n\n<style type=\"text\/css\" data-created_by=\"avia_inline_auto\" id=\"style-css-av-av_one_half-0aa7055fe62c3622faec82866afbaeb2\">\n.flex_column.av-av_one_half-0aa7055fe62c3622faec82866afbaeb2{\nborder-radius:0px 0px 0px 0px;\npadding:0px 0px 0px 0px;\n}\n<\/style>\n<div  class='flex_column av-av_one_half-0aa7055fe62c3622faec82866afbaeb2 av_one_half  avia-builder-el-4  el_after_av_one_half  el_before_av_hr  flex_column_div av-zero-column-padding  column-top-margin'     ><div  class='avia-video av-av_video-59d4e7b1905ed0b0fab720e84e085d70 avia-video-16-9 av-no-preview-image avia-video-load-always av-lazyload-immediate av-lazyload-video-embed'  itemprop=\"video\" itemtype=\"https:\/\/schema.org\/VideoObject\"  data-original_url='https:\/\/youtu.be\/khYNhOSkmu0'><script type='text\/html' class='av-video-tmpl'><div class='avia-iframe-wrap'><iframe loading=\"lazy\" width=\"1333\" height=\"1000\" src=\"https:\/\/www.youtube.com\/embed\/khYNhOSkmu0?feature=oembed&autoplay=0&loop=0&controls=1&mute=0\" frameborder=\"0\" allowfullscreen><\/iframe><\/div><\/script><div class='av-click-to-play-overlay'><div class=\"avia_playpause_icon\"><\/div><\/div><\/div><\/div>\n\n<style type=\"text\/css\" data-created_by=\"avia_inline_auto\" id=\"style-css-av-av_hr-bd84104f09c397338597807ab31c6aca\">\n#top .hr.hr-invisible.av-av_hr-bd84104f09c397338597807ab31c6aca{\nheight:15px;\n}\n<\/style>\n<div  class='hr av-av_hr-bd84104f09c397338597807ab31c6aca hr-invisible  avia-builder-el-6  el_after_av_one_half  avia-builder-el-last '><span class='hr-inner '><span class=\"hr-inner-style\"><\/span><\/span><\/div>\n","protected":false},"excerpt":{"rendered":"","protected":false},"author":1,"featured_media":0,"parent":0,"menu_order":0,"comment_status":"open","ping_status":"closed","template":"","meta":{"footnotes":"","_links_to":"","_links_to_target":""},"class_list":["post-451","page","type-page","status-publish","hentry"],"_links":{"self":[{"href":"https:\/\/centrohispanomarista.org\/es\/wp-json\/wp\/v2\/pages\/451","targetHints":{"allow":["GET"]}}],"collection":[{"href":"https:\/\/centrohispanomarista.org\/es\/wp-json\/wp\/v2\/pages"}],"about":[{"href":"https:\/\/centrohispanomarista.org\/es\/wp-json\/wp\/v2\/types\/page"}],"author":[{"embeddable":true,"href":"https:\/\/centrohispanomarista.org\/es\/wp-json\/wp\/v2\/users\/1"}],"replies":[{"embeddable":true,"href":"https:\/\/centrohispanomarista.org\/es\/wp-json\/wp\/v2\/comments?post=451"}],"version-history":[{"count":6,"href":"https:\/\/centrohispanomarista.org\/es\/wp-json\/wp\/v2\/pages\/451\/revisions"}],"predecessor-version":[{"id":2205,"href":"https:\/\/centrohispanomarista.org\/es\/wp-json\/wp\/v2\/pages\/451\/revisions\/2205"}],"wp:attachment":[{"href":"https:\/\/centrohispanomarista.org\/es\/wp-json\/wp\/v2\/media?parent=451"}],"curies":[{"name":"wp","href":"https:\/\/api.w.org\/{rel}","templated":true}]}}