{"id":449,"date":"2015-05-25T01:25:40","date_gmt":"2015-05-25T01:25:40","guid":{"rendered":"http:\/\/centrohispanomarista.org\/wp\/?page_id=449"},"modified":"2019-11-09T17:54:35","modified_gmt":"2019-11-09T22:54:35","slug":"voluntarios","status":"publish","type":"page","link":"https:\/\/centrohispanomarista.org\/es\/voluntarios\/","title":{"rendered":"Voluntarios"},"content":{"rendered":"\n<style type=\"text\/css\" data-created_by=\"avia_inline_auto\" id=\"style-css-av-18gdrt-906e7f5b8343a9c9481cabb4204d95fc\">\n#top .hr.hr-invisible.av-18gdrt-906e7f5b8343a9c9481cabb4204d95fc{\nheight:15px;\n}\n<\/style>\n<div  class='hr av-18gdrt-906e7f5b8343a9c9481cabb4204d95fc hr-invisible  avia-builder-el-0  el_before_av_textblock  avia-builder-el-first '><span class='hr-inner '><span class=\"hr-inner-style\"><\/span><\/span><\/div>\n<section  class='av_textblock_section av-13c9op-70e4c64f44cfc10f4bca21f411ade5e8 '   itemscope=\"itemscope\" itemtype=\"https:\/\/schema.org\/CreativeWork\" ><div class='avia_textblock'  itemprop=\"text\" ><p>\u00bfQuieres ayudar a que familias j\u00f3venes alcancen sus sue\u00f1os?<\/p>\n<p>\u00a1Siempre ser\u00e1s bienvenido(a) a ser voluntario(a) en el Centro Hispano Marista!<\/p>\n<p>Ofrecemos clases de preparaci\u00f3n para el examen GED\u00ae cada martes de 7 a 9pm, de septiembre a mayo, en la Escuela Marista (Marist School). Ayudamos a personas a que reciban su certificado de equivalencia a la educaci\u00f3n preparatoria para capacitarlos a tomar mejores oportunidades para ellos y sus familias.<\/p>\n<p>El programa tiene un impacto tremendo en las vidas de los j\u00f3venes migrantes trabajadores. Por ejemplo, F\u00e1tima, una madre de 3 ni\u00f1os peque\u00f1os de los cuales su padre trabaja en 2 empleos, aplic\u00f3 a iniciativa de DACA. Este programa no solo le permite quedarse en el pa\u00eds legalmente con su familia y conseguir un mejor trabajo, pero tambi\u00e9n la convierte en un ejemplo a seguir en cuanto a la educaci\u00f3n para sus hijos.<\/p>\n<p>Por favor, vea el siguiente video con el mensaje de uno de nuestros instructores:<\/p>\n<div class='avia-iframe-wrap'><iframe loading=\"lazy\" title=\"Centro Hispano Marista\" width=\"1500\" height=\"844\" src=\"https:\/\/www.youtube.com\/embed\/d5vj9UY4VMc?feature=oembed\" frameborder=\"0\" allow=\"accelerometer; autoplay; encrypted-media; gyroscope; picture-in-picture\" allowfullscreen><\/iframe><\/div>\n<\/div><\/section>\n<div  class='togglecontainer av-jzyhikwq-eea9005fa036e2ccad3fcdbca5f19df3  avia-builder-el-2  el_after_av_textblock  el_before_av_hr ' >\n<section class='av_toggle_section av-3f6rd-13e553b9d9e9ca9398e9b472ceb4b59e'  itemscope=\"itemscope\" itemtype=\"https:\/\/schema.org\/CreativeWork\" ><div role=\"tablist\" class=\"single_toggle\" data-tags=\"{Todo} \"  ><p data-fake-id='#toggle-id-1' class='toggler  activeTitle '  itemprop=\"headline\"  role='tab' tabindex='0' aria-controls='toggle-id-1'>MAESTROS VOLUNTARIOS<span class=\"toggle_icon\"><span class=\"vert_icon\"><\/span><span class=\"hor_icon\"><\/span><\/span><\/p><div id='toggle-id-1' class='toggle_wrap  active_tc' style='display:block;' ><div class='toggle_content invers-color '  itemprop=\"text\" ><p>Talentosos y dedicados voluntarios ense\u00f1an nuestras clases de GED\u00ae. Esto nos permite ofrecer una colegiatura econ\u00f3mica y alcanzar a m\u00e1s estudiantes potenciales. Alrededor de 400 estudiantes se inscriben cada a\u00f1o. La demanda de educaci\u00f3n de nuestros estudiantes sigue creciendo. Tenemos m\u00e1s estudiantes que aspiran a educaci\u00f3n que maestros disponibles.<\/p>\n<p>Si est\u00e1s interesado(a) en servir a nuestra comunidad hispana y tienes una pasi\u00f3n por la educaci\u00f3n, por favor considera convertirte en maestro voluntario del Centro Hispano Marista. Proveemos un entorno educacional para profesionales con carreras y postgrados quienes les gustar\u00eda ense\u00f1ar o sustituir a maestros para nuestras clases de GED\u00ae. Siempre estamos en necesidad de profesionales cuya lengua materna sea espa\u00f1ol y que puedan ense\u00f1ar espa\u00f1ol, estudios sociales, matem\u00e1ticas y ciencias. Tambi\u00e9n tenemos oportunidades para impartir las clases en ingl\u00e9s.<\/p>\n<p>Tendremos sesiones para nuestro maestros empezando en agosto y septiembre, pero aceptamos maestros y substitutos todo el a\u00f1o. Si est\u00e1s interesado(a), por favor cont\u00e1ctanos a <a href=\"mailto:ged@marist.com\">gedvolunteers@marist.com<\/a> o al (770) 742-9090. Te enviaremos m\u00e1s informaci\u00f3n. Gracias por considerar el compartir tu talento y tu tiempo para ayudar a nuestros estudiantes alcanzar sus metas.<\/p>\n<\/div><\/div><\/div><\/section>\n<section class='av_toggle_section av-2kvpl-6b9fcb8edf7bbb17c675007e2075f2c1'  itemscope=\"itemscope\" itemtype=\"https:\/\/schema.org\/CreativeWork\" ><div role=\"tablist\" class=\"single_toggle\" data-tags=\"{Todo} \"  ><p data-fake-id='#toggle-id-2' class='toggler   '  itemprop=\"headline\"  role='tab' tabindex='0' aria-controls='toggle-id-2'>ESTUDIANTES VOLUNTARIOS DE PREPARATORIA<span class=\"toggle_icon\"><span class=\"vert_icon\"><\/span><span class=\"hor_icon\"><\/span><\/span><\/p><div id='toggle-id-2' class='toggle_wrap  '  ><div class='toggle_content invers-color '  itemprop=\"text\" ><p>Invitamos a estudiantes de preparatoria a ayudar en una variedad de actividades, incluyendo dando tutor\u00edas (hablar espa\u00f1ol es preferible), administraci\u00f3n, y soporte semanal para nuestros profesores. Cuando estudiantes ayudan a estudiantes, hay una gran oportunidad de aprendizaje para ambos. Muchos estudiantes de la Escuela Marista han servido con gran \u00e1nimo y actitud a nuestros estudiantes del Centro Hispano Marista.<\/p>\n<p>Jack, un estudiante en su \u00faltimo a\u00f1o de preparatoria de la Escuela Marista, describe su experiencia en el Centro Hispano Marista: \u201cEl programa de GED me ha ayudado, no solo a mejorar mi perspectiva en cuanto a justicia social, pero tambi\u00e9n a apreciar m\u00e1s lo que este pa\u00eds ofrece y lo que se me ha dado en mi vida. Cada martes, cuando soy voluntario, soy testigo del arduo trabajo de cientos de individuos que har\u00eda casi cualquier cosa por ganarse el derecho a quedarse en este gran pa\u00eds. Esto me ha motivado a ayudar a aquellos que lo necesitan y a cuidar todo lo que necesito hacer en mi vida.\u201d<\/p>\n<\/div><\/div><\/div><\/section>\n<\/div>\n\n<style type=\"text\/css\" data-created_by=\"avia_inline_auto\" id=\"style-css-av-jvl5d-0e04ea22e2df01045450280d952869d2\">\n#top .hr.hr-invisible.av-jvl5d-0e04ea22e2df01045450280d952869d2{\nheight:15px;\n}\n<\/style>\n<div  class='hr av-jvl5d-0e04ea22e2df01045450280d952869d2 hr-invisible  avia-builder-el-3  el_after_av_toggle_container  el_before_av_textblock '><span class='hr-inner '><span class=\"hr-inner-style\"><\/span><\/span><\/div>\n<section  class='av_textblock_section av-h333d-7c6a48c77e647ac135354bdd9caa23f4 '   itemscope=\"itemscope\" itemtype=\"https:\/\/schema.org\/CreativeWork\" ><div class='avia_textblock'  itemprop=\"text\" ><div  class='avia-button-wrap av-8jwg9-65a2b593e171637a38d507a2e079e123-wrap avia-button-left  avia-builder-el-5  avia-builder-el-no-sibling '>\n<style type=\"text\/css\" data-created_by=\"avia_inline_auto\" id=\"style-css-av-8jwg9-65a2b593e171637a38d507a2e079e123\">\n#top #wrap_all .avia-button.av-8jwg9-65a2b593e171637a38d507a2e079e123{\nbackground-color:#0041b2;\nborder-color:#0041b2;\ncolor:#ffffff;\ntransition:all 0.4s ease-in-out;\n}\n<\/style>\n<a href='https:\/\/centrohispanomarista.org\/es\/contacto\/'  class='avia-button av-8jwg9-65a2b593e171637a38d507a2e079e123 avia-icon_select-no avia-size-small avia-position-left'  ><span class='avia_iconbox_title' >Cont\u00e1ctanos<\/span><\/a><\/div>\n<\/div><\/section>\n<div  class='flex_column av-1n6ch5-9a651ca26d104028cb343ba9014c0658 av_one_full  avia-builder-el-6  el_after_av_textblock  avia-builder-el-last  first flex_column_div  column-top-margin'     ><style type=\"text\/css\" data-created_by=\"avia_inline_auto\" id=\"style-css-av-1gv8jt-2b7ad2626e22b1973ac9c5449854b72e\">\n.avia-image-container.av-1gv8jt-2b7ad2626e22b1973ac9c5449854b72e img.avia_image{\nbox-shadow:none;\n}\n.avia-image-container.av-1gv8jt-2b7ad2626e22b1973ac9c5449854b72e .av-image-caption-overlay-center{\ncolor:#ffffff;\n}\n<\/style>\n<div  class='avia-image-container av-1gv8jt-2b7ad2626e22b1973ac9c5449854b72e av-styling- avia-align-center  avia-builder-el-7  avia-builder-el-no-sibling '   itemprop=\"image\" itemscope=\"itemscope\" itemtype=\"https:\/\/schema.org\/ImageObject\" ><div class=\"avia-image-container-inner\"><div class=\"avia-image-overlay-wrap\"><img decoding=\"async\" fetchpriority=\"high\" class='wp-image- avia-img-lazy-loading-not- avia_image ' src=\"http:\/\/centrohispanomarista.org\/wp\/wp-content\/uploads\/2015\/05\/CHM-6.jpg\" alt='' title=''   itemprop=\"thumbnailUrl\"  \/><\/div><\/div><\/div><\/div>\n","protected":false},"excerpt":{"rendered":"","protected":false},"author":1,"featured_media":0,"parent":0,"menu_order":0,"comment_status":"closed","ping_status":"closed","template":"","meta":{"footnotes":"","_links_to":"","_links_to_target":""},"class_list":["post-449","page","type-page","status-publish","hentry"],"_links":{"self":[{"href":"https:\/\/centrohispanomarista.org\/es\/wp-json\/wp\/v2\/pages\/449","targetHints":{"allow":["GET"]}}],"collection":[{"href":"https:\/\/centrohispanomarista.org\/es\/wp-json\/wp\/v2\/pages"}],"about":[{"href":"https:\/\/centrohispanomarista.org\/es\/wp-json\/wp\/v2\/types\/page"}],"author":[{"embeddable":true,"href":"https:\/\/centrohispanomarista.org\/es\/wp-json\/wp\/v2\/users\/1"}],"replies":[{"embeddable":true,"href":"https:\/\/centrohispanomarista.org\/es\/wp-json\/wp\/v2\/comments?post=449"}],"version-history":[{"count":24,"href":"https:\/\/centrohispanomarista.org\/es\/wp-json\/wp\/v2\/pages\/449\/revisions"}],"predecessor-version":[{"id":3770,"href":"https:\/\/centrohispanomarista.org\/es\/wp-json\/wp\/v2\/pages\/449\/revisions\/3770"}],"wp:attachment":[{"href":"https:\/\/centrohispanomarista.org\/es\/wp-json\/wp\/v2\/media?parent=449"}],"curies":[{"name":"wp","href":"https:\/\/api.w.org\/{rel}","templated":true}]}}