{"id":447,"date":"2015-05-25T01:24:45","date_gmt":"2015-05-25T01:24:45","guid":{"rendered":"http:\/\/centrohispanomarista.org\/wp\/?page_id=447"},"modified":"2025-02-06T20:30:57","modified_gmt":"2025-02-07T01:30:57","slug":"patrocinadores","status":"publish","type":"page","link":"https:\/\/centrohispanomarista.org\/es\/patrocinadores\/","title":{"rendered":"Patrocinadores"},"content":{"rendered":"<div  class='flex_column av-1k34m7-0d3161995064e4349a53d0451bc788fd av_one_full  avia-builder-el-0  el_before_av_tab_container  avia-builder-el-first  first flex_column_div  '     ><p>\n<style type=\"text\/css\" data-created_by=\"avia_inline_auto\" id=\"style-css-av-1djcyn-71469a09932e6d48a733142be91b6ec7\">\n.avia-image-container.av-1djcyn-71469a09932e6d48a733142be91b6ec7 img.avia_image{\nbox-shadow:none;\n}\n.avia-image-container.av-1djcyn-71469a09932e6d48a733142be91b6ec7 .av-image-caption-overlay-center{\ncolor:#ffffff;\n}\n<\/style>\n<div  class='avia-image-container av-1djcyn-71469a09932e6d48a733142be91b6ec7 av-styling- avia-align-center  avia-builder-el-1  el_before_av_hr  avia-builder-el-first '   itemprop=\"image\" itemscope=\"itemscope\" itemtype=\"https:\/\/schema.org\/ImageObject\" ><div class=\"avia-image-container-inner\"><div class=\"avia-image-overlay-wrap\"><img decoding=\"async\" fetchpriority=\"high\" class='wp-image-2819 avia-img-lazy-loading-not-2819 avia_image ' src=\"https:\/\/centrohispanomarista.org\/wp\/wp-content\/uploads\/2015\/05\/GED-1.jpg\" alt='' title='GED'  height=\"579\" width=\"1178\"  itemprop=\"thumbnailUrl\" srcset=\"https:\/\/centrohispanomarista.org\/wp\/wp-content\/uploads\/2015\/05\/GED-1.jpg 1178w, https:\/\/centrohispanomarista.org\/wp\/wp-content\/uploads\/2015\/05\/GED-1-300x147.jpg 300w, https:\/\/centrohispanomarista.org\/wp\/wp-content\/uploads\/2015\/05\/GED-1-1030x506.jpg 1030w, https:\/\/centrohispanomarista.org\/wp\/wp-content\/uploads\/2015\/05\/GED-1-705x347.jpg 705w, https:\/\/centrohispanomarista.org\/wp\/wp-content\/uploads\/2015\/05\/GED-1-450x221.jpg 450w\" sizes=\"(max-width: 1178px) 100vw, 1178px\" \/><\/div><\/div><\/div><br \/>\n\n<style type=\"text\/css\" data-created_by=\"avia_inline_auto\" id=\"style-css-av-18cae7-1bf8a219986df0bbc7d47181672d5ea0\">\n#top .hr.hr-invisible.av-18cae7-1bf8a219986df0bbc7d47181672d5ea0{\nheight:15px;\n}\n<\/style>\n<div  class='hr av-18cae7-1bf8a219986df0bbc7d47181672d5ea0 hr-invisible  avia-builder-el-2  el_after_av_image  avia-builder-el-last '><span class='hr-inner '><span class=\"hr-inner-style\"><\/span><\/span><\/div><\/p><\/div>\n<div  class='tabcontainer av-jmjvz6bp-fb14a44bb18aa5e92b982a24bc401504 top_tab  avia-builder-el-3  el_after_av_one_full  avia-builder-el-last ' role='tablist'>\n<section class='av_tab_section av_tab_section av-h3gzb-eff607108d3b752ad17eb7c37fa6661a'  itemscope=\"itemscope\" itemtype=\"https:\/\/schema.org\/CreativeWork\" ><div class='tab active_tab' role='tab' tabindex='0' data-fake-id='#tab-id-1' aria-controls='tab-id-1-content'  itemprop=\"headline\" >DONACIONES<\/div><div id='tab-id-1-content' class='tab_content active_tab_content' aria-hidden=\"false\"><div class='tab_inner_content invers-color'  itemprop=\"text\" ><p>\u00a1Much\u00edsimas gracias por considerar ayudar a nuestro programa! \u00a0No importa la cantidad, su contribuci\u00f3n y la de nuestros dem\u00e1s patrocinadores ayudar\u00e1 a hacer la diferencia para nuestros estudiantes. Toda contribuci\u00f3n es deducible de impuestos.<\/p>\n<form action=\"https:\/\/www.paypal.com\/cgi-bin\/webscr\" method=\"post\" target=\"_top\"><input name=\"cmd\" type=\"hidden\" value=\"_s-xclick\" \/><input name=\"hosted_button_id\" type=\"hidden\" value=\"MFNPGXDFBM3A8\" \/><input title=\"PayPal - The safer, easier way to pay online!\" alt=\"Donate with PayPal button\" name=\"submit\" src=\"https:\/\/www.paypalobjects.com\/en_US\/i\/btn\/btn_donateCC_LG.gif\" type=\"image\" \/><img loading=\"lazy\" decoding=\"async\" src=\"https:\/\/www.paypal.com\/en_US\/i\/scr\/pixel.gif\" alt=\"\" width=\"1\" height=\"1\" border=\"0\" \/><\/form>\n<p>Para m\u00e1s informaci\u00f3n, por favor cont\u00e1ctenos a centrohispano@marist.com. \u00a1Gracias!<\/p>\n<\/div><\/div><\/section>\n<section class='av_tab_section av_tab_section av-877nr-5241e1e6d7f376cff0341a41b2851567'  itemscope=\"itemscope\" itemtype=\"https:\/\/schema.org\/CreativeWork\" ><div class='tab' role='tab' tabindex='0' data-fake-id='#tab-id-2' aria-controls='tab-id-2-content'  itemprop=\"headline\" >PATROCINADORES<\/div><div id='tab-id-2-content' class='tab_content' aria-hidden=\"true\"><div class='tab_inner_content invers-color'  itemprop=\"text\" ><p>Hemos recibido generosos patrocinios\u00a0de las siguientes organizaciones, as\u00ed como tambi\u00e9n contribuciones personales de alumnos, instructores y otros benefactores.<\/p>\n<p><img loading=\"lazy\" decoding=\"async\" class=\"size-thumbnail wp-image-2505 aligncenter\" src=\"http:\/\/centrohispanomarista.org\/wp\/wp-content\/uploads\/2015\/05\/Society-of-Mary-Crest-v2-80x80.jpg\" alt=\"\" width=\"80\" height=\"80\" srcset=\"https:\/\/centrohispanomarista.org\/wp\/wp-content\/uploads\/2015\/05\/Society-of-Mary-Crest-v2-80x80.jpg 80w, https:\/\/centrohispanomarista.org\/wp\/wp-content\/uploads\/2015\/05\/Society-of-Mary-Crest-v2-36x36.jpg 36w, https:\/\/centrohispanomarista.org\/wp\/wp-content\/uploads\/2015\/05\/Society-of-Mary-Crest-v2-180x180.jpg 180w, https:\/\/centrohispanomarista.org\/wp\/wp-content\/uploads\/2015\/05\/Society-of-Mary-Crest-v2-120x120.jpg 120w\" sizes=\"auto, (max-width: 80px) 100vw, 80px\" \/><\/p>\n<p style=\"text-align: center;\"><em><strong>Society of Mary<\/strong><\/em><\/p>\n<h4 style=\"text-align: center;\"><strong>Estudio B\u00edblico para Mujeres &#8211; Catedral Cristo Rey (Christ the King)<\/strong><\/h4>\n<h4 style=\"text-align: center;\"><strong>Diego Family<\/strong><\/h4>\n<h4 style=\"text-align: center;\"><strong>Bundschuh Family<\/strong><\/h4>\n<h4 style=\"text-align: center;\"><strong>Taboada Family<\/strong><\/h4>\n<h4 style=\"text-align: center;\"><strong>Cathi Callahan<\/strong><\/h4>\n<h4 style=\"text-align: center;\"><strong>MacGinnitie Family<\/strong><\/h4>\n<h4 style=\"text-align: center;\"><strong>Arias Family<\/strong><\/h4>\n<h4 style=\"text-align: center;\"><strong>Kim Kingsfield<\/strong><\/h4>\n<h4 style=\"text-align: center;\"><strong>Christine Buckis<\/strong><\/h4>\n<h4 style=\"text-align: center;\"><strong>Lung Family<\/strong><\/h4>\n<h4 style=\"text-align: center;\"><strong>Kathy Parker<\/strong><\/h4>\n<h4 style=\"text-align: center;\"><strong>Judy Steffi<\/strong><\/h4>\n<h4 style=\"text-align: center;\"><strong>Freed Family<\/strong><\/h4>\n<h4 style=\"text-align: center;\"><strong>Michaud Family<\/strong><\/h4>\n<h4 style=\"text-align: center;\"><strong>John and Kathy Seggerson<\/strong><\/h4>\n<h4 style=\"text-align: center;\"><strong>Valencia Family<\/strong><\/h4>\n<h4 style=\"text-align: center;\"><strong>Palmisano Family<\/strong><\/h4>\n<h4 style=\"text-align: center;\"><strong>Guadarrama Family<\/strong><\/h4>\n<h4 style=\"text-align: center;\"><strong>Villegas Family<\/strong><\/h4>\n<h4 style=\"text-align: center;\"><strong>Calia Family<\/strong><\/h4>\n<h4 style=\"text-align: center;\"><strong>Dessables Family<\/strong><\/h4>\n<h4 style=\"text-align: center;\"><strong>Herrera Family<\/strong><\/h4>\n<h4 style=\"text-align: center;\"><strong>Werner Family<\/strong><\/h4>\n<h4 style=\"text-align: center;\"><strong>O&#8217;Donoghue Family<\/strong><\/h4>\n<h4 style=\"text-align: center;\"><strong>Orman Family<\/strong><\/h4>\n<h4 style=\"text-align: center;\"><strong>Negus Family<\/strong><\/h4>\n<h4 style=\"text-align: center;\"><strong>Rusty and Nancy Schaefer<\/strong><\/h4>\n<h4 style=\"text-align: center;\"><strong>Prieto Family<\/strong><\/h4>\n<h4 style=\"text-align: center;\"><strong>Gastaldi Family<\/strong><\/h4>\n<h4 style=\"text-align: center;\"><strong>Rene Rodriguez<\/strong><\/h4>\n<h4 style=\"text-align: center;\"><strong>Patrick Waldron<\/strong><\/h4>\n<h4 style=\"text-align: center;\"><strong>Guadarrama Family<\/strong><\/h4>\n<h4 style=\"text-align: center;\"><strong>Coveny Family<\/strong><\/h4>\n<h4 style=\"text-align: center;\"><strong>Jennifer Carlson<\/strong><\/h4>\n<h4 style=\"text-align: center;\"><strong>Maria Dolores Diaz<\/strong><\/h4>\n<h4 style=\"text-align: center;\"><strong>Vicky Gastaldi<\/strong><\/h4>\n<h4 style=\"text-align: center;\"><strong>Cecilia Phillips<\/strong><\/h4>\n<h4 style=\"text-align: center;\"><strong>Leticia Valencia<\/strong><\/h4>\n<p>Patrocinadores y colaboradores:<\/p>\n<p style=\"text-align: center;\"><img loading=\"lazy\" decoding=\"async\" class=\"aligncenter size-square wp-image-4179\" src=\"http:\/\/centrohispanomarista.org\/wp\/wp-content\/uploads\/2020\/12\/NHS-180x180.jpg\" alt=\"\" width=\"180\" height=\"180\" srcset=\"https:\/\/centrohispanomarista.org\/wp\/wp-content\/uploads\/2020\/12\/NHS-180x180.jpg 180w, https:\/\/centrohispanomarista.org\/wp\/wp-content\/uploads\/2020\/12\/NHS-80x80.jpg 80w, https:\/\/centrohispanomarista.org\/wp\/wp-content\/uploads\/2020\/12\/NHS-36x36.jpg 36w, https:\/\/centrohispanomarista.org\/wp\/wp-content\/uploads\/2020\/12\/NHS-120x120.jpg 120w\" sizes=\"auto, (max-width: 180px) 100vw, 180px\" \/><\/p>\n<p style=\"text-align: center;\">Marist School National Honor Society<\/p>\n<p style=\"text-align: center;\"><img loading=\"lazy\" decoding=\"async\" class=\"aligncenter wp-image-3789\" src=\"http:\/\/centrohispanomarista.org\/wp\/wp-content\/uploads\/2020\/01\/cfng-logo-180x180.png\" alt=\"\" width=\"157\" height=\"157\" srcset=\"https:\/\/centrohispanomarista.org\/wp\/wp-content\/uploads\/2020\/01\/cfng-logo-180x180.png 180w, https:\/\/centrohispanomarista.org\/wp\/wp-content\/uploads\/2020\/01\/cfng-logo-80x80.png 80w, https:\/\/centrohispanomarista.org\/wp\/wp-content\/uploads\/2020\/01\/cfng-logo-36x36.png 36w, https:\/\/centrohispanomarista.org\/wp\/wp-content\/uploads\/2020\/01\/cfng-logo-120x120.png 120w, https:\/\/centrohispanomarista.org\/wp\/wp-content\/uploads\/2020\/01\/cfng-logo-450x450.png 450w\" sizes=\"auto, (max-width: 157px) 100vw, 157px\" \/><\/p>\n<p><a href=\"http:\/\/mercyatlanta.org\/chamblee\"><img loading=\"lazy\" decoding=\"async\" class=\"aligncenter wp-image-2599\" src=\"http:\/\/centrohispanomarista.org\/wp\/wp-content\/uploads\/2015\/05\/Mercy.jpg\" alt=\"\" width=\"282\" height=\"90\" srcset=\"https:\/\/centrohispanomarista.org\/wp\/wp-content\/uploads\/2015\/05\/Mercy.jpg 694w, https:\/\/centrohispanomarista.org\/wp\/wp-content\/uploads\/2015\/05\/Mercy-300x96.jpg 300w, https:\/\/centrohispanomarista.org\/wp\/wp-content\/uploads\/2015\/05\/Mercy-450x143.jpg 450w\" sizes=\"auto, (max-width: 282px) 100vw, 282px\" \/><\/a><\/p>\n<p><img loading=\"lazy\" decoding=\"async\" class=\"wp-image-2510 aligncenter\" src=\"http:\/\/centrohispanomarista.org\/wp\/wp-content\/uploads\/2015\/05\/wpml-logo.png\" alt=\"\" width=\"130\" height=\"50\" srcset=\"https:\/\/centrohispanomarista.org\/wp\/wp-content\/uploads\/2015\/05\/wpml-logo.png 265w, https:\/\/centrohispanomarista.org\/wp\/wp-content\/uploads\/2015\/05\/wpml-logo-260x102.png 260w\" sizes=\"auto, (max-width: 130px) 100vw, 130px\" \/><\/p>\n<\/div><\/div><\/section>\n<section class='av_tab_section av_tab_section av-a376v-7bfe4c00c4cca9413dd8ff206b3c3477'  itemscope=\"itemscope\" itemtype=\"https:\/\/schema.org\/CreativeWork\" ><div class='tab' role='tab' tabindex='0' data-fake-id='#tab-id-3' aria-controls='tab-id-3-content'  itemprop=\"headline\" >POR QU\u00c9 HACEMOS LO QUE HACEMOS<\/div><div id='tab-id-3-content' class='tab_content' aria-hidden=\"true\"><div class='tab_inner_content invers-color'  itemprop=\"text\" ><p>Cuando adultos j\u00f3venes aspiran a un mejor futuro y hacen un esfuerzo para recibir una educaci\u00f3n, mejoran sus posibilidades de tener un trabajo m\u00e1s seguro y mejor pagado. Hay una gran necesidad de educaci\u00f3n en la comunidad hispana. Estad\u00edsticamente, los hispanos muestran el <a href=\"https:\/\/nces.ed.gov\/programs\/coe\/indicator_caa.asp\">menor alcance educacional<\/a> y reciben <a href=\"http:\/\/www.bls.gov\/news.release\/wkyeng.t03.htm\">los salarios m\u00e1s bajos<\/a> en comparaci\u00f3n a otros grupos raciales. Nuestro programa puede ayudar a cerrar esas diferencias.<\/p>\n<p>La mayor\u00eda de nuestros estudiantes son adultos j\u00f3venes y padres de ni\u00f1os peque\u00f1os, o ser\u00e1n padres en un futuro cercano. No solo ellos pueden mejorar su calidad de vida y la de sus familias con una educaci\u00f3n equivalente a la preparatoria, pero tambi\u00e9n sus hijos se motivar\u00e1n a continuar con sus propios estudios despu\u00e9s de ver a sus padres. Estas oportunidades son importantes considerando que los hispanos <a href=\"https:\/\/nces.ed.gov\/FastFacts\/display.asp?id=16\">abandonan m\u00e1s sus estudios<\/a> que otro grupo racial.<\/p>\n<p>Hemos visto como otros hispanos cercanos a nuestros estudiantes se inspiran a continuar su educaci\u00f3n. Conforme nuestros estudiantes alcanzan sus metas, su esp\u00edritu se enriquece y su confianza aumenta. Para nuestros graduados, el sue\u00f1o de una educaci\u00f3n universitaria es ahora alcanzable. Cuando aquellos necesitados mejoran su vida y su esperanza, todos ganamos. Podemos cambiar una comunidad un estudiante a la vez. S\u00e9 parte de este cambio. Por favor considera donar o ayudar a nuestro programa.<\/p>\n<\/div><\/div><\/section>\n<section class='av_tab_section av_tab_section av-isllj-1d9476fb886939ff35cc364e4cef2eb5'  itemscope=\"itemscope\" itemtype=\"https:\/\/schema.org\/CreativeWork\" ><div class='tab' role='tab' tabindex='0' data-fake-id='#tab-id-4' aria-controls='tab-id-4-content'  itemprop=\"headline\" >C\u00d3MO LO HACEMOS<\/div><div id='tab-id-4-content' class='tab_content' aria-hidden=\"true\"><div class='tab_inner_content invers-color'  itemprop=\"text\" ><p>El Centro Hispano Marista ofrece preparaci\u00f3n para la acreditaci\u00f3n GED\u00ae de j\u00f3venes adultos hispano que buscan crecimiento acad\u00e9mico. Nuestras clases de GED\u00ae normalmente han sido impartidas en la Escuela Marista (Marist School), ubicada en el 3790 Ashford Dunwoody Road NE, Atlanta GA 30319, cada martes de 7 a 9pm, de septiembre a mayo. Con la pandemia, ofrecemos las mismas clases en l\u00ednea durante todo el a\u00f1o.<\/p>\n<p>Las clases tienen el fin de pasar la prueba oficial del GED\u00ae en Georgia, en espa\u00f1ol o en ingl\u00e9s. El pasar este examen certifica al que lo pase con educaci\u00f3n equivalente a la preparatoria. El diploma es otorgado por el estado de Georgia a cada estudiante que pasa todos sus ex\u00e1menes exitosamente.<\/p>\n<p>El n\u00famero y nivel de las clases requeridas para un estudiante, as\u00ed como el tiempo estimado de graduaci\u00f3n, se basa en pruebas de nivelaci\u00f3n, ex\u00e1menes al final de curso, y el examen GED Ready\u00ae. Muchos de nuestros estudiantes reciben cartas de inscripci\u00f3n y aceptaci\u00f3n s\u00f3lo hasta que hayan demostrado su compromiso a completar el programa y su GED\u00ae\u00a0y\u00a0hasta haber cursado un semestre con participaci\u00f3n continua.<\/p>\n<p>Todos nuestros maestros son profesionales que donan su tiempo y talento, lo que nos permite ofrecer colegiaturas a bajo costo. A pesar de estar ocupados con sus carreras, ellos se toman el tiempo y el esfuerzo para ayudar a nuestros estudiantes lograr su meta de pasar sus ex\u00e1menes de GED\u00ae y a guiarlos y aconsejarlos m\u00e1s all\u00e1 del examen. Nuestros voluntarios son profesionales con altos grados de educaci\u00f3n&#8211;algunos son maestros de a\u00f1os. Todos nuestros maestros tienen al menos una carrera universitaria y la mayor\u00eda tienen a\u00f1os de experiencia y maestr\u00edas o doctorados. Nuestros instructores junto con voluntarios de la Escuela Marista aportaron 2,010 horas de voluntariado en promedio por a\u00f1o.<\/p>\n<p><span style=\"line-height: 1.5;\">El programa ha demostrado su efectividad preparando a estudiantes. El n\u00famero de graduados fluctua entre 46 y 83 graduados por a\u00f1o desde el 2016. <\/span><span style=\"line-height: 1.5;\">Este logro se debe al esfuerzo y trabajo en equipo de maestros, tutores, subsitutos, voluntarios, estudiantes, nuestro equipo de liderazgo y nuestros patrocinadores.\u00a0<\/span><\/p>\n<\/div><\/div><\/section>\n<section class='av_tab_section av_tab_section av-gf1cn-f4330ce957e8a1b6e869392738858390'  itemscope=\"itemscope\" itemtype=\"https:\/\/schema.org\/CreativeWork\" ><div class='tab' role='tab' tabindex='0' data-fake-id='#tab-id-5' aria-controls='tab-id-5-content'  itemprop=\"headline\" >NUESTRAS NECESIDADES<\/div><div id='tab-id-5-content' class='tab_content' aria-hidden=\"true\"><div class='tab_inner_content invers-color'  itemprop=\"text\" ><p>Este programa, el cual ense\u00f1a las materias b\u00e1sicas que permite a estudiantes a pasar el examen GED\u00ae, obtiene sus fondos principalmente por las contribuciones en especie de la Escuela Marista (Marist School), donaciones privadas, y modestas colegiaturas de $100 por semestre. A\u00fan as\u00ed necesitamos ayuda para cubrir el 20% de nuestro presupuesto. El Centro Hispano Marista es un programa sin fines de lucro. Puede ver o descargar la carta del IRS para ver el estatus exento de impuestos. Marist School 501(c)(3) tax-exempt status letter from the IRS.<\/p>\n<p>Necesitamos su ayuda con donaciones para continuar ofreciendo este programa. Sus donaciones pueden ayudarnos a servir y preparar mejor a nuestros estudiantes. Necesitamos sus contribuciones para sostener y continuar nuestro programa, para alcanzar a m\u00e1s j\u00f3venes hispanos que lo necesitan, y para incrementar los \u00edndices de graduaci\u00f3n en nuestra comunidad.<\/p>\n<p>Considere ayudar al Centro Hispano Marista para que juntos podamos ayudar m\u00e1s efectivamente a nuestra comunidad. Para m\u00e1s detalles de ingresos y gastos, por favor contacte el Padre Bill Rowland, representante del presidente de la Escuela Marista. Puede comunicarse con el Padre Rowland al correo <a href=\"mailto:rowlandb@marist.com\">rowlandb@marist.com<\/a>.<\/p>\n<\/div><\/div><\/section>\n<\/div>\n","protected":false},"excerpt":{"rendered":"","protected":false},"author":1,"featured_media":0,"parent":0,"menu_order":0,"comment_status":"open","ping_status":"closed","template":"","meta":{"footnotes":"","_links_to":"","_links_to_target":""},"class_list":["post-447","page","type-page","status-publish","hentry"],"_links":{"self":[{"href":"https:\/\/centrohispanomarista.org\/es\/wp-json\/wp\/v2\/pages\/447","targetHints":{"allow":["GET"]}}],"collection":[{"href":"https:\/\/centrohispanomarista.org\/es\/wp-json\/wp\/v2\/pages"}],"about":[{"href":"https:\/\/centrohispanomarista.org\/es\/wp-json\/wp\/v2\/types\/page"}],"author":[{"embeddable":true,"href":"https:\/\/centrohispanomarista.org\/es\/wp-json\/wp\/v2\/users\/1"}],"replies":[{"embeddable":true,"href":"https:\/\/centrohispanomarista.org\/es\/wp-json\/wp\/v2\/comments?post=447"}],"version-history":[{"count":59,"href":"https:\/\/centrohispanomarista.org\/es\/wp-json\/wp\/v2\/pages\/447\/revisions"}],"predecessor-version":[{"id":5076,"href":"https:\/\/centrohispanomarista.org\/es\/wp-json\/wp\/v2\/pages\/447\/revisions\/5076"}],"wp:attachment":[{"href":"https:\/\/centrohispanomarista.org\/es\/wp-json\/wp\/v2\/media?parent=447"}],"curies":[{"name":"wp","href":"https:\/\/api.w.org\/{rel}","templated":true}]}}