{"id":436,"date":"2015-05-25T01:18:29","date_gmt":"2015-05-25T01:18:29","guid":{"rendered":"http:\/\/centrohispanomarista.org\/wp\/?page_id=436"},"modified":"2026-01-12T11:52:59","modified_gmt":"2026-01-12T16:52:59","slug":"nuevos-estudiantes","status":"publish","type":"page","link":"https:\/\/centrohispanomarista.org\/es\/nuevos-estudiantes\/","title":{"rendered":"Nuevos Estudiantes"},"content":{"rendered":"\n<style type=\"text\/css\" data-created_by=\"avia_inline_auto\" id=\"style-css-av-2oezl0-f03588aad5abfcf9a65cb658421cd3c7\">\n.avia-image-container.av-2oezl0-f03588aad5abfcf9a65cb658421cd3c7 img.avia_image{\nbox-shadow:none;\n}\n.avia-image-container.av-2oezl0-f03588aad5abfcf9a65cb658421cd3c7 .av-image-caption-overlay-center{\ncolor:#ffffff;\n}\n<\/style>\n<div  class='avia-image-container av-2oezl0-f03588aad5abfcf9a65cb658421cd3c7 av-styling- avia-align-center  avia-builder-el-0  el_before_av_heading  avia-builder-el-first '   itemprop=\"image\" itemscope=\"itemscope\" itemtype=\"https:\/\/schema.org\/ImageObject\" ><div class=\"avia-image-container-inner\"><div class=\"avia-image-overlay-wrap\"><img decoding=\"async\" fetchpriority=\"high\" class='wp-image-2816 avia-img-lazy-loading-not-2816 avia_image ' src=\"https:\/\/centrohispanomarista.org\/wp\/wp-content\/uploads\/2015\/05\/new-students-1180x430.png\" alt='' title='new-students'  height=\"430\" width=\"1180\"  itemprop=\"thumbnailUrl\" srcset=\"https:\/\/centrohispanomarista.org\/wp\/wp-content\/uploads\/2015\/05\/new-students.png 1180w, https:\/\/centrohispanomarista.org\/wp\/wp-content\/uploads\/2015\/05\/new-students-300x109.png 300w, https:\/\/centrohispanomarista.org\/wp\/wp-content\/uploads\/2015\/05\/new-students-1030x375.png 1030w, https:\/\/centrohispanomarista.org\/wp\/wp-content\/uploads\/2015\/05\/new-students-705x257.png 705w, https:\/\/centrohispanomarista.org\/wp\/wp-content\/uploads\/2015\/05\/new-students-450x164.png 450w\" sizes=\"(max-width: 1180px) 100vw, 1180px\" \/><\/div><\/div><\/div>\n\n<style type=\"text\/css\" data-created_by=\"avia_inline_auto\" id=\"style-css-av-vr9qs-cd99afb2bde3c29f24f8dc1724670f02\">\n#top .av-special-heading.av-vr9qs-cd99afb2bde3c29f24f8dc1724670f02{\npadding-bottom:10px;\n}\nbody .av-special-heading.av-vr9qs-cd99afb2bde3c29f24f8dc1724670f02 .av-special-heading-tag .heading-char{\nfont-size:25px;\n}\n.av-special-heading.av-vr9qs-cd99afb2bde3c29f24f8dc1724670f02 .av-subheading{\nfont-size:15px;\n}\n<\/style>\n<div  class='av-special-heading av-vr9qs-cd99afb2bde3c29f24f8dc1724670f02 av-special-heading-h5  avia-builder-el-1  el_after_av_image  el_before_av_hr '><h5 class='av-special-heading-tag'  itemprop=\"headline\"  >\u00a1Felicidades! Pasar el examen GED\u00ae y obtener tu certificaci\u00f3n puede brindarte un futuro lleno de nuevas oportunidades.<\/h5><div class=\"special-heading-border\"><div class=\"special-heading-inner-border\"><\/div><\/div><\/div>\n<div  class='hr av-2csppo-0e13ed2f3a41e3d8367ce926824ea7bf hr-default  avia-builder-el-2  el_after_av_heading  el_before_av_textblock '><span class='hr-inner '><span class=\"hr-inner-style\"><\/span><\/span><\/div>\n\n<style type=\"text\/css\" data-created_by=\"avia_inline_auto\" id=\"style-css-av-jkst2krw-69a04854e97bc8a7f788c8cdec0c595f\">\n#top .av_textblock_section.av-jkst2krw-69a04854e97bc8a7f788c8cdec0c595f .avia_textblock{\nfont-size:14px;\n}\n<\/style>\n<section  class='av_textblock_section av-jkst2krw-69a04854e97bc8a7f788c8cdec0c595f '   itemscope=\"itemscope\" itemtype=\"https:\/\/schema.org\/CreativeWork\" ><div class='avia_textblock'  itemprop=\"text\" ><p><span style=\"color: #ff0000;\"><b>Las inscripciones tard\u00edas para el semestre de VERANO 2026 est\u00e1n abiertas. Por favor<\/b><\/span> <a style=\"font-weight: bold;\" href=\"https:\/\/goo.gl\/forms\/wmPUWGqdwpIsSfXJ2\">llena esta forma de informaci\u00f3n (haz click aqu\u00ed)<\/a><b>\u00a0 <\/b><span style=\"font-weight: bold; color: #ff0000;\">para recibir la forma de inscripci\u00f3n. Todos los detalles del programa est\u00e1n abajo. Gracias y te esperamos pronto.\u00a0\u00a0<\/span><\/p>\n<hr \/>\n<\/div><\/section>\n<section  class='av_textblock_section av-26zjmc-a415283494adf4e31a79b6c5b100279c '   itemscope=\"itemscope\" itemtype=\"https:\/\/schema.org\/CreativeWork\" ><div class='avia_textblock'  itemprop=\"text\" ><p><strong>Por favor, lee cuidadosamente la siguiente informaci\u00f3n.<\/strong><\/p>\n<\/div><\/section>\n<div  class='togglecontainer av-jkst7bk8-24aafa07aabd413f50f1d8b6b597b1b1  avia-builder-el-5  el_after_av_textblock  avia-builder-el-last ' >\n<section class='av_toggle_section av-ria10-a1ba1b35f49f27e05365bd512e4d2f35'  itemscope=\"itemscope\" itemtype=\"https:\/\/schema.org\/CreativeWork\" ><div role=\"tablist\" class=\"single_toggle\" data-tags=\"{Todo} \"  ><p data-fake-id='#toggle-id-1' class='toggler  activeTitle '  itemprop=\"headline\"  role='tab' tabindex='0' aria-controls='toggle-id-1'>NUEVOS ESTUDIANTES<span class=\"toggle_icon\"><span class=\"vert_icon\"><\/span><span class=\"hor_icon\"><\/span><\/span><\/p><div id='toggle-id-1' class='toggle_wrap  active_tc' style='display:block;' ><div class='toggle_content invers-color '  itemprop=\"text\" ><p>Las inscripciones para los<strong><span style=\"color: #0000ff;\"> semestre de VERANO y OTO\u00d1O 2026<\/span><\/strong>\u00a0ser\u00e1n procesada <strong><em>en l\u00ednea \u00fanicamente.<\/em><\/strong> Hay pocos espacios disponibles. Por favor llena <a href=\"http:\/\/www.centrohispanomarista.org\/info\">esta forma de informaci\u00f3n (haz click aqu\u00ed)<\/a> y recibir\u00e1s por correo electr\u00f3nico la forma de inscripci\u00f3n. Una vez que la llenes y procesemos la forma de inscripci\u00f3n, te llegar\u00e1 el enalce de pago de colegiatura.<strong>\u00a0<\/strong><\/p>\n<p><span style=\"color: #333333;\"> Las sesiones de orientaci\u00f3n las estaremos dando <strong>virtualmente<\/strong> y solo a aquellos que ya pagaron colegiatura y est\u00e1 inscrito.\u00a0<\/span><\/p>\n<p>Por favor lee todos los detalles abajo para entender si el programa es el correcto para ti antes de que llenes la forma.<\/p>\n<p><b>\u00a0T\u00fa puedes lograrlo. Tenemos m\u00e1s de 520 graduados y sabemos c\u00f3mo ayudarte. \u00a1Inscr\u00edbete, obt\u00e9n tu GED, y disfruta todos los beneficios de una educaci\u00f3n!<\/b><\/p>\n<\/div><\/div><\/div><\/section>\n<section class='av_toggle_section av-iqb10-eae0706db0a52f066d54e3a53fd237f1'  itemscope=\"itemscope\" itemtype=\"https:\/\/schema.org\/CreativeWork\" ><div role=\"tablist\" class=\"single_toggle\" data-tags=\"{Todo} \"  ><p data-fake-id='#toggle-id-2' class='toggler   '  itemprop=\"headline\"  role='tab' tabindex='0' aria-controls='toggle-id-2'>NUESTRAS CLASES<span class=\"toggle_icon\"><span class=\"vert_icon\"><\/span><span class=\"hor_icon\"><\/span><\/span><\/p><div id='toggle-id-2' class='toggle_wrap  '  ><div class='toggle_content invers-color '  itemprop=\"text\" ><p>Ofrecemos clases de preparaci\u00f3n para el examen GED\u00ae en l\u00ednea, en ingl\u00e9s y en espa\u00f1ol. Actualmente, el estado de Georgia permite presentar los ex\u00e1menes por materia del GED\u00ae en espa\u00f1ol o en ingl\u00e9s. Las 4 pruebas por materias deben ser presentadas en la mismo idioma. A nuestros estudiantes biling\u00fces les recomendamos que elijan sus clases y el examen GED\u00ae<em> en su idioma m\u00e1s fuerte.<\/em><\/p>\n<p>El plan de estudios consiste en 4 materias: Lenguaje, Estudios Sociales, Matem\u00e1ticas, y Ciencias. Cada materia se puede presentar por separado.<\/p>\n<p>Con m\u00e1s de una d\u00e9cada de experiencia, nuestros maestros voluntarios te ayudar\u00e1n a prepararte para el examen GED\u00ae. Ellos ofrecen su tiempo, talento y esfuerzo para que pases tu examen con \u00e9xito. Una vez que pases el examen de pr\u00e1ctica GED Ready\u00ae, deber\u00e1s registrarte para tomar el GED\u00ae oficial. Tus maestros podr\u00e1n guiarte a cerca de cu\u00e1ndo es el mejor tiempo para tomarlo.<\/p>\n<p>Dependiendo en tu nivel acad\u00e9mico y tu desempe\u00f1o en el examen de admisi\u00f3n, es posible que te pongamos en clases remediales (pre-GED) o en clases avanzadas. Llevar\u00edas una materia por semestre, la cu\u00e1l se asignar\u00e1 dependiendo de c\u00f3mo te va en tu examen de admisi\u00f3n y nuestra disponiblidad de profesores.\u00a0 El orden de las clases depender\u00e1 de c\u00f3mo te va en el examen de admisi\u00f3n y de nuestra disponibilidad de clases\/maestros. Tu esfuerzo y compromiso juegan una parte importante en determinar que tanto tiempo te llevar\u00e1 completar todo el programa y obtener tu certificaci\u00f3n GED\u00ae.<\/p>\n<\/div><\/div><\/div><\/section>\n<section class='av_toggle_section av-gp730-43f9db37cc5ad10b0522a73bf4a0f69a'  itemscope=\"itemscope\" itemtype=\"https:\/\/schema.org\/CreativeWork\" ><div role=\"tablist\" class=\"single_toggle\" data-tags=\"{Todo} \"  ><p data-fake-id='#toggle-id-3' class='toggler   '  itemprop=\"headline\"  role='tab' tabindex='0' aria-controls='toggle-id-3'>HORA Y LUGAR<span class=\"toggle_icon\"><span class=\"vert_icon\"><\/span><span class=\"hor_icon\"><\/span><\/span><\/p><div id='toggle-id-3' class='toggle_wrap  '  ><div class='toggle_content invers-color '  itemprop=\"text\" ><p>Estamos esperando ofrecer clases de primavera\/verano\/oto\u00f1o en el siguiente formato:<\/p>\n<ul>\n<li><span style=\"text-decoration: underline;\">En l\u00ednea (primavera y oto\u00f1o):<\/span> solo 7-8 semanas de duraci\u00f3n. El material es en l\u00ednea. Las clases con los profesores son una vez a la semana por 2 horas virtualmente, normalmente en martes de 7 pm a 9 pm.<\/li>\n<li><span style=\"text-decoration: underline;\">En l\u00ednea<\/span> (verano) 6 semanas, curso intensivo. Reuni\u00f3n con profesor una vez a la semana por 2 horas virtualmente, normalmente en martes de 7 pm a 9 pm.<\/li>\n<\/ul>\n<p>*Solo entrar a las clases\u00a0 no es sufieciente, la preparaci\u00f3n se hace por tu cuenta y con las clases para pasar el examen GED\u00ae. Por favor, lee acerca del compromiso esperado de tu parte a continuaci\u00f3n.<\/p>\n<\/div><\/div><\/div><\/section>\n<section class='av_toggle_section av-xd5uk-7d46a6e6306bc84312bb7e16f6714f06'  itemscope=\"itemscope\" itemtype=\"https:\/\/schema.org\/CreativeWork\" ><div role=\"tablist\" class=\"single_toggle\" data-tags=\"{Todo} \"  ><p data-fake-id='#toggle-id-4' class='toggler   '  itemprop=\"headline\"  role='tab' tabindex='0' aria-controls='toggle-id-4'>COMPROMISO Y EXPECTATIVAS<span class=\"toggle_icon\"><span class=\"vert_icon\"><\/span><span class=\"hor_icon\"><\/span><\/span><\/p><div id='toggle-id-4' class='toggle_wrap  '  ><div class='toggle_content invers-color '  itemprop=\"text\" ><p>Sabemos que est\u00e1s ocupado, \u00a1pero tambi\u00e9n queremos que te grad\u00faes! Nuestro programa te ofrece una segunda oportunidad de obtener tu certificado GED\u00ae equivalente a la educaci\u00f3n preparatoria. Para incrementar tus probabilidades de \u00e9xito, debes comprometerte a atender a todas tus clases de 2 horas a la semana (a tiempo, tu puntualidad cuenta como parte de tu participaci\u00f3n). Tambi\u00e9n, deber\u00e1s trabajar por tu cuenta por al menos <strong>6+ horas<\/strong> a la semana. Recomendamos a nuestros estudiantes que desarrollen su habilidad de autoestudio y que practiquen conceptos que aprendieron en clase.<\/p>\n<p><strong>Atender a clases solamente no ser\u00e1 suficiente para pasar el examen GED\u00ae.<\/strong><\/p>\n<p>Si faltas \u00a0o no trabajas en tu tarea, o llegas tarde constantemente, arriesgas que te saquemos del programa. Queremos darle la oportunidad a los estudiantes que s\u00ed est\u00e1n comprometidos en graduarse.<\/p>\n<p><strong>Es muy importante que entiendas estos compromisos antes de aplicar al programa. Sabemos que puedes pasar pero es decisi\u00f3n tuya el modificar tus decisiones y vida para trabajar en tu educaci\u00f3n. Queremos que seas exitoso. <\/strong><\/p>\n<p><a href=\"http:\/\/centrohispanomarista.org\/wp\/preguntas-frequentes\/\">Lee nuestras preguntas m\u00e1s frecuentes.<\/a><\/p>\n<p><strong><span style=\"color: #339966;\">*Si eres un estudiante en proceso de DACA en el Centro Hispano Marista, no querr\u00e1s abandonar nuestro programa hasta que te gradues. No podemos ni haremos renovaciones de cartas DACA para estudiantes que claudicaron o que sacamos del programa. Pregunta a tu abogado acerca de las repercusiones. No querr\u00e1s quedarte fuera.<\/span><\/strong><\/p>\n<\/div><\/div><\/div><\/section>\n<section class='av_toggle_section av-8wtpw-448515f577f5f2446e75a218a4bdad00'  itemscope=\"itemscope\" itemtype=\"https:\/\/schema.org\/CreativeWork\" ><div role=\"tablist\" class=\"single_toggle\" data-tags=\"{Todo} \"  ><p data-fake-id='#toggle-id-5' class='toggler   '  itemprop=\"headline\"  role='tab' tabindex='0' aria-controls='toggle-id-5'>COLEGIATURA Y COSTOS<span class=\"toggle_icon\"><span class=\"vert_icon\"><\/span><span class=\"hor_icon\"><\/span><\/span><\/p><div id='toggle-id-5' class='toggle_wrap  '  ><div class='toggle_content invers-color '  itemprop=\"text\" ><p>Aunque nuestro programa es sin fines de lucro, necesitamos sostenerlo para poderte ayudar efectivamente y graduarte pronto sin importar tus antecedentes. La <strong>colegiatura por semestre es de $120 <\/strong>(m\u00e1s costo de transacci\u00f3n). La raz\u00f3n por la que podemos ofrecer estas colegiaturas tan bajas es por la ayuda de nuestros maestros voluntarios y por nuestros patrocinadores y donadores.<\/p>\n<p><span style=\"color: #ff0000;\"><em><span style=\"color: #000000;\">*Normalmente cobramos <strong>$30 extra<\/strong> a aquellos estudiantes que no se reinscriban a tiempo, o a aquellos que abandonaron el programa y regresan. Nos toma m\u00e1s recursos procesarlos otra vez. Tratamos de dejar este cargo al m\u00ednimo cuando financieramente podemos hacerlo.<span style=\"color: #ff0000;\"><strong>\u00a0<\/strong><\/span><\/span><\/em><\/span><\/p>\n<p>Los libros o materiales en l\u00ednea no est\u00e1n incluidos en la colegiatura, pero pueden ser adquiridos en el Centro Hispano Marista, abajo del costo. Nuestro costo es de: <strong>$40<\/strong> (+ costo de transacci\u00f3n), por semestre de clases.<\/p>\n<p>Es tu responsabilidad tomar el examen GED\u00ae a trav\u00e9s de un centro oficial del GED\u00ae en Georgia. Te sugerimos que tomes tu prueba inmediatamente despu\u00e9s de pasar tu GED Ready\u00ae. El costo por examen es de <strong>$48<\/strong>. <em><strong>Si calificas a la beca HOPE del estado de Georgia, ellos pueden pagar por tus ex\u00e1menes GEDs y GED Readys.<\/strong><\/em> Para m\u00e1s informaci\u00f3n y registro, visita www.GED.com. Cuando pases tu examen, por favor av\u00edsanos con copia o foto al <a href=\"mailto:ged@marist.com\">ged@marist.com<\/a> o con un texto al (770) 742-9090 para poner al d\u00eda tu r\u00e9cord.<\/p>\n<\/div><\/div><\/div><\/section>\n<section class='av_toggle_section av-71tok-b4ef7950de2b6ce7f8d42ef4a6b9aac1'  itemscope=\"itemscope\" itemtype=\"https:\/\/schema.org\/CreativeWork\" ><div role=\"tablist\" class=\"single_toggle\" data-tags=\"{Todo} \"  ><p data-fake-id='#toggle-id-6' class='toggler   '  itemprop=\"headline\"  role='tab' tabindex='0' aria-controls='toggle-id-6'>REQUISITOS PARA INSCRIPCI\u00d3N<span class=\"toggle_icon\"><span class=\"vert_icon\"><\/span><span class=\"hor_icon\"><\/span><\/span><\/p><div id='toggle-id-6' class='toggle_wrap  '  ><div class='toggle_content invers-color '  itemprop=\"text\" ><p>Para inscribirte, necesitar\u00e1s lo siguiente:<\/p>\n<ol>\n<li>Tener 18 a\u00f1os cumplidos<\/li>\n<li>Tener\u00a0<u>cuenta de correo (email<\/u>). Si no tienes una, puedes abrir una gratis por <a href=\"https:\/\/accounts.google.com\/signup?hl=es\">gmail<\/a>. <a href=\"https:\/\/www.youtube.com\/watch?v=eSfhKkw5N4g\">Aprieta aqu\u00ed para ver c\u00f3mo<\/a>.<\/li>\n<li><span style=\"text-decoration: underline;\">Ap\u00fantate para informes trav\u00e9s del enlace<\/span><u>\u00a0<a href=\"http:\/\/www.centrohispanomarista.org\/info\">(<\/a>l<a href=\"http:\/\/www.centrohispanomarista.org\/info\">llena esta forma para recibir la forma de inscripci\u00f3n<\/a>)<\/u>. Aseg\u00farate de usar tu nombre legal completo.<\/li>\n<li><span style=\"text-decoration: underline;\">Identificacion con foto (pasaporte, matr\u00edcula consular, o licencia de conducir).<\/span> Puede estar vencida pero debes saber que debes renovarla para tomar los GEDs.<\/li>\n<li>Pagar colegiatura.<\/li>\n<li>Tomar el <u>examen de admisi\u00f3n.<\/u><\/li>\n<li><em>Para tomar clases en l\u00ednea, debes tener acceso diario a internet y una computadora.<\/em><\/li>\n<\/ol>\n<p>*No revisamos estatus migratorio, ni necesitamos tus documentos de escuelas previas (a menos que sean GEDs)<\/p>\n<\/div><\/div><\/div><\/section>\n<section class='av_toggle_section av-bidrw-6920607d14375da523e507eabbf482eb'  itemscope=\"itemscope\" itemtype=\"https:\/\/schema.org\/CreativeWork\" ><div role=\"tablist\" class=\"single_toggle\" data-tags=\"{Todo} \"  ><p data-fake-id='#toggle-id-7' class='toggler   '  itemprop=\"headline\"  role='tab' tabindex='0' aria-controls='toggle-id-7'>INSCRIPCI\u00d3N<span class=\"toggle_icon\"><span class=\"vert_icon\"><\/span><span class=\"hor_icon\"><\/span><\/span><\/p><div id='toggle-id-7' class='toggle_wrap  '  ><div class='toggle_content invers-color '  itemprop=\"text\" ><p>Las inscripciones para los<strong><span style=\"color: #0000ff;\"> semestre de VERANO Y OTO\u00d1O 2026<\/span><\/strong>\u00a0ser\u00e1n procesada <strong><em>en l\u00ednea \u00fanicamente.<\/em><\/strong> Hay pocos espacios disponibles. Por favor llena <a href=\"http:\/\/www.centrohispanomarista.org\/info\">esta forma de informaci\u00f3n (haz click aqu\u00ed)<\/a> y recibir\u00e1s por correo electr\u00f3nico la forma de inscripci\u00f3n. Una vez que la llenes y procesemos la forma de inscripci\u00f3n, te llegar\u00e1 el enalce de pago de colegiatura.<strong>\u00a0<\/strong><\/p>\n<p><span style=\"color: #333333;\"> Las sesiones de orientaci\u00f3n las estaremos dando <strong>virtualmente<\/strong> y solo a aquellos que ya pagaron colegiatura y est\u00e1 inscrito.\u00a0<\/span><\/p>\n<p>*Recuerda que debes llenar la forma de inscripcion <strong>y<\/strong> pagar colegiatura<strong> y<\/strong> tomar <strong>y<\/strong> tomar el ex\u00e1men de admisi\u00f3n para estar inscrito en el programa.<\/p>\n<p>S\u00edguenos en <a href=\"https:\/\/www.facebook.com\/CentroHispanoMarista\/\" target=\"_blank\" rel=\"noopener noreferrer\">Facebook<\/a> e <a href=\"https:\/\/www.instagram.com\/centrohispanomarista\/\">Instagram<\/a> para nuevos avisos.<\/p>\n<p><b>T\u00fa puedes lograrlo. Tenemos m\u00e1s de 520 graduados y sabemos c\u00f3mo ayudarte. \u00a1Inscr\u00edbete, obt\u00e9n tu GED, y disfruta todos los beneficios de una educaci\u00f3n!<\/b><\/p>\n<\/div><\/div><\/div><\/section>\n<section class='av_toggle_section av-fywbo-9177dfb3261cc7506d7081d2b201c5ba'  itemscope=\"itemscope\" itemtype=\"https:\/\/schema.org\/CreativeWork\" ><div role=\"tablist\" class=\"single_toggle\" data-tags=\"{Todo} \"  ><p data-fake-id='#toggle-id-8' class='toggler   '  itemprop=\"headline\"  role='tab' tabindex='0' aria-controls='toggle-id-8'>EXAMEN DE NIVEL<span class=\"toggle_icon\"><span class=\"vert_icon\"><\/span><span class=\"hor_icon\"><\/span><\/span><\/p><div id='toggle-id-8' class='toggle_wrap  '  ><div class='toggle_content invers-color '  itemprop=\"text\" ><p>Por ahora, los ex\u00e1menes de admisi\u00f3n solo ser\u00e1n en l\u00ednea. Te lo explicaremos en la sesi\u00f3n de orientati\u00f3n.<\/p>\n<p>El examen tendr\u00e1 5 partes, una para cada m\u00f3dulo (Leguaje, Ensayo, Estudios Sociales, Matem\u00e1ticas y Ciencias) en el idioma que escogiste. Tambi\u00e9n har\u00e1s una\u00a0prueba de mecanograf\u00eda\/tecleado.<\/p>\n<p>*Ten en cuenta que si tienes un nivel acad\u00e9mico m\u00e1s bajo del m\u00ednimo Pre-GED, no podremos aceptarte en el programa. Con gusto te orientaremos con otras opciones que puedan ayudarte con tus necesidades acad\u00e9micas.<\/p>\n<\/div><\/div><\/div><\/section>\n<section class='av_toggle_section av-qc3ic-a82551df173ed2094f3476786af32054'  itemscope=\"itemscope\" itemtype=\"https:\/\/schema.org\/CreativeWork\" ><div role=\"tablist\" class=\"single_toggle\" data-tags=\"{Todo} \"  ><p data-fake-id='#toggle-id-9' class='toggler   '  itemprop=\"headline\"  role='tab' tabindex='0' aria-controls='toggle-id-9'>PREP\u00c1RATE<span class=\"toggle_icon\"><span class=\"vert_icon\"><\/span><span class=\"hor_icon\"><\/span><\/span><\/p><div id='toggle-id-9' class='toggle_wrap  '  ><div class='toggle_content invers-color '  itemprop=\"text\" ><p>Te recomendamos que te prepares para tu examen de admisi\u00f3n. Lee mucho. Puedes trabajar tambi\u00e9n en tu mecanograf\u00eda para teclear m\u00e1s r\u00e1pido. Revisa conceptos de matem\u00e1ticas y ciencias. Todo esto te ayudar\u00e1 a tener un mejor nivel en tu prueba de admisi\u00f3n y acortar\u00e1 tu tiempo para graduarte, ya que podr\u00e1s calificar para clases m\u00e1s avanzadas. Si te preparas, vas a salir mucho mejor. \u00a0Te recomendamos que visites nuestra p\u00e1gina de <a href=\"http:\/\/centrohispanomarista.org\/wp\/recursos\/\">Recursos <\/a>para ayudarte a estudiar.<\/p>\n<p><strong>Si te sientes listo(a) para tomar uno de los 4 ex\u00e1menes GED, h\u00e1zlos. De esa manera podemos enfocarnos solo en las materias que te faltan. Aseg\u00farate de llenar esa informaci\u00f3n en la forma de inscripci\u00f3n para que sepamos.\u00a0<\/strong><\/p>\n<\/div><\/div><\/div><\/section>\n<section class='av_toggle_section av-9p9n0-3631b8c29888eb0188049fdf497d5518'  itemscope=\"itemscope\" itemtype=\"https:\/\/schema.org\/CreativeWork\" ><div role=\"tablist\" class=\"single_toggle\" data-tags=\"{Todo} \"  ><p data-fake-id='#toggle-id-10' class='toggler   '  itemprop=\"headline\"  role='tab' tabindex='0' aria-controls='toggle-id-10'>EVITA FRAUDES<span class=\"toggle_icon\"><span class=\"vert_icon\"><\/span><span class=\"hor_icon\"><\/span><\/span><\/p><div id='toggle-id-10' class='toggle_wrap  '  ><div class='toggle_content invers-color '  itemprop=\"text\" ><p>No sea v\u00edctima de fraudes. <strong><u>El examen oficial del GED\u00ae NO se ofrece por internet y solo debe tomarse en un sitio oficial del GED\u00ae.<\/u><\/strong> Prepararse adecuadamente para pasar el examen GED\u00ae requiere tiempo y esfuerzo\u2014evita cualquier programa GED\u00ae que ofrezca prepararte para la prueba GED\u00ae sin que tengas que atender a clases.<\/p>\n<p>Tambi\u00e9n, para aquellos estudiantes que est\u00e9n en proceso de DACA, sepan que hay muchos fraudes por instituciones no reconocidas por Migraci\u00f3n. Sepan que no todas las cartas de escuelas que ofrecen GED\u00ae ser\u00e1n aceptadas por Homeland Security. <a href=\"http:\/\/search.uscis.gov\/search?affiliate=uscis_gov_es&amp;query=daca\">U.S. Citizenship and Immigration Services<\/a> solo acepta cartas DACA aprobadas por <a href=\"http:\/\/search.dhs.gov\/search?query=daca&amp;op=Search&amp;affiliate=dhs\">Homeland Security<\/a>. El programa del GED\u00ae del Centro Hispano Marista s\u00ed est\u00e1 aprobado.<\/p>\n<div class='avia-iframe-wrap'><iframe loading=\"lazy\" title=\"Spanish Video: GED testing on computer\" width=\"1333\" height=\"1000\" src=\"https:\/\/www.youtube.com\/embed\/khYNhOSkmu0?feature=oembed\" frameborder=\"0\" allow=\"accelerometer; autoplay; clipboard-write; encrypted-media; gyroscope; picture-in-picture; web-share\" referrerpolicy=\"strict-origin-when-cross-origin\" allowfullscreen><\/iframe><\/div>\n<\/div><\/div><\/div><\/section>\n<section class='av_toggle_section av-7iuc4-f871f11ef1cc5d15a8638732917c2fd0'  itemscope=\"itemscope\" itemtype=\"https:\/\/schema.org\/CreativeWork\" ><div role=\"tablist\" class=\"single_toggle\" data-tags=\"{Todo} \"  ><p data-fake-id='#toggle-id-11' class='toggler   '  itemprop=\"headline\"  role='tab' tabindex='0' aria-controls='toggle-id-11'>M\u00c1S PREGUNTAS...<span class=\"toggle_icon\"><span class=\"vert_icon\"><\/span><span class=\"hor_icon\"><\/span><\/span><\/p><div id='toggle-id-11' class='toggle_wrap  '  ><div class='toggle_content invers-color '  itemprop=\"text\" ><p>Si tienes m\u00e1s preguntas, visita nuestra p\u00e1gina de preguntas frecuentes<a href=\"https:\/\/centrohispanomarista.org\/es\/preguntas-frequentes\/\"> aprentando aqu\u00ed.<\/a><\/p>\n<\/div><\/div><\/div><\/section>\n<\/div>\n","protected":false},"excerpt":{"rendered":"","protected":false},"author":1,"featured_media":0,"parent":0,"menu_order":0,"comment_status":"open","ping_status":"closed","template":"","meta":{"footnotes":"","_links_to":"","_links_to_target":""},"class_list":["post-436","page","type-page","status-publish","hentry"],"_links":{"self":[{"href":"https:\/\/centrohispanomarista.org\/es\/wp-json\/wp\/v2\/pages\/436","targetHints":{"allow":["GET"]}}],"collection":[{"href":"https:\/\/centrohispanomarista.org\/es\/wp-json\/wp\/v2\/pages"}],"about":[{"href":"https:\/\/centrohispanomarista.org\/es\/wp-json\/wp\/v2\/types\/page"}],"author":[{"embeddable":true,"href":"https:\/\/centrohispanomarista.org\/es\/wp-json\/wp\/v2\/users\/1"}],"replies":[{"embeddable":true,"href":"https:\/\/centrohispanomarista.org\/es\/wp-json\/wp\/v2\/comments?post=436"}],"version-history":[{"count":198,"href":"https:\/\/centrohispanomarista.org\/es\/wp-json\/wp\/v2\/pages\/436\/revisions"}],"predecessor-version":[{"id":5276,"href":"https:\/\/centrohispanomarista.org\/es\/wp-json\/wp\/v2\/pages\/436\/revisions\/5276"}],"wp:attachment":[{"href":"https:\/\/centrohispanomarista.org\/es\/wp-json\/wp\/v2\/media?parent=436"}],"curies":[{"name":"wp","href":"https:\/\/api.w.org\/{rel}","templated":true}]}}