{"id":432,"date":"2015-05-25T01:16:12","date_gmt":"2015-05-25T01:16:12","guid":{"rendered":"http:\/\/centrohispanomarista.org\/wp\/?page_id=432"},"modified":"2025-12-05T12:07:20","modified_gmt":"2025-12-05T17:07:20","slug":"accion-diferida","status":"publish","type":"page","link":"https:\/\/centrohispanomarista.org\/es\/accion-diferida\/","title":{"rendered":"Cartas y Documentos"},"content":{"rendered":"<div  class='flex_column av-1edy14-726d4bbb89be2b550768721fd6e769d4 av_one_full  avia-builder-el-0  el_before_av_hr  avia-builder-el-first  first flex_column_div  '     ><style type=\"text\/css\" data-created_by=\"avia_inline_auto\" id=\"style-css-av-16ppl4-7f5373d0fbedeb011442b0c84b0034bd\">\n.avia-image-container.av-16ppl4-7f5373d0fbedeb011442b0c84b0034bd img.avia_image{\nbox-shadow:none;\n}\n.avia-image-container.av-16ppl4-7f5373d0fbedeb011442b0c84b0034bd .av-image-caption-overlay-center{\ncolor:#ffffff;\n}\n<\/style>\n<div  class='avia-image-container av-16ppl4-7f5373d0fbedeb011442b0c84b0034bd av-styling-no-styling avia-align-center  avia-builder-el-1  avia-builder-el-no-sibling '   itemprop=\"image\" itemscope=\"itemscope\" itemtype=\"https:\/\/schema.org\/ImageObject\" ><div class=\"avia-image-container-inner\"><div class=\"avia-image-overlay-wrap\"><img decoding=\"async\" fetchpriority=\"high\" class='wp-image-2830 avia-img-lazy-loading-not-2830 avia_image ' src=\"https:\/\/centrohispanomarista.org\/wp\/wp-content\/uploads\/2015\/05\/CHM-W4-2-1500x693.jpg\" alt='' title='CHM - W4-2'  height=\"693\" width=\"1500\"  itemprop=\"thumbnailUrl\" srcset=\"https:\/\/centrohispanomarista.org\/wp\/wp-content\/uploads\/2015\/05\/CHM-W4-2-1500x693.jpg 1500w, https:\/\/centrohispanomarista.org\/wp\/wp-content\/uploads\/2015\/05\/CHM-W4-2-300x139.jpg 300w, https:\/\/centrohispanomarista.org\/wp\/wp-content\/uploads\/2015\/05\/CHM-W4-2-1030x476.jpg 1030w, https:\/\/centrohispanomarista.org\/wp\/wp-content\/uploads\/2015\/05\/CHM-W4-2-705x326.jpg 705w, https:\/\/centrohispanomarista.org\/wp\/wp-content\/uploads\/2015\/05\/CHM-W4-2-450x208.jpg 450w\" sizes=\"(max-width: 1500px) 100vw, 1500px\" \/><\/div><\/div><\/div><\/div>\n\n<style type=\"text\/css\" data-created_by=\"avia_inline_auto\" id=\"style-css-av-1487d4-c34bcdf028cb068918130a4991ec41a4\">\n#top .hr.hr-invisible.av-1487d4-c34bcdf028cb068918130a4991ec41a4{\nheight:15px;\n}\n<\/style>\n<div  class='hr av-1487d4-c34bcdf028cb068918130a4991ec41a4 hr-invisible  avia-builder-el-2  el_after_av_one_full  el_before_av_textblock '><span class='hr-inner '><span class=\"hr-inner-style\"><\/span><\/span><\/div>\n<section  class='av_textblock_section av-yi0iw-a3a175cd54d0152e6d106dfb35fcb49b '   itemscope=\"itemscope\" itemtype=\"https:\/\/schema.org\/CreativeWork\" ><div class='avia_textblock'  itemprop=\"text\" ><p>Muchos de nuestros estudiantes est\u00e1n en proceso de inmigraci\u00f3n y necesitan una carta de nosotros.<\/p>\n<\/div><\/section>\n<div  class='flex_column av-h74ww-70b890850c501289c3e01cfc20c354aa av_one_full  avia-builder-el-4  el_after_av_textblock  el_before_av_one_full  first flex_column_div  column-top-margin'     ><section  class='av_textblock_section av-j93q0-c6b251ea485897c38eb21d294d71849f '   itemscope=\"itemscope\" itemtype=\"https:\/\/schema.org\/CreativeWork\" ><div class='avia_textblock'  itemprop=\"text\" ><p data-start=\"94\" data-end=\"342\">No seas v\u00edctima de fraudes. Prepararte adecuadamente para aprobar el examen GED\u00ae requiere tiempo y esfuerzo. Evita cualquier programa que te prometa prepararte para la prueba sin asistir a clases, o que te ofrezca cartas \u00fanicamente por inscribirte.<\/p>\n<p data-start=\"344\" data-end=\"809\">Adem\u00e1s, para los estudiantes que est\u00e1n en procesos de inmigraci\u00f3n o DACA, es importante saber que existen muchos fraudes por parte de instituciones que no est\u00e1n reconocidas por Inmigraci\u00f3n. NO todas las cartas de escuelas que ofrecen GED\u00ae son aceptadas por Homeland Security. <a href=\"http:\/\/search.uscis.gov\/search?affiliate=uscis_gov_es&amp;query=daca\">U.S. Citizenship and Immigration Services<\/a> solo acepta cartas aprobadas por <a href=\"http:\/\/search.dhs.gov\/search?query=daca&amp;op=Search&amp;affiliate=dhs\">Homeland Security<\/a><strong>. <\/strong>El programa del GED\u00ae del Centro Hispano Marista s\u00ed est\u00e1 aprobado por Homeland Security.<\/p>\n<p>Tambi\u00e9n ten cuidado al elegir a tu representante legal para DACA u otros procesos migratorios. Aseg\u00farate de contar con un(a) abogado(a) especializado(a) en inmigraci\u00f3n y aprobado(a) por el Departamento de Justicia y el <em data-start=\"1030\" data-end=\"1071\">Executive Office for Immigration Review<\/em> (EOIR) para ejercer en este \u00e1mbito. No todos los notarios son necesariamente abogados. Revisa con cuidado qui\u00e9n te representa.Tambi\u00e9n tenga cuidado con su representante legal para DACA u otro proceso de inmigraci\u00f3n. Tengan a un abogado(a) especializado en inmigraci\u00f3n y que este aprobado por el Departamento de Justicia y el \u00abExecutive Office for Immigration Review\u00bb (EOIR) para ejercer leyes. No todos los notarios\u00a0 necesariamente son abogados. Revise con cuidado qui\u00e9n le representa.<\/p>\n<\/div><\/section><\/div>\n<div  class='flex_column av-bn2r4-2b2d38be55177029c79b3ce0300f021d av_one_full  avia-builder-el-6  el_after_av_one_full  el_before_av_one_full  first flex_column_div  column-top-margin'     ><section  class='av_textblock_section av-kd7x9x1j-6a1d51a20d29b1bbd28028bf1da02aab '   itemscope=\"itemscope\" itemtype=\"https:\/\/schema.org\/CreativeWork\" ><div class='avia_textblock'  itemprop=\"text\" ><p data-start=\"82\" data-end=\"293\">Las cartas de <em data-start=\"96\" data-end=\"113\">Deferred Action<\/em> u otros documentos judiciales\u2014destinados a demostrar que eres un estudiante serio, comprometido y activo\u2014se entregan \u00fanicamente cuando se cumplen <strong data-start=\"260\" data-end=\"269\">ambas<\/strong> condiciones siguientes:<\/p>\n<ol data-start=\"295\" data-end=\"468\">\n<li data-start=\"295\" data-end=\"414\">\n<p data-start=\"298\" data-end=\"414\"><strong data-start=\"298\" data-end=\"358\">Haber completado satisfactoriamente un semestre reciente<\/strong>, con asistencia completa y participaci\u00f3n constante; y<\/p>\n<\/li>\n<li data-start=\"415\" data-end=\"468\">\n<p data-start=\"418\" data-end=\"468\"><strong data-start=\"418\" data-end=\"467\">Haberse reinscrito para el siguiente semestre<\/strong>.<\/p>\n<\/li>\n<\/ol>\n<p data-start=\"470\" data-end=\"599\">Estos requisitos representan el compromiso m\u00ednimo de que permanecer\u00e1s inscrito en el Centro Hispano Marista hasta obtener tu GED.<\/p>\n<p data-start=\"601\" data-end=\"962\"><em data-start=\"601\" data-end=\"962\"><strong>*Si eres un estudiante del Centro Hispano Marista que est\u00e1 pasando por procesos migratorios, es muy importante que no abandones tus estudios.<\/strong> No podemos\u2014ni estamos autorizados a\u2014dar o renovar cartas para estudiantes que se han retirado o han sido dados de baja del programa. Consulta a tu abogado sobre las posibles repercusiones. No querr\u00e1s quedarte sin este apoyo.<\/em><\/p>\n<\/div><\/section><\/div>\n\n<style type=\"text\/css\" data-created_by=\"avia_inline_auto\" id=\"style-css-av-1cw1g0-b8b3fa029a5196f70d633f1fe9809d69\">\n.flex_column.av-1cw1g0-b8b3fa029a5196f70d633f1fe9809d69{\nborder-radius:0px 0px 0px 0px;\npadding:0px 0px 0px 0px;\n}\n<\/style>\n<div  class='flex_column av-1cw1g0-b8b3fa029a5196f70d633f1fe9809d69 av_one_full  avia-builder-el-8  el_after_av_one_full  el_before_av_textblock  first flex_column_div av-zero-column-padding  column-top-margin'     ><p><section  class='av_textblock_section av-kiw8eni5-7dfda3455ce8a1f40edd3c6fad0506ec '   itemscope=\"itemscope\" itemtype=\"https:\/\/schema.org\/CreativeWork\" ><div class='avia_textblock'  itemprop=\"text\" ><p>Preguntas frecuentes acerca las cartas para comprobar que eres estudiante:<\/p>\n<\/div><\/section><br \/>\n<div  class='togglecontainer av-kiw978aa-5fbb9bbf22df16fdbd7d4ca5e42e45d1  avia-builder-el-10  el_after_av_textblock  avia-builder-el-last  toggle_close_all' >\n<section class='av_toggle_section av-rh21k-8d032eeddc04525c4be3a3989805be45'  itemscope=\"itemscope\" itemtype=\"https:\/\/schema.org\/CreativeWork\" ><div role=\"tablist\" class=\"single_toggle\" data-tags=\"{Todo} \"  ><p data-fake-id='#toggle-id-1' class='toggler   '  itemprop=\"headline\"  role='tab' tabindex='0' aria-controls='toggle-id-1'>\u00bfQu\u00e9 necesito hacer para obtener la carta y probar que soy estudiante?<span class=\"toggle_icon\"><span class=\"vert_icon\"><\/span><span class=\"hor_icon\"><\/span><\/span><\/p><div id='toggle-id-1' class='toggle_wrap  '  ><div class='toggle_content invers-color '  itemprop=\"text\" ><p>Necesitas cumplir con los dos requerimientos de abajo al pedir la carta:<\/p>\n<ol>\n<li>Completar recientemente y exitosamente un semestre de clases (atendiendo a las clases, completando al menos 80% del material, y terminando con el examen final)<\/li>\n<li>Estar inscrito al siguiente semestre (para demostrar que seriamente quieres seguir estudiando)<\/li>\n<\/ol>\n<p>No hacemos excepciones.<\/p>\n<\/div><\/div><\/div><\/section>\n<section class='av_toggle_section av-l540w-c72f21ce2a3dd5c4f4306c4191a37030'  itemscope=\"itemscope\" itemtype=\"https:\/\/schema.org\/CreativeWork\" ><div role=\"tablist\" class=\"single_toggle\" data-tags=\"{Todo} \"  ><p data-fake-id='#toggle-id-2' class='toggler   '  itemprop=\"headline\"  role='tab' tabindex='0' aria-controls='toggle-id-2'>\u00bfCu\u00e1nto tengo que esperar para obtener la carta despu\u00e9s de solicitarla?<span class=\"toggle_icon\"><span class=\"vert_icon\"><\/span><span class=\"hor_icon\"><\/span><\/span><\/p><div id='toggle-id-2' class='toggle_wrap  '  ><div class='toggle_content invers-color '  itemprop=\"text\" ><p>Estaremos procesando cartas a final de cada mes. Puedes pedirlas en las primeras 3 semanas de cada mes. El proceso incluye los siguientes pasos:<\/p>\n<ol>\n<li>Solicitar la carta a la administraci\u00f3n con la informaci\u00f3n requerida. Por favor no solicites una carta si no cumples con los requisitos, para hacer el proceso m\u00e1s eficiente para todos. <strong>No hacemos excepciones.\u00a0<\/strong><\/li>\n<li>Verificaci\u00f3n que cumples con los requisitos.<\/li>\n<li>Firmar y regresar un documento que te mandaremos donde entiendes que monitorearemos tu progreso y que te sacaremos del programa si no cumples con el acuerdo. Recuerda que seremos muy transparentes con los oficiales de inmigraci\u00f3n si verifican tu informaci\u00f3n en cualquier momento.<\/li>\n<li>Verificar tu direcci\u00f3n y otra informaci\u00f3n.<\/li>\n<li>Si pides por m\u00e1s de una carta al a\u00f1o, habr\u00e1 una cuota de $10 por procesar cada carta que solicites.<\/li>\n<\/ol>\n<\/div><\/div><\/div><\/section>\n<section class='av_toggle_section av-wqw5c-eec937dcc196645b68689440a5827c4f'  itemscope=\"itemscope\" itemtype=\"https:\/\/schema.org\/CreativeWork\" ><div role=\"tablist\" class=\"single_toggle\" data-tags=\"{Todo} \"  ><p data-fake-id='#toggle-id-3' class='toggler   '  itemprop=\"headline\"  role='tab' tabindex='0' aria-controls='toggle-id-3'>Si fui estudiante antes y dej\u00e9 el programa, pero me reinscrib\u00ed recientemente, \u00bfpuedo pedir una carta ahora?<span class=\"toggle_icon\"><span class=\"vert_icon\"><\/span><span class=\"hor_icon\"><\/span><\/span><\/p><div id='toggle-id-3' class='toggle_wrap  '  ><div class='toggle_content invers-color '  itemprop=\"text\" ><p>No. Debes cumplir con completar un semestre RECIENTEMENTE y estar inscrito al que viene, as\u00ed es que tendr\u00edas que esperar hasta que el nuevo semestre termine para cumplir con los requisitos. Es por esto que no recomendamos que abandones el programa hasta que obtengas tu diploma. Eso garantiza que siempre est\u00e9s activo en nuestro sistema.<\/p>\n<\/div><\/div><\/div><\/section>\n<section class='av_toggle_section av-f2gvs-e0c5f029aae0fb6cb03ba276220e503d'  itemscope=\"itemscope\" itemtype=\"https:\/\/schema.org\/CreativeWork\" ><div role=\"tablist\" class=\"single_toggle\" data-tags=\"{Todo} \"  ><p data-fake-id='#toggle-id-4' class='toggler   '  itemprop=\"headline\"  role='tab' tabindex='0' aria-controls='toggle-id-4'>Si termino un semestre pero no paso el examen, \u00bfme tomar\u00e1n como completada la clase?<span class=\"toggle_icon\"><span class=\"vert_icon\"><\/span><span class=\"hor_icon\"><\/span><\/span><\/p><div id='toggle-id-4' class='toggle_wrap  '  ><div class='toggle_content invers-color '  itemprop=\"text\" ><p>Consideraremos esfuerzo al tomar ex\u00e1menes y tu participaci\u00f3n en clase, as\u00ed es que pudiera contar.<\/p>\n<\/div><\/div><\/div><\/section>\n<section class='av_toggle_section av-flz1k-ce2f4884d81bc34d9c155c568ee2ef6f'  itemscope=\"itemscope\" itemtype=\"https:\/\/schema.org\/CreativeWork\" ><div role=\"tablist\" class=\"single_toggle\" data-tags=\"{Todo} \"  ><p data-fake-id='#toggle-id-5' class='toggler   '  itemprop=\"headline\"  role='tab' tabindex='0' aria-controls='toggle-id-5'>Si me inscrib\u00ed pero no entr\u00e9 a clases y\/o no hice el material, \u00bfme dan mi carta igual?<span class=\"toggle_icon\"><span class=\"vert_icon\"><\/span><span class=\"hor_icon\"><\/span><\/span><\/p><div id='toggle-id-5' class='toggle_wrap  '  ><div class='toggle_content invers-color '  itemprop=\"text\" ><p>No ser\u00eda justo para los que s\u00ed ponen su tiempo y esfuerzo que di\u00e9ramos una carta a alguien que no cumple con los requerimientos de clase. La respuesta es no.<\/p>\n<\/div><\/div><\/div><\/section>\n<section class='av_toggle_section av-j959k-8fedbcbbebcb182cdda30da5cad8c3d4'  itemscope=\"itemscope\" itemtype=\"https:\/\/schema.org\/CreativeWork\" ><div role=\"tablist\" class=\"single_toggle\" data-tags=\"{Todo} \"  ><p data-fake-id='#toggle-id-6' class='toggler   '  itemprop=\"headline\"  role='tab' tabindex='0' aria-controls='toggle-id-6'>\u00bfPor qu\u00e9 no s\u00f3lo me dan la carta cuando me inscribo?<span class=\"toggle_icon\"><span class=\"vert_icon\"><\/span><span class=\"hor_icon\"><\/span><\/span><\/p><div id='toggle-id-6' class='toggle_wrap  '  ><div class='toggle_content invers-color '  itemprop=\"text\" ><p>Necesitamos mostrar evidencia y probar en cualquier momento que eres un estudiante serio y no alguien que solo se registra para obtener una carta e irse. Es por esto que que nos hemos ganado la validaci\u00f3n y por lo que podemos ayudar a cientos de estudiantes DACA que est\u00e1n haciendo todo bien siguiendo las reglas.<\/p>\n<\/div><\/div><\/div><\/section>\n<section class='av_toggle_section av-g2cjs-8dd5f6b1acdc94c7397e1a4ebf2a6e24'  itemscope=\"itemscope\" itemtype=\"https:\/\/schema.org\/CreativeWork\" ><div role=\"tablist\" class=\"single_toggle\" data-tags=\"{Todo} \"  ><p data-fake-id='#toggle-id-7' class='toggler   '  itemprop=\"headline\"  role='tab' tabindex='0' aria-controls='toggle-id-7'>\u00bfPuedo usar mi recibo de pago como comprobante de inscripci\u00f3n?<span class=\"toggle_icon\"><span class=\"vert_icon\"><\/span><span class=\"hor_icon\"><\/span><\/span><\/p><div id='toggle-id-7' class='toggle_wrap  '  ><div class='toggle_content invers-color '  itemprop=\"text\" ><p>No lo recomendamos, pero revisa con tu abogado de inmigraci\u00f3n. Si no podemos probar que eres un estudiante activo con detalles de fechas que entraste a clase y material que has completado, tu pagar\u00e1s las consecuencias de no esperar hasta tener la carta correcta con toda la documentaci\u00f3n.<\/p>\n<p>Nuestros \u00absemestres\u00bb son ahora m\u00e1s cortos y m\u00e1s frecuentes (primavera, verano, y oto\u00f1o), por lo que recomendamos que apliques a DACA hasta que tengas nuestra carta. Todos tus compa\u00f1eros DACA pasan por el mismo proceso&#8211;haz las cosas bien para que no tengas problemas m\u00e1s adelante.<\/p>\n<\/div><\/div><\/div><\/section>\n<section class='av_toggle_section av-8x5ag-43d6b8233c5a9647e77dcd321dab4530'  itemscope=\"itemscope\" itemtype=\"https:\/\/schema.org\/CreativeWork\" ><div role=\"tablist\" class=\"single_toggle\" data-tags=\"{Todo} \"  ><p data-fake-id='#toggle-id-8' class='toggler   '  itemprop=\"headline\"  role='tab' tabindex='0' aria-controls='toggle-id-8'>Yo cumplo con todos los requisitos. \u00bfPuedo pedir mi carta en cualquier momento?<span class=\"toggle_icon\"><span class=\"vert_icon\"><\/span><span class=\"hor_icon\"><\/span><\/span><\/p><div id='toggle-id-8' class='toggle_wrap  '  ><div class='toggle_content invers-color '  itemprop=\"text\" ><p>\u00a1S\u00ed, en cualquier momento! Te ayudaremos felizmente. Sin embargo, por el alto volumen de cartas solicitadas, las procesaremos a final de cada mes.<\/p>\n<p>*Hay un cargo extra de procesamiento por cada carta que pidas en menos de un a\u00f1o.<\/p>\n<\/div><\/div><\/div><\/section>\n<section class='av_toggle_section av-bnmtc-453a8592bc62d87ecc1d58fb6fbb3560'  itemscope=\"itemscope\" itemtype=\"https:\/\/schema.org\/CreativeWork\" ><div role=\"tablist\" class=\"single_toggle\" data-tags=\"{Todo} \"  ><p data-fake-id='#toggle-id-9' class='toggler   '  itemprop=\"headline\"  role='tab' tabindex='0' aria-controls='toggle-id-9'>\u00bfMi carta dir\u00e1 si abandon\u00e9 el programa y regres\u00e9?<span class=\"toggle_icon\"><span class=\"vert_icon\"><\/span><span class=\"hor_icon\"><\/span><\/span><\/p><div id='toggle-id-9' class='toggle_wrap  '  ><div class='toggle_content invers-color '  itemprop=\"text\" ><p>As\u00ed es. Te conviene tomarte tus estudios seriamente y no irte hasta que te grad\u00faes.<\/p>\n<\/div><\/div><\/div><\/section>\n<section class='av_toggle_section av-yrvk-58a3d54765ec29d0f0d9705dd986660d'  itemscope=\"itemscope\" itemtype=\"https:\/\/schema.org\/CreativeWork\" ><div role=\"tablist\" class=\"single_toggle\" data-tags=\"{Todo} \"  ><p data-fake-id='#toggle-id-10' class='toggler   '  itemprop=\"headline\"  role='tab' tabindex='0' aria-controls='toggle-id-10'>Ya tengo mi diploma GED. \u00bfNecesito una carta?<span class=\"toggle_icon\"><span class=\"vert_icon\"><\/span><span class=\"hor_icon\"><\/span><\/span><\/p><div id='toggle-id-10' class='toggle_wrap  '  ><div class='toggle_content invers-color '  itemprop=\"text\" ><p>No, ya no necesitas nuestra carta ni reinscribirte. Ya que tengas el diploma GED y transcript, manda una copia a tu abogado para que ponga al d\u00eda tus papeles. Podr\u00e1s renovar tu DACA siempre y cuando el programa siga en existencia.<\/p>\n<\/div><\/div><\/div><\/section>\n<\/div><\/p><\/div><section  class='av_textblock_section av-6y6i8-c0ad2e668168439a8c3d85eb8d54aa39 '   itemscope=\"itemscope\" itemtype=\"https:\/\/schema.org\/CreativeWork\" ><div class='avia_textblock'  itemprop=\"text\" ><div  class='hr av-9m0co-d593504d09122e3902ccc6cf9892bd82 hr-default  avia-builder-el-12  avia-builder-el-no-sibling '><span class='hr-inner '><span class=\"hr-inner-style\"><\/span><\/span><\/div>\n<p><span style=\"color: #993300;\"><strong>*S\u00e9 proactivo. Sigue las reglas y recuerda que algunos semestres se llenan r\u00e1pidamente. Si sabes que necesitar\u00e1s una carta para tu proceso de inmigraci\u00f3n, no esperes hasta la \u00faltima semana. Queremos ayudarte, pero debes ser responsable e inscribirte durante el periodo de inscripci\u00f3n. <\/strong><\/span><\/p>\n<\/div><\/section><\/p>\n","protected":false},"excerpt":{"rendered":"","protected":false},"author":1,"featured_media":0,"parent":0,"menu_order":0,"comment_status":"open","ping_status":"closed","template":"","meta":{"footnotes":"","_links_to":"","_links_to_target":""},"class_list":["post-432","page","type-page","status-publish","hentry"],"_links":{"self":[{"href":"https:\/\/centrohispanomarista.org\/es\/wp-json\/wp\/v2\/pages\/432","targetHints":{"allow":["GET"]}}],"collection":[{"href":"https:\/\/centrohispanomarista.org\/es\/wp-json\/wp\/v2\/pages"}],"about":[{"href":"https:\/\/centrohispanomarista.org\/es\/wp-json\/wp\/v2\/types\/page"}],"author":[{"embeddable":true,"href":"https:\/\/centrohispanomarista.org\/es\/wp-json\/wp\/v2\/users\/1"}],"replies":[{"embeddable":true,"href":"https:\/\/centrohispanomarista.org\/es\/wp-json\/wp\/v2\/comments?post=432"}],"version-history":[{"count":36,"href":"https:\/\/centrohispanomarista.org\/es\/wp-json\/wp\/v2\/pages\/432\/revisions"}],"predecessor-version":[{"id":5264,"href":"https:\/\/centrohispanomarista.org\/es\/wp-json\/wp\/v2\/pages\/432\/revisions\/5264"}],"wp:attachment":[{"href":"https:\/\/centrohispanomarista.org\/es\/wp-json\/wp\/v2\/media?parent=432"}],"curies":[{"name":"wp","href":"https:\/\/api.w.org\/{rel}","templated":true}]}}