{"id":430,"date":"2015-05-25T01:15:05","date_gmt":"2015-05-25T01:15:05","guid":{"rendered":"http:\/\/centrohispanomarista.org\/wp\/?page_id=430"},"modified":"2025-08-06T12:23:57","modified_gmt":"2025-08-06T16:23:57","slug":"estudiantes-inscritos","status":"publish","type":"page","link":"https:\/\/centrohispanomarista.org\/es\/estudiantes-inscritos\/","title":{"rendered":"Estudiantes Inscritos"},"content":{"rendered":"<div  class='flex_column av-2lxp2m-585689dc9833a40367dd9abe743e750c av_one_full  avia-builder-el-0  el_before_av_heading  avia-builder-el-first  first flex_column_div  '     ><style type=\"text\/css\" data-created_by=\"avia_inline_auto\" id=\"style-css-av-2con3q-4522072836686fb0545f860059c431d5\">\n.avia-image-container.av-2con3q-4522072836686fb0545f860059c431d5 img.avia_image{\nbox-shadow:none;\n}\n.avia-image-container.av-2con3q-4522072836686fb0545f860059c431d5 .av-image-caption-overlay-center{\ncolor:#ffffff;\n}\n<\/style>\n<div  class='avia-image-container av-2con3q-4522072836686fb0545f860059c431d5 av-styling- avia-align-center  avia-builder-el-1  avia-builder-el-no-sibling '   itemprop=\"image\" itemscope=\"itemscope\" itemtype=\"https:\/\/schema.org\/ImageObject\" ><div class=\"avia-image-container-inner\"><div class=\"avia-image-overlay-wrap\"><img decoding=\"async\" fetchpriority=\"high\" class='wp-image-2827 avia-img-lazy-loading-not-2827 avia_image ' src=\"https:\/\/centrohispanomarista.org\/wp\/wp-content\/uploads\/2015\/05\/CHM-W2-1500x598.jpg\" alt='' title='CHM - W2'  height=\"598\" width=\"1500\"  itemprop=\"thumbnailUrl\" srcset=\"https:\/\/centrohispanomarista.org\/wp\/wp-content\/uploads\/2015\/05\/CHM-W2-1500x598.jpg 1500w, https:\/\/centrohispanomarista.org\/wp\/wp-content\/uploads\/2015\/05\/CHM-W2-300x120.jpg 300w, https:\/\/centrohispanomarista.org\/wp\/wp-content\/uploads\/2015\/05\/CHM-W2-1030x410.jpg 1030w, https:\/\/centrohispanomarista.org\/wp\/wp-content\/uploads\/2015\/05\/CHM-W2-705x281.jpg 705w, https:\/\/centrohispanomarista.org\/wp\/wp-content\/uploads\/2015\/05\/CHM-W2-450x179.jpg 450w\" sizes=\"(max-width: 1500px) 100vw, 1500px\" \/><\/div><\/div><\/div><\/div>\n\n<style type=\"text\/css\" data-created_by=\"avia_inline_auto\" id=\"style-css-av-eanc6-64b926bf8532fd8d73284b8209a53de3\">\n#top .av-special-heading.av-eanc6-64b926bf8532fd8d73284b8209a53de3{\npadding-bottom:10px;\n}\nbody .av-special-heading.av-eanc6-64b926bf8532fd8d73284b8209a53de3 .av-special-heading-tag .heading-char{\nfont-size:25px;\n}\n.av-special-heading.av-eanc6-64b926bf8532fd8d73284b8209a53de3 .av-subheading{\nfont-size:15px;\n}\n<\/style>\n<div  class='av-special-heading av-eanc6-64b926bf8532fd8d73284b8209a53de3 av-special-heading-h5  avia-builder-el-2  el_after_av_one_full  el_before_av_textblock '><h5 class='av-special-heading-tag'  itemprop=\"headline\"  >\u00a1Bienvenidos de vuelta! Por favor, lee cuidadosamente.<\/h5><div class=\"special-heading-border\"><div class=\"special-heading-inner-border\"><\/div><\/div><\/div>\n\n<style type=\"text\/css\" data-created_by=\"avia_inline_auto\" id=\"style-css-av-24zuli-6a2061c60e94ea8319c8abcdf87a5a21\">\n#top .av_textblock_section.av-24zuli-6a2061c60e94ea8319c8abcdf87a5a21 .avia_textblock{\nfont-size:14px;\n}\n<\/style>\n<section  class='av_textblock_section av-24zuli-6a2061c60e94ea8319c8abcdf87a5a21 '   itemscope=\"itemscope\" itemtype=\"https:\/\/schema.org\/CreativeWork\" ><div class='avia_textblock'  itemprop=\"text\" ><p><span style=\"color: #ff0000;\">*Si eres estudiante nuevo a\u00a0nuestro programa,<a style=\"color: #ff0000;\" href=\"http:\/\/centrohispanomarista.org\/wp\/nuevos-estudiantes\/\"> presiona aqu\u00ed para ir a la p\u00e1gina de nuevos estudiantes.\u00a0<\/a><\/span><\/p>\n<\/div><\/section>\n\n<style type=\"text\/css\" data-created_by=\"avia_inline_auto\" id=\"style-css-av-6u01i-9837521d979345578d53a9c78feb2dda\">\n#top .hr.hr-invisible.av-6u01i-9837521d979345578d53a9c78feb2dda{\nheight:15px;\n}\n<\/style>\n<div  class='hr av-6u01i-9837521d979345578d53a9c78feb2dda hr-invisible  avia-builder-el-4  el_after_av_textblock  el_before_av_toggle_container '><span class='hr-inner '><span class=\"hr-inner-style\"><\/span><\/span><\/div>\n<div  class='togglecontainer av-jmjwqa9n-beb43db70e5a2c7a9a5a6b097aa48603  avia-builder-el-5  el_after_av_hr  avia-builder-el-last ' >\n<section class='av_toggle_section av-11m73q-e95c0227cc0a8edde58b3d4780832cdb'  itemscope=\"itemscope\" itemtype=\"https:\/\/schema.org\/CreativeWork\" ><div role=\"tablist\" class=\"single_toggle\" data-tags=\"{Todo} \"  ><p data-fake-id='#toggle-id-1' class='toggler  activeTitle '  itemprop=\"headline\"  role='tab' tabindex='0' aria-controls='toggle-id-1'>REINSCRIPCI\u00d3N<span class=\"toggle_icon\"><span class=\"vert_icon\"><\/span><span class=\"hor_icon\"><\/span><\/span><\/p><div id='toggle-id-1' class='toggle_wrap  active_tc' style='display:block;' ><div class='toggle_content invers-color '  itemprop=\"text\" ><p>\u00a1Bien! \u00a1Sigue adelante con tus estudios! Queremos ayudarte a que alcances tus metas acad\u00e9micas. Todos los estudiantes actualmente activos que desean cursar el pr\u00f3ximo semestre deber\u00e1n reinscribirse para asegurar su lugar y ahorrarse la cuota extra.<\/p>\n<p>Para reinscribirte, recibir\u00e1s un correo con toda la informaci\u00f3n y enlace para pagar conforme se acerque el final de tus clases.<\/p>\n<p>Si abandonaste el programa y deseas volver, \u00a1bienvenido de vuelta! Queremos verte graduado(a). Tenemos inscripciones durante todo el a\u00f1o, asi es que por favor <a href=\"https:\/\/docs.google.com\/forms\/d\/e\/1FAIpQLScHXDayygN3zYdDv641cmRhHDzZb0AZZGfuzJAyH_QBmr_dqA\/viewform\">llena ahora la forma de informaci\u00f3n (haz click aqu\u00ed)<\/a> para recibir la forma de inscripci\u00f3n.<\/p>\n<\/div><\/div><\/div><\/section>\n<section class='av_toggle_section av-9w8em-960185a6999bd484e1a2e3d54a70ac48'  itemscope=\"itemscope\" itemtype=\"https:\/\/schema.org\/CreativeWork\" ><div role=\"tablist\" class=\"single_toggle\" data-tags=\"{Todo} \"  ><p data-fake-id='#toggle-id-2' class='toggler   '  itemprop=\"headline\"  role='tab' tabindex='0' aria-controls='toggle-id-2'>COLEGIATURA Y COSTOS<span class=\"toggle_icon\"><span class=\"vert_icon\"><\/span><span class=\"hor_icon\"><\/span><\/span><\/p><div id='toggle-id-2' class='toggle_wrap  '  ><div class='toggle_content invers-color '  itemprop=\"text\" ><p>La colegiatura por semestre\/sesi\u00f3n es de <strong>$120.<\/strong><\/p>\n<p><span style=\"color: #0000ff;\"><em><span style=\"text-decoration: underline;\">Importante<\/span>:<\/em> Normalmente cobrar\u00edamos <strong>$30<\/strong> a aquellos alumnos que pierdan la reinscripci\u00f3n y \u00a0reingresen al programa fuera de tiempo. Se requieren extra recursos para procesarlos adem\u00e1s de diferenciarlos de los nuevos estudiantes. Si es posible, trataremos de evitar este cargo con donaciones, pero es mejor que te reinscribas a tiempo para evitar cargos extra y ahorres.\u00a0<\/span><\/p>\n<p>La raz\u00f3n por la que podemos ofrecer bajas colegiaturas es por la ayuda de nuestros patrocinadores y donaciones. Por favor recuerda que esto lo hacemos para ayudarte a ser exitoso y que esperamos ayudes de vuelta al Centro para que sigamos educando a m\u00e1s hispanos.<\/p>\n<p>Los libros y materiales no est\u00e1n incluidos en la colegiatura, pero pueden ser adquiridos en el Centro Hispano Marista, al costo. El costo de libros depende de la clase y el formato. Para material en l\u00ednea, el costo es\u00a0<strong>$40 <\/strong>por sesi\u00f3n de clases<\/p>\n<p>Es tu responsabilidad tomar el examen GED\u00ae a trav\u00e9s de un centro oficial del GED\u00ae en Georgia. Te sugerimos que tomes tu prueba inmediatamente despu\u00e9s de pasar tu GED Ready\u00ae. El costo por examen es de\u00a0<strong>$46 ($48 versi\u00f3n en l\u00ednea)<\/strong>.\u00a0<em><strong>Si calificas a la beca HOPE del estado de Georgia, ellos pueden pagar por tus ex\u00e1menes GEDs y GED Readys.<\/strong><\/em>\u00a0Para m\u00e1s informaci\u00f3n y registro, visita www.GED.com. Cuando pases tu examen, por favor av\u00edsanos con copia o foto al\u00a0<a href=\"mailto:ged@marist.com\">ged@marist.com<\/a>\u00a0o con un texto al (770) 742-9090 para poner al d\u00eda tu r\u00e9cord.<\/p>\n<\/div><\/div><\/div><\/section>\n<section class='av_toggle_section av-pv4e6-ccab2c59194196e9822b65d4862b1390'  itemscope=\"itemscope\" itemtype=\"https:\/\/schema.org\/CreativeWork\" ><div role=\"tablist\" class=\"single_toggle\" data-tags=\"{Todo} \"  ><p data-fake-id='#toggle-id-3' class='toggler   '  itemprop=\"headline\"  role='tab' tabindex='0' aria-controls='toggle-id-3'>COMPROMISO Y EXPECTATIVAS<span class=\"toggle_icon\"><span class=\"vert_icon\"><\/span><span class=\"hor_icon\"><\/span><\/span><\/p><div id='toggle-id-3' class='toggle_wrap  '  ><div class='toggle_content invers-color '  itemprop=\"text\" ><p>Sabemos que est\u00e1s ocupado, \u00a1pero tambi\u00e9n queremos que te grad\u00faes! Por favor, revisa nuestras expectativas.<\/p>\n<p>Nuestro programa te ofrece una segunda oportunidad de obtener tu certificado \u00a0equivalente a la educaci\u00f3n preparatoria a trav\u00e9s del examen\u00a0GED\u00ae. Para incrementar tus probabilidades de \u00e9xito, debes comprometerte a atender a todas tus clases de 2 horas a la semana (a tiempo, tu puntualidad cuenta como parte de tu participaci\u00f3n). Tambi\u00e9n, deber\u00e1s trabajar por tu cuenta por al menos<strong> 6+ horas a la semana<\/strong>. Recomendamos a nuestros estudiantes que desarrollen su habilidad de autoestudio y que practiquen conceptos que aprendieron en clase. \u00a1Usa tu verano para avanzar!<\/p>\n<p><span style=\"text-decoration: underline;\">Atender a clases solamente no ser\u00e1 suficiente para pasar el examen GED\u00ae.<\/span><\/p>\n<p>Si faltas sin escusa leg\u00edtima, o no trabajas en tu tarea, o llegas tarde constantemente, arriesgas que te saquemos del programa. Queremos darle la oportunidad a los estudiantes que s\u00ed est\u00e1n comprometidos en graduarse.<\/p>\n<p>Queremos darle la oportunidad a todos los estudiantes potenciales que quieran pasar el GED\u00ae, y por restricciones de capacidad y por respeto a nuestros maestros voluntarios, tenemos que ponerte <strong>un l\u00edmite de tiempo para pasar<\/strong>. Determinamos que debes pasar un m\u00f3dulo en <strong>no m\u00e1s de 3 semestres<\/strong> (aplicamos muy pocas excepciones). Te ofreceremos toda las oportunidades para que pases exitosamente, pero depende de ti poner el esfuerzo. Es por esto que insistimos en la importancia de estudiar por fuera de las clases desde el principio.<\/p>\n<p><strong>Es muy importante que entiendas estos compromisos para seguir en el programa. Sabemos que puedes pasar pero es decisi\u00f3n tuya el modificar tus decisiones y vida para trabajar en tu educaci\u00f3n. Queremos que seas exitoso.<\/strong><\/p>\n<p><span style=\"color: #339966;\">*Si eres un estudiante en proceso de DACA en el Centro Hispano Marista, no querr\u00e1s abandonar nuestro programa. No podemos ni haremos renovaciones de cartas DACA para estudiantes que claudicaron o que sacamos del programa. Pregunta a tu abogado acerca las repercusiones. No querr\u00e1s quedarte fuera.<\/span><\/p>\n<\/div><\/div><\/div><\/section>\n<section class='av_toggle_section av-nn04u-af8e1562ab133eecf03eb3a8940176ad'  itemscope=\"itemscope\" itemtype=\"https:\/\/schema.org\/CreativeWork\" ><div role=\"tablist\" class=\"single_toggle\" data-tags=\"{Todo} \"  ><p data-fake-id='#toggle-id-4' class='toggler   '  itemprop=\"headline\"  role='tab' tabindex='0' aria-controls='toggle-id-4'>RESUMEN DE REGLAS DEL ESTUDIANTE<span class=\"toggle_icon\"><span class=\"vert_icon\"><\/span><span class=\"hor_icon\"><\/span><\/span><\/p><div id='toggle-id-4' class='toggle_wrap  '  ><div class='toggle_content invers-color '  itemprop=\"text\" ><p><strong>Resumen de las Reglas<\/strong><\/p>\n<ul>\n<li style=\"list-style-type: none;\">\n<ul>\n<li style=\"list-style-type: none;\">\n<ul>\n<li style=\"list-style-type: none;\">\n<ul>\n<li style=\"list-style-type: none;\">\n<ul>\n<li>No comida o bebidas en los salones (solo en la cafeter\u00eda)<\/li>\n<\/ul>\n<\/li>\n<\/ul>\n<\/li>\n<\/ul>\n<\/li>\n<\/ul>\n<\/li>\n<\/ul>\n<ul>\n<li style=\"list-style-type: none;\">\n<ul>\n<li style=\"list-style-type: none;\">\n<ul>\n<li style=\"list-style-type: none;\">\n<ul>\n<li style=\"list-style-type: none;\">\n<ul>\n<li>Alcohol, drogas y armas est\u00e1n extrictamente prohibidas<\/li>\n<\/ul>\n<\/li>\n<\/ul>\n<\/li>\n<\/ul>\n<\/li>\n<\/ul>\n<\/li>\n<\/ul>\n<ul>\n<li style=\"list-style-type: none;\">\n<ul>\n<li style=\"list-style-type: none;\">\n<ul>\n<li style=\"list-style-type: none;\">\n<ul>\n<li style=\"list-style-type: none;\">\n<ul>\n<li>No permitimos que traigas ni\u00f1os o acompa\u00f1antes<\/li>\n<\/ul>\n<\/li>\n<\/ul>\n<\/li>\n<\/ul>\n<\/li>\n<\/ul>\n<\/li>\n<\/ul>\n<ul>\n<li style=\"list-style-type: none;\">\n<ul>\n<li style=\"list-style-type: none;\">\n<ul>\n<li style=\"list-style-type: none;\">\n<ul>\n<li style=\"list-style-type: none;\">\n<ul>\n<li>No entres al sal\u00f3n hasta que tu maestro entre<\/li>\n<\/ul>\n<\/li>\n<\/ul>\n<\/li>\n<\/ul>\n<\/li>\n<\/ul>\n<\/li>\n<\/ul>\n<ul>\n<li style=\"list-style-type: none;\">\n<ul>\n<li style=\"list-style-type: none;\">\n<ul>\n<li style=\"list-style-type: none;\">\n<ul>\n<li style=\"list-style-type: none;\">\n<ul>\n<li>Llega a tiempo a clase<\/li>\n<\/ul>\n<\/li>\n<\/ul>\n<\/li>\n<\/ul>\n<\/li>\n<\/ul>\n<\/li>\n<\/ul>\n<ul>\n<li style=\"list-style-type: none;\">\n<ul>\n<li style=\"list-style-type: none;\">\n<ul>\n<li style=\"list-style-type: none;\">\n<ul>\n<li style=\"list-style-type: none;\">\n<ul>\n<li>Entrar al menos al 80% de tus clases<\/li>\n<li>Completar al menos 80% de tu material en l\u00ednea<\/li>\n<\/ul>\n<\/li>\n<\/ul>\n<\/li>\n<\/ul>\n<\/li>\n<\/ul>\n<\/li>\n<\/ul>\n<ul>\n<li style=\"list-style-type: none;\">\n<ul>\n<li style=\"list-style-type: none;\">\n<ul>\n<li style=\"list-style-type: none;\">\n<ul>\n<li style=\"list-style-type: none;\">\n<ul>\n<li>Para clases en l\u00ednea: c\u00e1maras de video deben estar encendidos<\/li>\n<li>Darle al menos 6 horas a la semana a este programa\u2014haz los cambios necesarios a tu rutina para que te grad\u00faes lo antes posible<\/li>\n<\/ul>\n<\/li>\n<\/ul>\n<\/li>\n<\/ul>\n<\/li>\n<\/ul>\n<\/li>\n<\/ul>\n<ul>\n<li style=\"list-style-type: none;\">\n<ul>\n<li style=\"list-style-type: none;\">\n<ul>\n<li style=\"list-style-type: none;\">\n<ul>\n<li style=\"list-style-type: none;\">\n<ul>\n<li>Presenta tus GED oficiales\u2014esos son los que cuentan. Nos deben decir su progreso de ex\u00e1menes GED para actualizar sus datos<\/li>\n<\/ul>\n<\/li>\n<\/ul>\n<\/li>\n<\/ul>\n<\/li>\n<\/ul>\n<\/li>\n<\/ul>\n<ul>\n<li style=\"list-style-type: none;\">\n<ul>\n<li style=\"list-style-type: none;\">\n<ul>\n<li style=\"list-style-type: none;\">\n<ul>\n<li style=\"list-style-type: none;\">\n<ul>\n<li>Las cartas de DACA solo se dar\u00e1n despu\u00e9s de estar en el CHM por <b>una clase completa <\/b>y s\u00f3lo a estudiantes con <strong>estatus activo<\/strong> \u2013 No daremos cartas a aquellos que abandonen o est\u00e9n fuera del programa.<\/li>\n<\/ul>\n<\/li>\n<\/ul>\n<\/li>\n<\/ul>\n<\/li>\n<\/ul>\n<\/li>\n<\/ul>\n<p>Puedes leer m\u00e1s detalles en nuestro <a href=\"https:\/\/goo.gl\/forms\/gQMl62KTT8VWWvAg1\">Manual del Estudiante<\/a>.<\/p>\n<\/div><\/div><\/div><\/section>\n<section class='av_toggle_section av-f9qge-c00876383ddfdf45909b01ed99489b98'  itemscope=\"itemscope\" itemtype=\"https:\/\/schema.org\/CreativeWork\" ><div role=\"tablist\" class=\"single_toggle\" data-tags=\"{Todo} \"  ><p data-fake-id='#toggle-id-5' class='toggler   '  itemprop=\"headline\"  role='tab' tabindex='0' aria-controls='toggle-id-5'>GEDs<span class=\"toggle_icon\"><span class=\"vert_icon\"><\/span><span class=\"hor_icon\"><\/span><\/span><\/p><div id='toggle-id-5' class='toggle_wrap  '  ><div class='toggle_content invers-color '  itemprop=\"text\" ><p>En cuanto presentes un GED Ready o un GED, por favor m\u00e1ndanos inmediatamente una foto donde se vea tu nombre y tu resultado a <a href=\"mailto:centrohispano@marist.com\">centrohispano@marist.com<\/a> o como texto al (770) 742-9090. No importa que no lo pases, necesitamos esa informaci\u00f3n. Es la \u00fanica forma en que podemos saber tu avance y ponerte en la clase indicada.<\/p>\n<p>\u00a1Buena suerte y esperamos tus resultados!<\/p>\n<\/div><\/div><\/div><\/section>\n<section class='av_toggle_section av-b2ucu-9f18078d54c781a0b100845ea09f8b89'  itemscope=\"itemscope\" itemtype=\"https:\/\/schema.org\/CreativeWork\" ><div role=\"tablist\" class=\"single_toggle\" data-tags=\"{Todo} \"  ><p data-fake-id='#toggle-id-6' class='toggler   '  itemprop=\"headline\"  role='tab' tabindex='0' aria-controls='toggle-id-6'>CANDIDATOS A GRADUARSE<span class=\"toggle_icon\"><span class=\"vert_icon\"><\/span><span class=\"hor_icon\"><\/span><\/span><\/p><div id='toggle-id-6' class='toggle_wrap  '  ><div class='toggle_content invers-color '  itemprop=\"text\" ><p>Si eres candidato a graduarte este diciembre, planea tomar tu \u00faltimo examen GED OFICIAL en antes de Thanksgiving (D\u00eda de Acci\u00f3n de Gracias). Recuerda que debes avisarnos antes de diciembre para incluirte en la graduaci\u00f3n y tener tu toga y diploma listos.<\/p>\n<p><strong>\u00a0<\/strong><\/p>\n<\/div><\/div><\/div><\/section>\n<section class='av_toggle_section av-7s1cm-2a63cadd885792b1101ccbf565815e15'  itemscope=\"itemscope\" itemtype=\"https:\/\/schema.org\/CreativeWork\" ><div role=\"tablist\" class=\"single_toggle\" data-tags=\"{Todo} \"  ><p data-fake-id='#toggle-id-7' class='toggler   '  itemprop=\"headline\"  role='tab' tabindex='0' aria-controls='toggle-id-7'>MANUAL DE ESTUDIANTE<span class=\"toggle_icon\"><span class=\"vert_icon\"><\/span><span class=\"hor_icon\"><\/span><\/span><\/p><div id='toggle-id-7' class='toggle_wrap  '  ><div class='toggle_content invers-color '  itemprop=\"text\" ><p>Haz click aqu\u00ed para leer el <a href=\"https:\/\/goo.gl\/forms\/gQMl62KTT8VWWvAg1\">manual del estudiante<\/a>.<\/p>\n<\/div><\/div><\/div><\/section>\n<\/div>\n","protected":false},"excerpt":{"rendered":"","protected":false},"author":1,"featured_media":0,"parent":0,"menu_order":0,"comment_status":"open","ping_status":"closed","template":"","meta":{"footnotes":"","_links_to":"","_links_to_target":""},"class_list":["post-430","page","type-page","status-publish","hentry"],"_links":{"self":[{"href":"https:\/\/centrohispanomarista.org\/es\/wp-json\/wp\/v2\/pages\/430","targetHints":{"allow":["GET"]}}],"collection":[{"href":"https:\/\/centrohispanomarista.org\/es\/wp-json\/wp\/v2\/pages"}],"about":[{"href":"https:\/\/centrohispanomarista.org\/es\/wp-json\/wp\/v2\/types\/page"}],"author":[{"embeddable":true,"href":"https:\/\/centrohispanomarista.org\/es\/wp-json\/wp\/v2\/users\/1"}],"replies":[{"embeddable":true,"href":"https:\/\/centrohispanomarista.org\/es\/wp-json\/wp\/v2\/comments?post=430"}],"version-history":[{"count":75,"href":"https:\/\/centrohispanomarista.org\/es\/wp-json\/wp\/v2\/pages\/430\/revisions"}],"predecessor-version":[{"id":5147,"href":"https:\/\/centrohispanomarista.org\/es\/wp-json\/wp\/v2\/pages\/430\/revisions\/5147"}],"wp:attachment":[{"href":"https:\/\/centrohispanomarista.org\/es\/wp-json\/wp\/v2\/media?parent=430"}],"curies":[{"name":"wp","href":"https:\/\/api.w.org\/{rel}","templated":true}]}}