{"id":423,"date":"2015-05-25T01:09:11","date_gmt":"2015-05-25T01:09:11","guid":{"rendered":"http:\/\/centrohispanomarista.org\/wp\/?page_id=423"},"modified":"2020-06-26T14:04:51","modified_gmt":"2020-06-26T18:04:51","slug":"inicio","status":"publish","type":"page","link":"https:\/\/centrohispanomarista.org\/es\/","title":{"rendered":"Inicio"},"content":{"rendered":"<div id='layer_slider_1'  class='avia-layerslider main_color avia-shadow  avia-builder-el-0  el_before_av_one_fourth  avia-builder-el-first  container_wrap sidebar_right'  style='height: 471px;'  ><\/div><div id='after_layer_slider_1'  class='main_color av_default_container_wrap container_wrap sidebar_right'  ><div class='container av-section-cont-open' ><div class='template-page content  av-content-small alpha units'><div class='post-entry post-entry-type-page post-entry-423'><div class='entry-content-wrapper clearfix'>\n<div  class='flex_column av-3gqnwn-b6f8dbda964602ec929983959c61d6b6 av_one_fourth  avia-builder-el-1  el_after_av_layerslider  el_before_av_one_fourth  avia-builder-el-first  first flex_column_div  '     ><p>\n<style type=\"text\/css\" data-created_by=\"avia_inline_auto\" id=\"style-css-av-36os4n-da7c7f1456c9387f2ed4012f4f980334\">\n.avia-image-container.av-36os4n-da7c7f1456c9387f2ed4012f4f980334 img.avia_image{\nbox-shadow:none;\n}\n.avia-image-container.av-36os4n-da7c7f1456c9387f2ed4012f4f980334 .av-image-caption-overlay-center{\ncolor:#ffffff;\n}\n<\/style>\n<div  class='avia-image-container av-36os4n-da7c7f1456c9387f2ed4012f4f980334 av-styling- avia_animated_image av-animated-when-visible-95 pop-up avia-align-center  avia-builder-el-2  el_before_av_textblock  avia-builder-el-first '   itemprop=\"image\" itemscope=\"itemscope\" itemtype=\"https:\/\/schema.org\/ImageObject\" ><div class=\"avia-image-container-inner\"><div class=\"avia-image-overlay-wrap\"><a href=\"https:\/\/centrohispanomarista.org\/es\/estudiantes\/\" class='avia_image'  aria-label='CHM-9'><img decoding=\"async\" fetchpriority=\"high\" class='wp-image-2822 avia-img-lazy-loading-not-2822 avia_image ' src=\"https:\/\/centrohispanomarista.org\/wp\/wp-content\/uploads\/2015\/05\/CHM-91-300x130.jpg\" alt='' title='CHM-9'  height=\"130\" width=\"300\"  itemprop=\"thumbnailUrl\" srcset=\"https:\/\/centrohispanomarista.org\/wp\/wp-content\/uploads\/2015\/05\/CHM-91-300x130.jpg 300w, https:\/\/centrohispanomarista.org\/wp\/wp-content\/uploads\/2015\/05\/CHM-91-1030x447.jpg 1030w, https:\/\/centrohispanomarista.org\/wp\/wp-content\/uploads\/2015\/05\/CHM-91-1500x651.jpg 1500w, https:\/\/centrohispanomarista.org\/wp\/wp-content\/uploads\/2015\/05\/CHM-91-705x306.jpg 705w, https:\/\/centrohispanomarista.org\/wp\/wp-content\/uploads\/2015\/05\/CHM-91-450x195.jpg 450w\" sizes=\"(max-width: 300px) 100vw, 300px\" \/><\/a><\/div><\/div><\/div><br \/>\n<section  class='av_textblock_section av-342rvb-c106dcd685221598192bc1225aef56e4 '   itemscope=\"itemscope\" itemtype=\"https:\/\/schema.org\/CreativeWork\" ><div class='avia_textblock'  itemprop=\"text\" ><h3 style=\"text-align: center;\"><a href=\"https:\/\/centrohispanomarista.org\/es\/estudiantes\/\">ESTUDIANTES<\/a><\/h3>\n<p style=\"text-align: center;\"><strong><a href=\"https:\/\/centrohispanomarista.org\/es\/estudiantes\/\">INSCR\u00cdBETE Y APRENDE<\/a><\/strong><\/p>\n<p style=\"text-align: center;\">\u00bfEst\u00e1s buscando mejores oportunidades de superaci\u00f3n? Podemos ayudarte a prepararte para tu certificaci\u00f3n del GED\u00ae. Ofrecemos clases en ingl\u00e9s y en espa\u00f1ol.<br \/>\n<a href=\"https:\/\/centrohispanomarista.org\/es\/estudiantes\/\">VER M\u00c1S<\/a><\/p>\n<\/div><\/section><\/p><\/div>\n\n<style type=\"text\/css\" data-created_by=\"avia_inline_auto\" id=\"style-css-av-ak3yv-22844ef80b6503cc4484169ed4ab230c\">\n.flex_column.av-ak3yv-22844ef80b6503cc4484169ed4ab230c{\nborder-radius:0px 0px 0px 0px;\npadding:0px 0px 0px 0px;\n}\n<\/style>\n<div  class='flex_column av-ak3yv-22844ef80b6503cc4484169ed4ab230c av_one_fourth  avia-builder-el-4  el_after_av_one_fourth  el_before_av_one_fourth  flex_column_div av-zero-column-padding  '     ><p>\n<style type=\"text\/css\" data-created_by=\"avia_inline_auto\" id=\"style-css-av-2otzp3-0061015b2af1b7cefe8c6811b735d618\">\n.avia-image-container.av-2otzp3-0061015b2af1b7cefe8c6811b735d618 img.avia_image{\nbox-shadow:none;\n}\n.avia-image-container.av-2otzp3-0061015b2af1b7cefe8c6811b735d618 .av-image-caption-overlay-center{\ncolor:#ffffff;\n}\n<\/style>\n<div  class='avia-image-container av-2otzp3-0061015b2af1b7cefe8c6811b735d618 av-styling- avia-align-center  avia-builder-el-5  el_before_av_textblock  avia-builder-el-first '   itemprop=\"image\" itemscope=\"itemscope\" itemtype=\"https:\/\/schema.org\/ImageObject\" ><div class=\"avia-image-container-inner\"><div class=\"avia-image-overlay-wrap\"><a href=\"https:\/\/centrohispanomarista.org\/es\/voluntarios\/\" class='avia_image'  aria-label='CHM - y'><img decoding=\"async\" fetchpriority=\"high\" class='wp-image-2831 avia-img-lazy-loading-not-2831 avia_image ' src=\"https:\/\/centrohispanomarista.org\/wp\/wp-content\/uploads\/2015\/05\/CHM-y2-300x134.jpg\" alt='' title='CHM - y'  height=\"134\" width=\"300\"  itemprop=\"thumbnailUrl\" srcset=\"https:\/\/centrohispanomarista.org\/wp\/wp-content\/uploads\/2015\/05\/CHM-y2-300x134.jpg 300w, https:\/\/centrohispanomarista.org\/wp\/wp-content\/uploads\/2015\/05\/CHM-y2-1030x461.jpg 1030w, https:\/\/centrohispanomarista.org\/wp\/wp-content\/uploads\/2015\/05\/CHM-y2-1500x671.jpg 1500w, https:\/\/centrohispanomarista.org\/wp\/wp-content\/uploads\/2015\/05\/CHM-y2-705x315.jpg 705w, https:\/\/centrohispanomarista.org\/wp\/wp-content\/uploads\/2015\/05\/CHM-y2-450x201.jpg 450w\" sizes=\"(max-width: 300px) 100vw, 300px\" \/><\/a><\/div><\/div><\/div><br \/>\n<section  class='av_textblock_section av-2kq1b3-ebe6429bf7e2daedf7b455bad460cb55 '   itemscope=\"itemscope\" itemtype=\"https:\/\/schema.org\/CreativeWork\" ><div class='avia_textblock'  itemprop=\"text\" ><h3 style=\"text-align: center;\"><a href=\"http:\/\/centrohispanomarista.org\/wp\/voluntarios\/\">VOLUNTARIOS<\/a><\/h3>\n<p style=\"text-align: center;\"><strong><a href=\"http:\/\/centrohispanomarista.org\/wp\/voluntarios\/\">\u00daNETE Y ENSE\u00d1A<\/a><\/strong><\/p>\n<p style=\"text-align: center;\">Ay\u00fadanos e invol\u00facrate a cumplir nuestra misi\u00f3n. Necesitamos maestros dedicados y comprometidos que busquen hacer la diferencia en nuestra comunidad. Tambi\u00e9n tenemos otras oportunidades para ayudar.<br \/>\n<a href=\"http:\/\/centrohispanomarista.org\/wp\/voluntarios\/\">VER M\u00c1S<\/a><\/p>\n<\/div><\/section><\/p><\/div>\n\n<style type=\"text\/css\" data-created_by=\"avia_inline_auto\" id=\"style-css-av-2cfgun-34a2872dfaba05d52a2f018f13c2f08a\">\n.flex_column.av-2cfgun-34a2872dfaba05d52a2f018f13c2f08a{\nborder-radius:0px 0px 0px 0px;\npadding:0px 0px 0px 0px;\n}\n<\/style>\n<div  class='flex_column av-2cfgun-34a2872dfaba05d52a2f018f13c2f08a av_one_fourth  avia-builder-el-7  el_after_av_one_fourth  el_before_av_one_fourth  flex_column_div av-zero-column-padding  '     ><p>\n<style type=\"text\/css\" data-created_by=\"avia_inline_auto\" id=\"style-css-av-2819mv-f3393f9cb63f038889ba81e1bd6ba7e6\">\n.avia-image-container.av-2819mv-f3393f9cb63f038889ba81e1bd6ba7e6 img.avia_image{\nbox-shadow:none;\n}\n.avia-image-container.av-2819mv-f3393f9cb63f038889ba81e1bd6ba7e6 .av-image-caption-overlay-center{\ncolor:#ffffff;\n}\n<\/style>\n<div  class='avia-image-container av-2819mv-f3393f9cb63f038889ba81e1bd6ba7e6 av-styling- avia-align-center  avia-builder-el-8  el_before_av_textblock  avia-builder-el-first '   itemprop=\"image\" itemscope=\"itemscope\" itemtype=\"https:\/\/schema.org\/ImageObject\" ><div class=\"avia-image-container-inner\"><div class=\"avia-image-overlay-wrap\"><a href=\"https:\/\/centrohispanomarista.org\/es\/patrocinadores\/\" class='avia_image'  aria-label='CHM - ctb-2'><img decoding=\"async\" fetchpriority=\"high\" class='wp-image-2835 avia-img-lazy-loading-not-2835 avia_image ' src=\"https:\/\/centrohispanomarista.org\/wp\/wp-content\/uploads\/2015\/05\/CHM-ctb-21-300x139.jpg\" alt='' title='CHM - ctb-2'  height=\"139\" width=\"300\"  itemprop=\"thumbnailUrl\" srcset=\"https:\/\/centrohispanomarista.org\/wp\/wp-content\/uploads\/2015\/05\/CHM-ctb-21-300x139.jpg 300w, https:\/\/centrohispanomarista.org\/wp\/wp-content\/uploads\/2015\/05\/CHM-ctb-21-705x326.jpg 705w, https:\/\/centrohispanomarista.org\/wp\/wp-content\/uploads\/2015\/05\/CHM-ctb-21-450x208.jpg 450w, https:\/\/centrohispanomarista.org\/wp\/wp-content\/uploads\/2015\/05\/CHM-ctb-21.jpg 985w\" sizes=\"(max-width: 300px) 100vw, 300px\" \/><\/a><\/div><\/div><\/div><br \/>\n<section  class='av_textblock_section av-jubn3t6a-439dbb863b0a8cf820686b807c1c8056 '   itemscope=\"itemscope\" itemtype=\"https:\/\/schema.org\/CreativeWork\" ><div class='avia_textblock'  itemprop=\"text\" ><h3 style=\"text-align: center;\"><a href=\"http:\/\/centrohispanomarista.org\/wp\/patrocinadores\/\">PATROCINADORES<\/a><\/h3>\n<p style=\"text-align: center;\"><strong><a href=\"http:\/\/centrohispanomarista.org\/wp\/patrocinadores\/\">AYUDE A NUESTRO PROGRAMA<\/a><\/strong><\/p>\n<p style=\"text-align: center;\">Ofrecemos educaci\u00f3n\u00a0a bajo costo a m\u00e1s de 400 alumnos cada semestre. Su contribuci\u00f3n financiera har\u00e1 posible que estudiantes reciban una educaci\u00f3n post-secundaria y a ayudar a\u00a0nuestra comunidad. Por favor, considere patrocinarnos.<br \/>\n<a href=\"http:\/\/centrohispanomarista.org\/wp\/patrocinadores\/\">VER M\u00c1S<\/a><\/p>\n<\/div><\/section><\/p><\/div>\n\n<style type=\"text\/css\" data-created_by=\"avia_inline_auto\" id=\"style-css-av-24ep0n-450409b65a60ca091a32510c16fe773e\">\n.flex_column.av-24ep0n-450409b65a60ca091a32510c16fe773e{\nborder-radius:0px 0px 0px 0px;\npadding:0px 0px 0px 0px;\n}\n<\/style>\n<div  class='flex_column av-24ep0n-450409b65a60ca091a32510c16fe773e av_one_fourth  avia-builder-el-10  el_after_av_one_fourth  el_before_av_hr  flex_column_div av-zero-column-padding  '     ><p>\n<style type=\"text\/css\" data-created_by=\"avia_inline_auto\" id=\"style-css-av-1yzaan-69fa61876bfe77e15f37579822b6d9e2\">\n.avia-image-container.av-1yzaan-69fa61876bfe77e15f37579822b6d9e2 img.avia_image{\nbox-shadow:none;\n}\n.avia-image-container.av-1yzaan-69fa61876bfe77e15f37579822b6d9e2 .av-image-caption-overlay-center{\ncolor:#ffffff;\n}\n<\/style>\n<div  class='avia-image-container av-1yzaan-69fa61876bfe77e15f37579822b6d9e2 av-styling- avia-align-center  avia-builder-el-11  el_before_av_textblock  avia-builder-el-first '   itemprop=\"image\" itemscope=\"itemscope\" itemtype=\"https:\/\/schema.org\/ImageObject\" ><div class=\"avia-image-container-inner\"><div class=\"avia-image-overlay-wrap\"><a href=\"https:\/\/centrohispanomarista.org\/es\/ged-espanol\/\" class='avia_image'  aria-label='CentroHispanoMarista2016 (1 of 3)'><img decoding=\"async\" fetchpriority=\"high\" class='wp-image-2956 avia-img-lazy-loading-not-2956 avia_image ' src=\"https:\/\/centrohispanomarista.org\/wp\/wp-content\/uploads\/2015\/05\/CentroHispanoMarista2016-1-of-3-300x143.jpg\" alt='' title='CentroHispanoMarista2016 (1 of 3)'  height=\"143\" width=\"300\"  itemprop=\"thumbnailUrl\" srcset=\"https:\/\/centrohispanomarista.org\/wp\/wp-content\/uploads\/2015\/05\/CentroHispanoMarista2016-1-of-3-300x143.jpg 300w, https:\/\/centrohispanomarista.org\/wp\/wp-content\/uploads\/2015\/05\/CentroHispanoMarista2016-1-of-3-768x365.jpg 768w, https:\/\/centrohispanomarista.org\/wp\/wp-content\/uploads\/2015\/05\/CentroHispanoMarista2016-1-of-3-1030x490.jpg 1030w, https:\/\/centrohispanomarista.org\/wp\/wp-content\/uploads\/2015\/05\/CentroHispanoMarista2016-1-of-3-1500x713.jpg 1500w, https:\/\/centrohispanomarista.org\/wp\/wp-content\/uploads\/2015\/05\/CentroHispanoMarista2016-1-of-3-705x335.jpg 705w, https:\/\/centrohispanomarista.org\/wp\/wp-content\/uploads\/2015\/05\/CentroHispanoMarista2016-1-of-3-450x214.jpg 450w\" sizes=\"(max-width: 300px) 100vw, 300px\" \/><\/a><\/div><\/div><\/div><br \/>\n<section  class='av_textblock_section av-1obazr-d6a9120808e5d5de402539a0d5802278 '   itemscope=\"itemscope\" itemtype=\"https:\/\/schema.org\/CreativeWork\" ><div class='avia_textblock'  itemprop=\"text\" ><h3 style=\"text-align: center;\"><a href=\"http:\/\/centrohispanomarista.org\/wp\/ged-espanol\/\">ACERCA EL\u00a0GED\u00ae<\/a><\/h3>\n<p style=\"text-align: center;\"><a href=\"http:\/\/centrohispanomarista.org\/wp\/ged-espanol\/\"><b>\u00bfQU\u00c9 ES?<\/b><\/a><\/p>\n<p style=\"text-align: center;\">El GED\u00ae (Desarrollo General Educativo por sus siglas en ingl\u00e9s) es un examen con 4 \u00e1reas que ofrece al que lo pasa la certificaci\u00f3n de equivalencia acad\u00e9mica a la educaci\u00f3n preparatoria.<br \/>\n<a href=\"http:\/\/centrohispanomarista.org\/wp\/ged-espanol\/\">VER M\u00c1S<\/a><\/p>\n<\/div><\/section><\/p><\/div>\n<div  class='hr av-1kxxe7-dfa94a47aad9904c136f436d0dfd1d73 hr-default  avia-builder-el-13  el_after_av_one_fourth  el_before_av_one_third '><span class='hr-inner '><span class=\"hr-inner-style\"><\/span><\/span><\/div>\n<div  class='flex_column av-1gzad3-bfe43c687026ac4439ab33cb4ecf785e av_one_third  avia-builder-el-14  el_after_av_hr  el_before_av_one_third  first flex_column_div  '     ><section  class='av_textblock_section av-195ztj-2861a23d297bcc6079a6a7f743a89b01 '   itemscope=\"itemscope\" itemtype=\"https:\/\/schema.org\/CreativeWork\" ><div class='avia_textblock'  itemprop=\"text\" ><header class=\"entry-content-header\">\n<h1 class=\"post-title entry-title\">\u00a1El Centro Hispano Marista da la bienvenida a todos los adultos que quieran estudiar!<\/h1>\n<\/header>\n<div class=\"entry-content\">\n<p>El Centro Hispano Marista da la bienvenida a adultos que buscan superarse. Ofrecemos clases de preparaci\u00f3n en ingl\u00e9s o en espa\u00f1ol de GED\u00ae. Los estudiantes que pasan el examen GED\u00ae (por sus siglas en ingles de Desarrollo General Educativo) obtienen la certificaci\u00f3n de equivalencia acad\u00e9mica a la educaci\u00f3n preparatoria. Esta certificaci\u00f3n les permite ser admitidos a la mayor\u00eda de las universidades y\/o aspirar a mejores trabajos y a una major paga.<\/p>\n<p>Para recibir notificaciones de las siguientes inscripciones, por favor <a href=\"http:\/\/www.centrohispanomarista.org\/info\">llenar la siguiente forma (click aqu\u00ed)<\/a>. Gracias.<\/p>\n<\/div>\n<\/div><\/section><\/div>\n\n<style type=\"text\/css\" data-created_by=\"avia_inline_auto\" id=\"style-css-av-11n6lb-ca90e0292cffb996070a0657e39b59a1\">\n.flex_column.av-11n6lb-ca90e0292cffb996070a0657e39b59a1{\nborder-radius:0px 0px 0px 0px;\npadding:0px 0px 0px 0px;\n}\n<\/style>\n<div  class='flex_column av-11n6lb-ca90e0292cffb996070a0657e39b59a1 av_one_third  avia-builder-el-16  el_after_av_one_third  el_before_av_one_third  flex_column_div av-zero-column-padding  '     ><p><div  class='avia-builder-widget-area clearfix  avia-builder-el-17  el_before_av_font_icon  avia-builder-el-first '><div id=\"avia_fb_likebox-4\" class=\"widget clearfix avia-widget-container avia_fb_likebox avia_no_block_preview\"><div class=\"avia-preview-headline\">Enfold Facebook Likebox<\/div><div class=\"avia-preview-info\">T\u00edtulo: Follow us on Facebook<\/div><div class=\"avia-preview-info\">URL: https:\/\/www.facebook.com\/CentroHispanoMarista\/<\/div><div class=\"avia-preview-in-front\">Content is only rendered in frontend.<\/div><\/div><\/div><br \/>\n\n<style type=\"text\/css\" data-created_by=\"avia_inline_auto\" id=\"style-css-av-onbzz-32b9045e4bd001740e3b0d27f37cad7f\">\n.av_font_icon.av-onbzz-32b9045e4bd001740e3b0d27f37cad7f .av-icon-char{\nfont-size:40px;\nline-height:40px;\nwidth:40px;\n}\n<\/style>\n<span  class='av_font_icon av-onbzz-32b9045e4bd001740e3b0d27f37cad7f avia_animate_when_visible av-icon-style-border avia-icon-pos-center av-no-color avia-icon-animate'><a href='https:\/\/www.facebook.com\/CentroHispanoMarista' target=\"_blank\" rel=\"noopener noreferrer\" class='av-icon-char' aria-hidden='true' data-av_icon='\ue8f5' data-av_iconfont='entypo-fontello'><\/a><span class='av_icon_caption av-special-font'>S\u00edguenos en Facebook!<\/span><\/span><\/p><\/div>\n<style type=\"text\/css\" data-created_by=\"avia_inline_auto\" id=\"style-css-av-n3ubb-e9be5d8f97ee03a33d6d64ecd05b91b3\">\n.flex_column.av-n3ubb-e9be5d8f97ee03a33d6d64ecd05b91b3{\nborder-radius:0px 0px 0px 0px;\npadding:0px 0px 0px 0px;\n}\n<\/style>\n<div  class='flex_column av-n3ubb-e9be5d8f97ee03a33d6d64ecd05b91b3 av_one_third  avia-builder-el-19  el_after_av_one_third  el_before_av_hr  flex_column_div av-zero-column-padding  '     ><div  class='avia-builder-widget-area clearfix  avia-builder-el-20  avia-builder-el-no-sibling '><div id=\"calendar-2\" class=\"widget clearfix widget_calendar\"><h3 class=\"widgettitle\">Calendar<\/h3><div id=\"calendar_wrap\" class=\"calendar_wrap\"><\/div><\/div><\/div><\/div><\/p>\n<div  class='hr av-9xazb-34c09c0bf3d6a8462926b027212bebb8 hr-default  avia-builder-el-21  el_after_av_one_third  avia-builder-el-last '><span class='hr-inner '><span class=\"hr-inner-style\"><\/span><\/span><\/div>\n","protected":false},"excerpt":{"rendered":"","protected":false},"author":1,"featured_media":0,"parent":0,"menu_order":0,"comment_status":"closed","ping_status":"closed","template":"","meta":{"footnotes":"","_links_to":"","_links_to_target":""},"class_list":["post-423","page","type-page","status-publish","hentry"],"_links":{"self":[{"href":"https:\/\/centrohispanomarista.org\/es\/wp-json\/wp\/v2\/pages\/423","targetHints":{"allow":["GET"]}}],"collection":[{"href":"https:\/\/centrohispanomarista.org\/es\/wp-json\/wp\/v2\/pages"}],"about":[{"href":"https:\/\/centrohispanomarista.org\/es\/wp-json\/wp\/v2\/types\/page"}],"author":[{"embeddable":true,"href":"https:\/\/centrohispanomarista.org\/es\/wp-json\/wp\/v2\/users\/1"}],"replies":[{"embeddable":true,"href":"https:\/\/centrohispanomarista.org\/es\/wp-json\/wp\/v2\/comments?post=423"}],"version-history":[{"count":46,"href":"https:\/\/centrohispanomarista.org\/es\/wp-json\/wp\/v2\/pages\/423\/revisions"}],"predecessor-version":[{"id":3990,"href":"https:\/\/centrohispanomarista.org\/es\/wp-json\/wp\/v2\/pages\/423\/revisions\/3990"}],"wp:attachment":[{"href":"https:\/\/centrohispanomarista.org\/es\/wp-json\/wp\/v2\/media?parent=423"}],"curies":[{"name":"wp","href":"https:\/\/api.w.org\/{rel}","templated":true}]}}