{"id":34,"date":"2015-05-12T14:13:58","date_gmt":"2015-05-12T14:13:58","guid":{"rendered":"http:\/\/centrohispanomarista.org\/wp\/?page_id=34"},"modified":"2023-02-01T12:47:11","modified_gmt":"2023-02-01T17:47:11","slug":"quienes-somos","status":"publish","type":"page","link":"https:\/\/centrohispanomarista.org\/es\/quienes-somos\/","title":{"rendered":"Qui\u00e9nes Somos"},"content":{"rendered":"\n<style type=\"text\/css\" data-created_by=\"avia_inline_auto\" id=\"style-css-av-3xfrq-3634c56d183cba04e59e3ddff8520b0e\">\n.avia-image-container.av-3xfrq-3634c56d183cba04e59e3ddff8520b0e img.avia_image{\nbox-shadow:none;\n}\n.avia-image-container.av-3xfrq-3634c56d183cba04e59e3ddff8520b0e .av-image-caption-overlay-center{\ncolor:#ffffff;\n}\n<\/style>\n<div  class='avia-image-container av-3xfrq-3634c56d183cba04e59e3ddff8520b0e av-styling- avia-align-center  avia-builder-el-0  el_before_av_tab_container  avia-builder-el-first '   itemprop=\"image\" itemscope=\"itemscope\" itemtype=\"https:\/\/schema.org\/ImageObject\" ><div class=\"avia-image-container-inner\"><div class=\"avia-image-overlay-wrap\"><img decoding=\"async\" fetchpriority=\"high\" class='wp-image-2814 avia-img-lazy-loading-not-2814 avia_image ' src=\"https:\/\/centrohispanomarista.org\/wp\/wp-content\/uploads\/2015\/05\/about-us-1180x430.png\" alt='' title='about-us'  height=\"430\" width=\"1180\"  itemprop=\"thumbnailUrl\"  \/><\/div><\/div><\/div>\n<div  class='tabcontainer av-jkilxzy3-53cfeba151ab7c31c8367ff362017c19 top_tab  avia-builder-el-1  el_after_av_image  avia-builder-el-last ' role='tablist'>\n<section class='av_tab_section av_tab_section av-341tm-2fd1efda03b01ccc80e2384f1e77b639'  itemscope=\"itemscope\" itemtype=\"https:\/\/schema.org\/CreativeWork\" ><div class='tab active_tab' role='tab' tabindex='0' data-fake-id='#tab-id-1' aria-controls='tab-id-1-content'  itemprop=\"headline\" >NUESTRA MISI\u00d3N<\/div><div id='tab-id-1-content' class='tab_content active_tab_content' aria-hidden=\"false\"><div class='tab_inner_content invers-color'  itemprop=\"text\" ><p>El Centro Hispano Marista es un programa para adultos que abri\u00f3 con la ayuda de la Sociedad de Mar\u00eda en la Escuela Marista (Marist School) en agosto del 2012.<\/p>\n<p>El Centro Marista ofrece preparaci\u00f3n para obtener el diploma de GED para adultos, para que as\u00ed ellos puedan seguir una educaci\u00f3n universitaria, aspirar a mejores trabajos, y asegurar un futuro prometedor para ellos y sus familias.<\/p>\n<p>Un aspecto importante de la misi\u00f3n del Centro Hispano Marista es alcanzar, en el nombre de Jes\u00fas y la espiritualidad de Mar\u00eda, Su Madre, a aquellos que han sido olvidados por la sociedad.<\/p>\n<\/div><\/div><\/section>\n<section class='av_tab_section av_tab_section av-s57y-17bdcb27fc8cd7334c6cac0d29c8af0b'  itemscope=\"itemscope\" itemtype=\"https:\/\/schema.org\/CreativeWork\" ><div class='tab' role='tab' tabindex='0' data-fake-id='#tab-id-2' aria-controls='tab-id-2-content'  itemprop=\"headline\" >NUESTRO CIMIENTO<\/div><div id='tab-id-2-content' class='tab_content' aria-hidden=\"true\"><div class='tab_inner_content invers-color'  itemprop=\"text\" ><p>Desde que la Escuela Marista fue fundada en 1901, la Sociedad de Mar\u00eda ha compartido su misi\u00f3n educativa impartida a miles de estudiantes y sus familias en el \u00e1rea de Atlanta. La Sociedad de Mar\u00eda est\u00e1 inspirada en Mar\u00eda: la Madre de Jes\u00fas y Madre de todos Sus disc\u00edpulos. Inspirados por la misma compasi\u00f3n de Mar\u00eda hacia los pobres, la cual fue demostrada de una forma evidente en su aparici\u00f3n como Nuestra Se\u00f1ora de Guadalupe, los Maristas creen que a trav\u00e9s de la Sociedad que lleva su nombre, Mar\u00eda contin\u00faa su rol maternal con la Iglesia: ense\u00f1\u00e1ndonos la importancia de formar una comunidad que muestra cuidado y preocupaci\u00f3n de unos a otros. En las palabras del Padre Jean-Claude Colin, fundador de la Sociedad de Mar\u00eda, nos inspira a \u201cpensar, juzgar, sentir y actuar como Mar\u00eda en todas las cosas\u201d. Por esta raz\u00f3n, los Maristas creen que el Centro Hispano Marista, no es solamente una necesidad de obra de la Iglesia; es verdaderamente una obra de Mar\u00eda.<\/p>\n<p><img loading=\"lazy\" decoding=\"async\" class=\"aligncenter size-medium wp-image-231\" src=\"http:\/\/centrohispanomarista.org\/wp\/wp-content\/uploads\/2015\/05\/Screen-Shot-2015-05-16-at-9.20.36-PM-300x289.png\" alt=\"CHM Immigrant Logo\" width=\"300\" height=\"289\" srcset=\"https:\/\/centrohispanomarista.org\/wp\/wp-content\/uploads\/2015\/05\/Screen-Shot-2015-05-16-at-9.20.36-PM-300x289.png 300w, https:\/\/centrohispanomarista.org\/wp\/wp-content\/uploads\/2015\/05\/Screen-Shot-2015-05-16-at-9.20.36-PM-36x36.png 36w, https:\/\/centrohispanomarista.org\/wp\/wp-content\/uploads\/2015\/05\/Screen-Shot-2015-05-16-at-9.20.36-PM-450x434.png 450w, https:\/\/centrohispanomarista.org\/wp\/wp-content\/uploads\/2015\/05\/Screen-Shot-2015-05-16-at-9.20.36-PM.png 683w\" sizes=\"auto, (max-width: 300px) 100vw, 300px\" \/><\/p>\n<\/div><\/div><\/section>\n<section class='av_tab_section av_tab_section av-ldlynl2z-77d8203ed8006ac6e32562725b7ebe2d'  itemscope=\"itemscope\" itemtype=\"https:\/\/schema.org\/CreativeWork\" ><div class='tab' role='tab' tabindex='0' data-fake-id='#tab-id-3' aria-controls='tab-id-3-content'  itemprop=\"headline\" >NUESTRA HISTORIA<\/div><div id='tab-id-3-content' class='tab_content' aria-hidden=\"true\"><div class='tab_inner_content invers-color'  itemprop=\"text\" ><p>Al reconocer la gran necesidad de educaci\u00f3n y formaci\u00f3n en la fe de la creciente poblaci\u00f3n de j\u00f3venes adultos Hispanos en Atlanta, la misi\u00f3n de los Maristas se identific\u00f3 claramente con las necesidades de este grupo. Durante el verano del 2011, el Reverendo S.M. de la Sociedad de Mar\u00eda de la Provincia de Estados Unidos, Ted Keating, expres\u00f3 las intenciones de los Hermanos y Padres Maristas de poner a disposici\u00f3n de este grupo los recursos y medios disponibles para promover la educaci\u00f3n de adultos y la formaci\u00f3n de l\u00edderes entre los j\u00f3venes adultos hispanos de la Arquidi\u00f3cesis de Atlanta. La visi\u00f3n del Padre Keating fue que la Escuela Marista conjuntamente con la Parroquia de Nuestra Se\u00f1ora de la Asunci\u00f3n, dirigida por Padres Maristas, enlazaran sus esfuerzos para este fin.<\/p>\n<p>El Padre S.M. Jim Duffy, Pastor de la Iglesias de Nuestra Se\u00f1ora de la Asunci\u00f3n, invit\u00f3 al Instituto Fe y Vida, una organizaci\u00f3n nacional sin fines de lucro l\u00edder en el \u00e1mbito de catecismo para j\u00f3venes y adultos j\u00f3venes en Estados Unidos, a venir a la iglesia y proveer formaci\u00f3n de fe y entrenamiento de liderazgo para Hispanos. Fe y Vida es el l\u00edder en ense\u00f1ar la Biblia a j\u00f3venes latinos de las Am\u00e9ricas para formar a hispanos j\u00f3venes en catequistas efectivos y l\u00edderes pastorales en sus comunidades hispanas. Para m\u00e1s informaci\u00f3n acerca Fe y Vida, visita <a href=\"http:\/\/www.feyvida.org\" target=\"_blank\" rel=\"noopener\">wwwfeyvida.org<\/a>. Para saber c\u00f3mo participar en las clases de Fe y Vida en la Iglesia de Nuestra Se\u00f1ora de la Asunci\u00f3n (Our Lady of the Assumpiton Catholic Church), contacta al Di\u00e1cono Edward Patterson, al 404-277-0616, email: <a href=\"mailto:edwardmpatterson@bellsouth.net\" target=\"_blank\" rel=\"noopener\">edwardmpatterson@bellsouth.net<\/a>.<\/p>\n<p>El Padre John Harhager, S.M. Presidente de la Escuela Marista en ese entonces, estuvo a cargo de supervisar el Programa en Marist School. El Padre Bill Rowland, S.M. fue delegado como representante del Padre Harhager para ayudar a coordinar la respuesta de la Escuela Marista ante esta necesidad. Padre de ex alumnos Maristas, Salvador y Mary Ann Arias, junto con el Padre Charles Girard, S.M., quien sirve a la Comunidad Hispana de la Parroquia de Nuestra Se\u00f1ora de la Asunci\u00f3n y Carlos Vizca\u00edno, quien est\u00e1 a cargo del Programa de Servicio a la Comunidad Hispana de Nuestra Se\u00f1ora de la Asunci\u00f3n, trabajaron conjuntamente para determinar la mejor forma de utilizar los diversos recursos que se pusieron a disposici\u00f3n del Programa.<\/p>\n<p>En mayo del 2015, el Sr. Vizcaino y los Sres. Arias se retiraron. La Dr. Leticia Valencia fue nombrada directora del programa. La Sra. Cecilia Phillips y la Srita. Megan Mavity se unieron al equipo. En el 2016, la Sra. Vicky Gastaldi se uni\u00f3 al equipo cuando la Srita. Mavity fue aceptada en el programa de maestr\u00eda. En Octubre 2021, la Sra. Marisol Zacarias tom\u00f3 el lugar de la Sra. Vicky Gastaldi, y se fue en enero del 2023.<\/p>\n<p>\n<style type=\"text\/css\" data-created_by=\"avia_inline_auto\" id=\"style-css-av-65h6-91dcfd14fed70e23cd5a760b2fa3909b\">\n#top .hr.hr-invisible.av-65h6-91dcfd14fed70e23cd5a760b2fa3909b{\nheight:15px;\n}\n<\/style>\n<div  class='hr av-65h6-91dcfd14fed70e23cd5a760b2fa3909b hr-invisible  avia-builder-el-2  avia-builder-el-no-sibling '><span class='hr-inner '><span class=\"hr-inner-style\"><\/span><\/span><\/div><br \/>\n<div id=\"attachment_41\" style=\"width: 599px\" class=\"wp-caption aligncenter\"><a href=\"http:\/\/centrohispanomarista.org\/wp\/wp-content\/uploads\/2015\/05\/team.png\"><img loading=\"lazy\" decoding=\"async\" aria-describedby=\"caption-attachment-41\" class=\"size-full wp-image-41\" src=\"http:\/\/centrohispanomarista.org\/wp\/wp-content\/uploads\/2015\/05\/team.png\" alt=\"Carlos Vizcaino, Fr. John Harhager, Salvador Arias, and Fr. Bill Rowland\" width=\"589\" height=\"403\" srcset=\"https:\/\/centrohispanomarista.org\/wp\/wp-content\/uploads\/2015\/05\/team.png 589w, https:\/\/centrohispanomarista.org\/wp\/wp-content\/uploads\/2015\/05\/team-300x205.png 300w, https:\/\/centrohispanomarista.org\/wp\/wp-content\/uploads\/2015\/05\/team-450x308.png 450w\" sizes=\"auto, (max-width: 589px) 100vw, 589px\" \/><\/a><p id=\"caption-attachment-41\" class=\"wp-caption-text\">Carlos Vizcaino, Pr. John Harhager, Salvador Arias, y\u00a0Pr. Bill Rowland<\/p><\/div><\/p>\n<\/div><\/div><\/section>\n<section class='av_tab_section av_tab_section av-ldlynwcu-b6e8d8e12512ec82404250e6f32f85b5'  itemscope=\"itemscope\" itemtype=\"https:\/\/schema.org\/CreativeWork\" ><div class='tab' role='tab' tabindex='0' data-fake-id='#tab-id-4' aria-controls='tab-id-4-content'  itemprop=\"headline\" >EQUIPO DIRECTIVO<\/div><div id='tab-id-4-content' class='tab_content' aria-hidden=\"true\"><div class='tab_inner_content invers-color'  itemprop=\"text\" ><p>Fr. Bill Rowland, S.M., Presidente de Marist School y Centro Hispano Marista<\/p>\n<p>Dra. Leticia Valencia, Directora del Programa<\/p>\n<p>Sra. Cecilia Phillips, Registro y Difusi\u00f3n<\/p>\n<p><em>*Fr. John Harhager, S.M. fue nombrado Vicario General para la Sociedad de Mar\u00eda en el 2017<\/em><\/p>\n<\/div><\/div><\/section>\n<\/div>\n","protected":false},"excerpt":{"rendered":"","protected":false},"author":1,"featured_media":0,"parent":0,"menu_order":0,"comment_status":"closed","ping_status":"closed","template":"","meta":{"footnotes":"","_links_to":"","_links_to_target":""},"class_list":["post-34","page","type-page","status-publish","hentry"],"_links":{"self":[{"href":"https:\/\/centrohispanomarista.org\/es\/wp-json\/wp\/v2\/pages\/34","targetHints":{"allow":["GET"]}}],"collection":[{"href":"https:\/\/centrohispanomarista.org\/es\/wp-json\/wp\/v2\/pages"}],"about":[{"href":"https:\/\/centrohispanomarista.org\/es\/wp-json\/wp\/v2\/types\/page"}],"author":[{"embeddable":true,"href":"https:\/\/centrohispanomarista.org\/es\/wp-json\/wp\/v2\/users\/1"}],"replies":[{"embeddable":true,"href":"https:\/\/centrohispanomarista.org\/es\/wp-json\/wp\/v2\/comments?post=34"}],"version-history":[{"count":42,"href":"https:\/\/centrohispanomarista.org\/es\/wp-json\/wp\/v2\/pages\/34\/revisions"}],"predecessor-version":[{"id":4666,"href":"https:\/\/centrohispanomarista.org\/es\/wp-json\/wp\/v2\/pages\/34\/revisions\/4666"}],"wp:attachment":[{"href":"https:\/\/centrohispanomarista.org\/es\/wp-json\/wp\/v2\/media?parent=34"}],"curies":[{"name":"wp","href":"https:\/\/api.w.org\/{rel}","templated":true}]}}