{"id":2593,"date":"2017-12-02T00:28:18","date_gmt":"2017-12-02T05:28:18","guid":{"rendered":"http:\/\/centrohispanomarista.org\/jobsempleos\/"},"modified":"2025-12-04T07:57:55","modified_gmt":"2025-12-04T12:57:55","slug":"jobsempleos","status":"publish","type":"page","link":"https:\/\/centrohispanomarista.org\/es\/jobsempleos\/","title":{"rendered":"Jobs\/Empleos"},"content":{"rendered":"<section  class='av_textblock_section av-2n4p18-8cbc5b84fd9c599fdfce1632d8398b01 '   itemscope=\"itemscope\" itemtype=\"https:\/\/schema.org\/CreativeWork\" ><div class='avia_textblock'  itemprop=\"text\" ><ul>\n<li>We created this page for our students. We try to post only jobs and services from sources we know and trust, but always\u00a0be diligent and make sure these are serious jobs.<em>Esta p\u00e1gina la creamos para estudiantes del Centro.\u00a0 Trataremos de poner solo empleos y servicios de fuentes que conocemos y confiamos, pero no est\u00e1 por dem\u00e1s pedirles que por favor sean diligentes y asegurense que son trabajos serios.<\/em>Good luck and tell them you heard from them at Centro! &#8211;\u00a0<em> \u00a1Suerte y digan que vienen del Centro!\u00a0<\/em><\/li>\n<li><\/li>\n<li><strong>Jobs\/Trabajos:<\/strong>\n<ul>\n<li><\/li>\n<\/ul>\n<p><strong>Services offered by our grads or students\/Servicios que ofrecen nuestros graduados o estudiantes:<\/strong><\/p>\n<ul>\n<li><strong>OMAR GARCIA.\u00a0<\/strong>Realtor. Coldwell Banker Realty. 404-380-3759. Email omar.garcia@cbrealty.com. Habla espa\u00f1ol por si quieres comprar o vender tu casa.<\/li>\n<li><strong>MARIA LEDEZMA<\/strong>.\u00a0 Herbalife Nutrition. Lunes mi\u00e9rcoles y viernes 1 hora de ejercicio y doy protein shake al terminar la clase para recuperaci\u00f3n de m\u00fasculo. marialed123@yahoo.com https:\/\/lupitainspirehl24.goherbalife.com<\/li>\n<li><strong>ADAN BAUTISTA<\/strong>. Makeup and image consultant. Helping individuals and companies for image design, TV commercials, corporate image, and public figures appearances, etc. For more information, go to\u00a0<a href=\"http:\/\/adanbautista.com\/\">http:\/\/adanbautista.com<\/a><\/li>\n<li><strong>GALEANA TREE SERVICE.<\/strong> Tree removal, tree trimming, storm damage, stump grinding, gutter cleaning. Great rates-package deals. Fully Insured and bonded. Free estimates 770-231-0403. <a href=\"mailto:b.galeana-treeservice@hotmail.com\">b.galeana-treeservice@hotmail.com<\/a><\/li>\n<\/ul>\n<\/li>\n<\/ul>\n<\/div><\/section>\n","protected":false},"excerpt":{"rendered":"","protected":false},"author":1,"featured_media":0,"parent":0,"menu_order":0,"comment_status":"closed","ping_status":"closed","template":"","meta":{"footnotes":"","_links_to":"","_links_to_target":""},"class_list":["post-2593","page","type-page","status-publish","hentry"],"_links":{"self":[{"href":"https:\/\/centrohispanomarista.org\/es\/wp-json\/wp\/v2\/pages\/2593","targetHints":{"allow":["GET"]}}],"collection":[{"href":"https:\/\/centrohispanomarista.org\/es\/wp-json\/wp\/v2\/pages"}],"about":[{"href":"https:\/\/centrohispanomarista.org\/es\/wp-json\/wp\/v2\/types\/page"}],"author":[{"embeddable":true,"href":"https:\/\/centrohispanomarista.org\/es\/wp-json\/wp\/v2\/users\/1"}],"replies":[{"embeddable":true,"href":"https:\/\/centrohispanomarista.org\/es\/wp-json\/wp\/v2\/comments?post=2593"}],"version-history":[{"count":19,"href":"https:\/\/centrohispanomarista.org\/es\/wp-json\/wp\/v2\/pages\/2593\/revisions"}],"predecessor-version":[{"id":5243,"href":"https:\/\/centrohispanomarista.org\/es\/wp-json\/wp\/v2\/pages\/2593\/revisions\/5243"}],"wp:attachment":[{"href":"https:\/\/centrohispanomarista.org\/es\/wp-json\/wp\/v2\/media?parent=2593"}],"curies":[{"name":"wp","href":"https:\/\/api.w.org\/{rel}","templated":true}]}}