{"id":2548,"date":"2017-11-09T21:28:57","date_gmt":"2017-11-10T02:28:57","guid":{"rendered":"http:\/\/centrohispanomarista.org\/donate\/"},"modified":"2025-02-06T20:28:55","modified_gmt":"2025-02-07T01:28:55","slug":"dona","status":"publish","type":"page","link":"https:\/\/centrohispanomarista.org\/es\/dona\/","title":{"rendered":"Haz una donaci\u00f3n"},"content":{"rendered":"\n<style type=\"text\/css\" data-created_by=\"avia_inline_auto\" id=\"style-css-av-av_image-d6e446f94bf7ebfb45d779444021fe6e\">\n.avia-image-container.av-av_image-d6e446f94bf7ebfb45d779444021fe6e img.avia_image{\nbox-shadow:none;\n}\n.avia-image-container.av-av_image-d6e446f94bf7ebfb45d779444021fe6e .av-image-caption-overlay-center{\ncolor:#ffffff;\n}\n<\/style>\n<div  class='avia-image-container av-av_image-d6e446f94bf7ebfb45d779444021fe6e av-styling- avia-align-center  avia-builder-el-0  el_before_av_textblock  avia-builder-el-first '   itemprop=\"image\" itemscope=\"itemscope\" itemtype=\"https:\/\/schema.org\/ImageObject\" ><div class=\"avia-image-container-inner\"><div class=\"avia-image-overlay-wrap\"><img decoding=\"async\" fetchpriority=\"high\" class='wp-image-2957 avia-img-lazy-loading-not-2957 avia_image ' src=\"https:\/\/centrohispanomarista.org\/wp\/wp-content\/uploads\/2017\/04\/Layer4-1-of-1-1500x430.jpg\" alt='' title='Layer4 (1 of 1)'  height=\"430\" width=\"1500\"  itemprop=\"thumbnailUrl\"  \/><\/div><\/div><\/div>\n<section  class='av_textblock_section av-m6u38ofg-6495187f37f35aab8f4be23084ae1f13 '   itemscope=\"itemscope\" itemtype=\"https:\/\/schema.org\/CreativeWork\" ><div class='avia_textblock'  itemprop=\"text\" ><p>Hagamos justos la diferencia en nuestra comunidad a trav\u00e9s de la educaci\u00f3n. Cada donaci\u00f3n cuenta sin importar el monto. Todas las donaciones son deducibles de impuestos. \u00a1Gracias!<\/p>\n<form action=\"https:\/\/www.paypal.com\/cgi-bin\/webscr\" method=\"post\" target=\"_top\"><input name=\"cmd\" type=\"hidden\" value=\"_s-xclick\" \/><\/p>\n<p><input name=\"hosted_button_id\" type=\"hidden\" value=\"MFNPGXDFBM3A8\" \/><br \/>\n<input alt=\"PayPal - The safer, easier way to pay online!\" name=\"submit\" src=\"https:\/\/www.paypalobjects.com\/en_US\/i\/btn\/btn_donateCC_LG.gif\" type=\"image\" \/><br \/>\n<img loading=\"lazy\" decoding=\"async\" class=\"aligncenter\" src=\"https:\/\/www.paypalobjects.com\/en_US\/i\/scr\/pixel.gif\" alt=\"\" width=\"1\" height=\"1\" border=\"0\" \/><\/p>\n<\/form>\n<\/div><\/section>\n<div  class='hr av-av_hr-0ff602b3e980a3377077ff3c1c834df6 hr-default  avia-builder-el-2  el_after_av_textblock  avia-builder-el-last '><span class='hr-inner '><span class=\"hr-inner-style\"><\/span><\/span><\/div>\n","protected":false},"excerpt":{"rendered":"","protected":false},"author":1,"featured_media":0,"parent":0,"menu_order":0,"comment_status":"closed","ping_status":"closed","template":"","meta":{"footnotes":"","_links_to":"","_links_to_target":""},"class_list":["post-2548","page","type-page","status-publish","hentry"],"_links":{"self":[{"href":"https:\/\/centrohispanomarista.org\/es\/wp-json\/wp\/v2\/pages\/2548","targetHints":{"allow":["GET"]}}],"collection":[{"href":"https:\/\/centrohispanomarista.org\/es\/wp-json\/wp\/v2\/pages"}],"about":[{"href":"https:\/\/centrohispanomarista.org\/es\/wp-json\/wp\/v2\/types\/page"}],"author":[{"embeddable":true,"href":"https:\/\/centrohispanomarista.org\/es\/wp-json\/wp\/v2\/users\/1"}],"replies":[{"embeddable":true,"href":"https:\/\/centrohispanomarista.org\/es\/wp-json\/wp\/v2\/comments?post=2548"}],"version-history":[{"count":4,"href":"https:\/\/centrohispanomarista.org\/es\/wp-json\/wp\/v2\/pages\/2548\/revisions"}],"predecessor-version":[{"id":5075,"href":"https:\/\/centrohispanomarista.org\/es\/wp-json\/wp\/v2\/pages\/2548\/revisions\/5075"}],"wp:attachment":[{"href":"https:\/\/centrohispanomarista.org\/es\/wp-json\/wp\/v2\/media?parent=2548"}],"curies":[{"name":"wp","href":"https:\/\/api.w.org\/{rel}","templated":true}]}}